{"id":43030,"date":"2026-04-09T22:20:31","date_gmt":"2026-04-09T22:20:31","guid":{"rendered":"https:\/\/loosen.lt\/?post_type=product&#038;p=43030"},"modified":"2026-04-10T12:12:21","modified_gmt":"2026-04-10T12:12:21","slug":"ostrovit-ubichinon-q10-100-60-kapsuliu","status":"publish","type":"product","link":"https:\/\/loosen.lt\/lv\/produkts\/ostrovit-ubichinon-q10-100-60-kapsuliu\/","title":{"rendered":"OstroVit Ubichinon Q10 100 \u2013 60 kapsuli\u0173"},"content":{"rendered":"<div><strong>Sudedamosios dalys<\/strong>: soj\u0173 aliejus, ubichinonas (kofermentas Q10), emulsiklis \u2013 soj\u0173 lecitinas, \u017eelatina, dr\u0117gm\u0119 i\u0161laikanti med\u017eiaga glicerolis, da\u017eiklis \u2013 raudonasis gele\u017eies oksidas, i\u0161grynintas vanduo.<\/div>\n<div><\/div>\n<div><strong>Alergenai<\/strong>: gali tur\u0117ti p\u0117dsak\u0173 pieno (\u012fskaitant laktoz\u0119), soj\u0173, \u017eem\u0117s rie\u0161ut\u0173, kit\u0173 rie\u0161ut\u0173, sezamo s\u0117kl\u0173, glitimo turin\u010di\u0173 gr\u016bd\u0173, kiau\u0161ini\u0173, v\u0117\u017eiagyvi\u0173 ir \u017euvies.<\/div>\n<div><\/div>\n<div>\n<table>\n<tbody>\n<tr>\n<td width=\"214\">Maistin\u0117 vert\u0117<\/td>\n<td width=\"214\">Vienoje porcijoje<\/td>\n<\/tr>\n<tr>\n<td width=\"214\">Kofermentas Q10<\/td>\n<td width=\"214\">100mg<\/td>\n<\/tr>\n<\/tbody>\n<\/table>\n<\/div>\n<div><\/div>\n<div><\/div>\n<div><strong>Vartojimas<\/strong>: rekomenduojama suvartoti 1 kapsul\u0119 per par\u0105. Papild\u0105 patartina vartoti po valgio, u\u017esigeriant pakankamu kiekiu vandens.<\/div>\n<div><\/div>\n<div><strong>Laikymo s\u0105lygos:<\/strong><\/div>\n<div><\/div>\n<div>Laikyti v\u0117sioje, sausoje vietoje. Laikyti vaikams nepasiekiamoje vietoje.<\/div>\n<div>Gamintojas: Fitness Trading, Robert Szulborski, ul. Sitarska 16, 18-300 Zambr\u00f3w, Lenkija.<\/div>\n<div>Grynas kiekis: 60 kapsuli\u0173 (30 g).<\/div>\n<div>Geriausias iki (termino pabaigos): geriausias vartoti iki termino, nurodyto ant pakuot\u0117s \u0161ono, vir\u0161aus arba jos apa\u010dioje.<\/div>\n<div>Partija: \u017er. ant pakuot\u0117s.<\/div>\n<div><\/div>\n<div><strong>\u012esp\u0117jimas:<\/strong><\/div>\n<div><\/div>\n<div>Maisto papildas n\u0117ra maisto pakaitalas. Svarbu \u012fvairi ir subalansuota mityba bei sveikas gyvenimo b\u016bdas. Jeigu esate n\u0117\u0161\u010dia, maitinate kr\u016btimi ar vartojate kitus vaistus, prie\u0161 vartojim\u0105 pasitarkite su gydytoju ar vaistininku. Nevir\u0161ykite nustatytos rekomenduojamos doz\u0117s.<\/div>\n","protected":false},"excerpt":{"rendered":"<div>OstroVit Ubichinon Q10 100\u201c \u2013 tai kapsuli\u0173 formos maisto papildas, kuriame yra kofermento Q10 \u2013 med\u017eiagos<\/div>\n<div><\/div>\n<div><strong>Pagrindin\u0117s savyb\u0117s:<\/strong><\/div>\n<div><\/div>\n<ul>\n<li>Dalyvauja l\u0105steli\u0173 energijos (ATP) gamybos procesuose mitochondrijose<\/li>\n<li>Veikia kaip antioksidantas ir palaiko l\u0105steles nuo oksidacinio streso<\/li>\n<li>Prisideda prie normalios \u0161irdies ir kraujagysli\u0173 sistemos funkcijos palaikymo<\/li>\n<li>Organizme nat\u016braliai randama med\u017eiaga, kurios kiekis su am\u017eiumi gali ma\u017e\u0117ti<\/li>\n<li>Gali pad\u0117ti palaikyti fizin\u012f darbingum\u0105 ir energijos lyg\u012f<\/li>\n<\/ul>\n","protected":false},"featured_media":43031,"comment_status":"open","ping_status":"closed","template":"","meta":{"inline_featured_image":false},"product_brand":[],"product_cat":[159,115,119],"product_tag":[],"class_list":{"0":"post-43030","1":"product","2":"type-product","3":"status-publish","4":"has-post-thumbnail","6":"product_cat-akcijos","7":"product_cat-sirdziai-ir-kraujotakai","8":"product_cat-energijai","10":"first","11":"instock","12":"sale","13":"shipping-taxable","14":"purchasable","15":"product-type-simple"},"_links":{"self":[{"href":"https:\/\/loosen.lt\/lv\/wp-json\/wp\/v2\/product\/43030","targetHints":{"allow":["GET"]}}],"collection":[{"href":"https:\/\/loosen.lt\/lv\/wp-json\/wp\/v2\/product"}],"about":[{"href":"https:\/\/loosen.lt\/lv\/wp-json\/wp\/v2\/types\/product"}],"replies":[{"embeddable":true,"href":"https:\/\/loosen.lt\/lv\/wp-json\/wp\/v2\/comments?post=43030"}],"wp:featuredmedia":[{"embeddable":true,"href":"https:\/\/loosen.lt\/lv\/wp-json\/wp\/v2\/media\/43031"}],"wp:attachment":[{"href":"https:\/\/loosen.lt\/lv\/wp-json\/wp\/v2\/media?parent=43030"}],"wp:term":[{"taxonomy":"product_brand","embeddable":true,"href":"https:\/\/loosen.lt\/lv\/wp-json\/wp\/v2\/product_brand?post=43030"},{"taxonomy":"product_cat","embeddable":true,"href":"https:\/\/loosen.lt\/lv\/wp-json\/wp\/v2\/product_cat?post=43030"},{"taxonomy":"product_tag","embeddable":true,"href":"https:\/\/loosen.lt\/lv\/wp-json\/wp\/v2\/product_tag?post=43030"}],"curies":[{"name":"wp","href":"https:\/\/api.w.org\/{rel}","templated":true}]}}