{"id":43034,"date":"2026-04-09T22:26:53","date_gmt":"2026-04-09T22:26:53","guid":{"rendered":"https:\/\/loosen.lt\/?post_type=product&#038;p=43034"},"modified":"2026-04-10T12:22:09","modified_gmt":"2026-04-10T12:22:09","slug":"ostrovit-potassium-citrate-200g","status":"publish","type":"product","link":"https:\/\/loosen.lt\/lv\/produkts\/ostrovit-potassium-citrate-200g\/","title":{"rendered":"OstroVit Potassium Citrate \u2013 200g"},"content":{"rendered":"<div><strong>Sudedamosios dalys:<\/strong> kalio citratas (kalio \u0161altinis), r\u016bg\u0161tingum\u0105 reguliuojanti med\u017eiaga \u2013 citrin\u0173 r\u016bg\u0161tis, kvapiosios med\u017eiagos, saldikliai: sukraloz\u0117 ir acesulfamas K.<\/div>\n<div><strong>Alergenai:<\/strong> gali tur\u0117ti p\u0117dsak\u0173 pieno (\u012fskaitant laktoz\u0119), soj\u0173, \u017eem\u0117s rie\u0161ut\u0173, kit\u0173 rie\u0161ut\u0173, sezamo s\u0117kl\u0173, glitimo turin\u010di\u0173 gr\u016bd\u0173, kiau\u0161ini\u0173, v\u0117\u017eiagyvi\u0173 ir \u017euvies.<\/div>\n<div>\n<table>\n<tbody>\n<tr>\n<td width=\"214\">Maistin\u0117 vert\u0117<\/td>\n<td width=\"214\">1 porcijoje \u2013 1,55 g<\/td>\n<\/tr>\n<tr>\n<td width=\"214\">Kalios citratas<\/td>\n<td width=\"214\">910mg<\/td>\n<\/tr>\n<tr>\n<td width=\"214\">i\u0161 kurio kalio<\/td>\n<td width=\"214\">303 mg (15%*)<\/td>\n<\/tr>\n<tr>\n<td width=\"214\">*Referencin\u0117 maistin\u0117 vert\u0117<\/td>\n<td width=\"214\"><\/td>\n<\/tr>\n<\/tbody>\n<\/table>\n<\/div>\n<div><\/div>\n<div><\/div>\n<div><strong>Vartojimas:<\/strong> i\u0161tirpinkite vien\u0105 porcij\u0105 (1,55 g \u2013 2 pilnus matavimo ka\u0161elius) 100\u2013150 ml vandens arba sul\u010di\u0173. Vartokite po vien\u0105 porcij\u0105 per dien\u0105, naudodami pakuot\u0117je esan\u010di\u0105 matavimo taurel\u0119 (0,5 ml).<\/div>\n<div><\/div>\n<div><strong>Laikymo s\u0105lygos:<\/strong><\/div>\n<div><\/div>\n<div>Laikyti v\u0117sioje, sausoje vietoje. Laikyti vaikams nepasiekiamoje vietoje.<\/div>\n<div>Gamintojas: Fitness Trading, Robert Szulborski, ul. Sitarska 16, 18-300 Zambr\u00f3w, Lenkija.<\/div>\n<div>Grynas kiekis: 200 g (129 porcijos).<\/div>\n<div>Geriausias iki (termino pabaigos): geriausias vartoti iki termino, nurodyto ant pakuot\u0117s \u0161ono, vir\u0161aus arba jos apa\u010dioje.<\/div>\n<div>Partija: \u017er. ant pakuot\u0117s.<\/div>\n<div><\/div>\n<div><strong>\u012esp\u0117jimas:<\/strong><\/div>\n<div><\/div>\n<div>Maisto papildas n\u0117ra maisto pakaitalas. Svarbu \u012fvairi ir subalansuota mityba bei sveikas gyvenimo b\u016bdas. Jeigu esate n\u0117\u0161\u010dia, maitinate kr\u016btimi ar vartojate kitus vaistus, prie\u0161 vartojim\u0105 pasitarkite su gydytoju ar vaistininku. Nevir\u0161ykite nustatytos rekomenduojamos doz\u0117s.<\/div>\n","protected":false},"excerpt":{"rendered":"<div>OstroVit Potassium Citrate 200 g \u2013 kalio citrato milteliai su saldikliais, citrin\u0173 ir laim\u0173 skonio<\/div>\n<div><\/div>\n<div><strong>Pagrindin\u0117s savyb\u0117s:<\/strong><\/div>\n<div><\/div>\n<ul>\n<li>Padeda palaikyti normali\u0105 nerv\u0173 sistemos veikl\u0105<\/li>\n<li>Prisideda prie normalios raumen\u0173 funkcijos<\/li>\n<li>Padeda palaikyti normal\u0173 kraujosp\u016bd\u012f<\/li>\n<\/ul>\n","protected":false},"featured_media":43035,"comment_status":"open","ping_status":"closed","template":"","meta":{"inline_featured_image":false},"product_brand":[],"product_cat":[159,118],"product_tag":[],"class_list":{"0":"post-43034","1":"product","2":"type-product","3":"status-publish","4":"has-post-thumbnail","6":"product_cat-akcijos","7":"product_cat-raumenims","9":"first","10":"instock","11":"sale","12":"shipping-taxable","13":"purchasable","14":"product-type-simple"},"_links":{"self":[{"href":"https:\/\/loosen.lt\/lv\/wp-json\/wp\/v2\/product\/43034","targetHints":{"allow":["GET"]}}],"collection":[{"href":"https:\/\/loosen.lt\/lv\/wp-json\/wp\/v2\/product"}],"about":[{"href":"https:\/\/loosen.lt\/lv\/wp-json\/wp\/v2\/types\/product"}],"replies":[{"embeddable":true,"href":"https:\/\/loosen.lt\/lv\/wp-json\/wp\/v2\/comments?post=43034"}],"wp:featuredmedia":[{"embeddable":true,"href":"https:\/\/loosen.lt\/lv\/wp-json\/wp\/v2\/media\/43035"}],"wp:attachment":[{"href":"https:\/\/loosen.lt\/lv\/wp-json\/wp\/v2\/media?parent=43034"}],"wp:term":[{"taxonomy":"product_brand","embeddable":true,"href":"https:\/\/loosen.lt\/lv\/wp-json\/wp\/v2\/product_brand?post=43034"},{"taxonomy":"product_cat","embeddable":true,"href":"https:\/\/loosen.lt\/lv\/wp-json\/wp\/v2\/product_cat?post=43034"},{"taxonomy":"product_tag","embeddable":true,"href":"https:\/\/loosen.lt\/lv\/wp-json\/wp\/v2\/product_tag?post=43034"}],"curies":[{"name":"wp","href":"https:\/\/api.w.org\/{rel}","templated":true}]}}