{"id":43046,"date":"2026-04-09T22:34:46","date_gmt":"2026-04-09T22:34:46","guid":{"rendered":"https:\/\/loosen.lt\/?post_type=product&#038;p=43046"},"modified":"2026-04-17T05:37:39","modified_gmt":"2026-04-17T05:37:39","slug":"ostrovit-ksm-66-ashwagandha-vege-120-kapsuliu","status":"publish","type":"product","link":"https:\/\/loosen.lt\/lv\/produkts\/ostrovit-ksm-66-ashwagandha-vege-120-kapsuliu\/","title":{"rendered":"OstroVit KSM-66 Ashwagandha VEGE \u2013 120 kapsuli\u0173"},"content":{"rendered":"<div><strong>Sudedamosios dalys:<\/strong> KSM-66 Ashwagandha\u00ae a\u0161vagandos \u0161akn\u0173 ekstraktas (Withania somnifera L. Dunal), standartizuotas 5 % withanolid\u0173, inulinas, u\u017epildas \u2013 hidroksipropilmetilceliulioz\u0117, bei juod\u0173j\u0173 pipir\u0173 (Piper nigrum L.) vaisi\u0173 ekstraktas su 95 % piperino.<\/div>\n<div><strong>Alergenai:<\/strong> gali tur\u0117ti p\u0117dsak\u0173 pieno (\u012fskaitant laktoz\u0119), soj\u0173, \u017eem\u0117s rie\u0161ut\u0173, kit\u0173 rie\u0161ut\u0173, sezamo s\u0117kl\u0173, glitimo turin\u010di\u0173 gr\u016bd\u0173, kiau\u0161ini\u0173, v\u0117\u017eiagyvi\u0173 ir \u017euvies.<\/div>\n<div><\/div>\n<div>\n<table>\n<tbody>\n<tr>\n<td width=\"214\">Maistin\u0117 vert\u0117<\/td>\n<td width=\"214\">1 porcijoje (1 kapsul\u0117je)<\/td>\n<\/tr>\n<tr>\n<td width=\"214\">A\u0161vagandos \u0161akn\u0173 ekstraktas KSM 66:<\/td>\n<td width=\"214\">200mg<\/td>\n<\/tr>\n<tr>\n<td width=\"214\">\u2013 i\u0161 kuri\u0173 vitanolid\u0173 (5%)<\/td>\n<td width=\"214\">10mg<\/td>\n<\/tr>\n<tr>\n<td width=\"214\">Juod\u0173j\u0173 pipir\u0173 vaisi\u0173 ekstraktas:<\/td>\n<td width=\"214\">2.1mg<\/td>\n<\/tr>\n<tr>\n<td width=\"214\">i\u0161 kurio piperino (95%)<\/td>\n<td width=\"214\">2mg<\/td>\n<\/tr>\n<\/tbody>\n<\/table>\n<\/div>\n<div><\/div>\n<div><\/div>\n<div><strong>Vartojimas:<\/strong> Suaugusiesiems rekomenduojama vartoti po vien\u0105 kapsul\u0119 per dien\u0105, valgant, u\u017egeriant dideliu kiekiu vandens.<\/div>\n<div><\/div>\n<div><strong>Laikymo s\u0105lygos:<\/strong><\/div>\n<div><\/div>\n<div>Laikyti v\u0117sioje, sausoje vietoje. Laikyti vaikams nepasiekiamoje vietoje.<\/div>\n<div>Gamintojas: Fitness Trading, Robert Szulborski, ul. Sitarska 16, 18-300 Zambr\u00f3w, Lenkija.<\/div>\n<div>Grynas kiekis: 49g (120 kapsuli\u0173).<\/div>\n<div>Geriausias iki (termino pabaigos): geriausias vartoti iki termino, nurodyto ant pakuot\u0117s \u0161ono, vir\u0161aus arba jos apa\u010dioje.<\/div>\n<div>Partija: \u017er. ant pakuot\u0117s.<\/div>\n<div><\/div>\n<div><strong>\u012esp\u0117jimas:<\/strong><\/div>\n<div><\/div>\n<div>Maisto papildas n\u0117ra maisto pakaitalas. Svarbu \u012fvairi ir subalansuota mityba bei sveikas gyvenimo b\u016bdas. Jeigu esate n\u0117\u0161\u010dia, maitinate kr\u016btimi ar vartojate kitus vaistus, prie\u0161 vartojim\u0105 pasitarkite su gydytoju ar vaistininku. Nevir\u0161ykite nustatytos rekomenduojamos doz\u0117s.<\/div>\n","protected":false},"excerpt":{"rendered":"<div>OstroVit KSM-66 Ashwagandha VEGE \u2013 kapsul\u0117mis vartojamas maisto papildas su Indijos \u017een\u0161eniu<\/div>\n<div><\/div>\n<div><strong>Pagrindin\u0117s savyb\u0117s:<\/strong><\/div>\n<div><\/div>\n<ul>\n<li>A\u0161vaganda padeda palaikyti normali\u0105 nerv\u0173 sistemos veikl\u0105<\/li>\n<li>A\u0161vaganda padeda palaikyti normali\u0105 psichologin\u0119 funkcij\u0105<\/li>\n<li>A\u0161vaganda padeda palaikyti normali\u0105 miego kokyb\u0119<\/li>\n<li>A\u0161vaganda padeda palaikyti normali\u0105 protin\u0119 ir pa\u017einimo funkcij\u0105<\/li>\n<li>A\u0161vaganda padeda palaikyti normali\u0105 energijos apykait\u0105<\/li>\n<li>A\u0161vaganda padeda palaikyti normali\u0105 \u0161irdies ir kraujagysli\u0173 funkcij\u0105<\/li>\n<\/ul>\n","protected":false},"featured_media":43047,"comment_status":"open","ping_status":"closed","template":"","meta":{"inline_featured_image":false},"product_brand":[],"product_cat":[159,117],"product_tag":[],"class_list":{"0":"post-43046","1":"product","2":"type-product","3":"status-publish","4":"has-post-thumbnail","6":"product_cat-akcijos","7":"product_cat-nervu-sistemai","9":"first","10":"instock","11":"sale","12":"shipping-taxable","13":"purchasable","14":"product-type-simple"},"_links":{"self":[{"href":"https:\/\/loosen.lt\/lv\/wp-json\/wp\/v2\/product\/43046","targetHints":{"allow":["GET"]}}],"collection":[{"href":"https:\/\/loosen.lt\/lv\/wp-json\/wp\/v2\/product"}],"about":[{"href":"https:\/\/loosen.lt\/lv\/wp-json\/wp\/v2\/types\/product"}],"replies":[{"embeddable":true,"href":"https:\/\/loosen.lt\/lv\/wp-json\/wp\/v2\/comments?post=43046"}],"wp:featuredmedia":[{"embeddable":true,"href":"https:\/\/loosen.lt\/lv\/wp-json\/wp\/v2\/media\/43047"}],"wp:attachment":[{"href":"https:\/\/loosen.lt\/lv\/wp-json\/wp\/v2\/media?parent=43046"}],"wp:term":[{"taxonomy":"product_brand","embeddable":true,"href":"https:\/\/loosen.lt\/lv\/wp-json\/wp\/v2\/product_brand?post=43046"},{"taxonomy":"product_cat","embeddable":true,"href":"https:\/\/loosen.lt\/lv\/wp-json\/wp\/v2\/product_cat?post=43046"},{"taxonomy":"product_tag","embeddable":true,"href":"https:\/\/loosen.lt\/lv\/wp-json\/wp\/v2\/product_tag?post=43046"}],"curies":[{"name":"wp","href":"https:\/\/api.w.org\/{rel}","templated":true}]}}