{"id":43067,"date":"2026-04-09T23:32:11","date_gmt":"2026-04-09T23:32:11","guid":{"rendered":"https:\/\/loosen.lt\/?post_type=product&#038;p=43067"},"modified":"2026-04-10T12:00:52","modified_gmt":"2026-04-10T12:00:52","slug":"ostrovit-zinc-picolinate-150-tableciu","status":"publish","type":"product","link":"https:\/\/loosen.lt\/lv\/produkts\/ostrovit-zinc-picolinate-150-tableciu\/","title":{"rendered":"OstroVit Zinc Picolinate \u2013 150 table\u010di\u0173"},"content":{"rendered":"<div><strong>Sudedamosios dalys:<\/strong> tablet\u0117s pagrind\u0105 sudaro mikrokristalin\u0117 celiulioz\u0117 ir krakmolas, aktyvusis komponentas \u2013 cinko pikolinatas (cinkas). Tablet\u0117s strukt\u016brai ir stabilumui u\u017etikrinti naudojamos lipnum\u0105 reguliuojan\u010dios med\u017eiagos: magnio riebal\u0173 r\u016bg\u0161\u010di\u0173 druskos ir silicio dioksidas.<\/div>\n<div><strong>Alergenai:<\/strong> gali tur\u0117ti p\u0117dsak\u0173 pieno (\u012fskaitant laktoz\u0119), soj\u0173, \u017eem\u0117s rie\u0161ut\u0173, kit\u0173 rie\u0161ut\u0173, sezamo s\u0117kl\u0173, glitimo turin\u010di\u0173 gr\u016bd\u0173, kiau\u0161ini\u0173, v\u0117\u017eiagyvi\u0173 ir \u017euvies.<\/div>\n<div><\/div>\n<div>\n<table>\n<tbody>\n<tr>\n<td width=\"214\">Maistin\u0117 vert\u0117<\/td>\n<td width=\"214\">1 tablet\u0117je<\/td>\n<td width=\"214\">RMV%*<\/td>\n<\/tr>\n<tr>\n<td width=\"214\">Cinkas<\/td>\n<td width=\"214\">15mg<\/td>\n<td width=\"214\">150%<\/td>\n<\/tr>\n<tr>\n<td width=\"214\">*RMV% \u2013 referencin\u0117 maistin\u0117 vert\u0117<\/td>\n<td width=\"214\"><\/td>\n<td width=\"214\"><\/td>\n<\/tr>\n<\/tbody>\n<\/table>\n<\/div>\n<p>&nbsp;<\/p>\n<div><strong>Vartojimas:<\/strong> rekomenduojama kart\u0105 per dien\u0105 suvartoti po vien\u0105 tablet\u0119, geriausia po valgio.<\/div>\n<div><\/div>\n<div><strong>Laikymo s\u0105lygos:<\/strong><\/div>\n<div><\/div>\n<div>Laikyti v\u0117sioje, sausoje vietoje. Laikyti vaikams nepasiekiamoje vietoje.<\/div>\n<div>Gamintojas: Fitness Trading, Robert Szulborski, ul. Sitarska 16, 18-300 Zambr\u00f3w, Lenkija.<\/div>\n<div>Grynas kiekis: 29g (150 table\u010di\u0173).<\/div>\n<div>Geriausias iki (termino pabaigos): geriausias vartoti iki termino, nurodyto ant pakuot\u0117s \u0161ono, vir\u0161aus arba jos apa\u010dioje.<\/div>\n<div>Partija: \u017er. ant pakuot\u0117s.<\/div>\n<div><\/div>\n<div><strong>\u012esp\u0117jimas:<\/strong><\/div>\n<div><\/div>\n<div>Maisto papildas n\u0117ra maisto pakaitalas. Svarbu \u012fvairi ir subalansuota mityba bei sveikas gyvenimo b\u016bdas. Jeigu esate n\u0117\u0161\u010dia, maitinate kr\u016btimi ar vartojate kitus vaistus, prie\u0161 vartojim\u0105 pasitarkite su gydytoju ar vaistininku. Nevir\u0161ykite nustatytos rekomenduojamos doz\u0117s.<\/div>\n","protected":false},"excerpt":{"rendered":"<div>OstroVit Zinc Picolinate tai table\u010di\u0173 pavidalo maisto papildas, kurio sud\u0117tyje yra gerai pasisavinama cinko forma \u2013 cinko pikolinatas<\/div>\n<div><\/div>\n<div><strong>Pagrindin\u0117s savyb\u0117s:<\/strong><\/div>\n<div><\/div>\n<div><strong>Cinkas padeda:<\/strong><\/div>\n<div><\/div>\n<ul>\n<li>palaikyti normali\u0105 imunin\u0117s sistemos veikl\u0105<\/li>\n<li>palaikyti normali\u0105 odos, plauk\u0173 ir nag\u0173 b\u016bkl\u0119<\/li>\n<li>palaikyti normali\u0105 kaul\u0173 b\u016bkl\u0119<\/li>\n<li>palaikyti normali\u0105 reg\u0117jimo funkcij\u0105<\/li>\n<li>palaikyti normali\u0105 kognityvin\u0119 funkcij\u0105<\/li>\n<li>palaikyti normali\u0105 DNR sintez\u0119<\/li>\n<li>palaikyti normali\u0105 baltym\u0173 sintez\u0119<\/li>\n<li>palaikyti normali\u0105 vaisingumo ir reprodukcijos funkcij\u0105<\/li>\n<li>palaikyti normal\u0173 testosterono kiek\u012f kraujyje<\/li>\n<li>palaikyti normali\u0105 r\u016bg\u0161\u010di\u0173\u2013\u0161arm\u0173 apykait\u0105<\/li>\n<li>pad\u0117ti apsaugoti l\u0105steles nuo oksidacinio streso<\/li>\n<\/ul>\n","protected":false},"featured_media":43068,"comment_status":"open","ping_status":"closed","template":"","meta":{"inline_featured_image":false},"product_brand":[],"product_cat":[159,124],"product_tag":[],"class_list":{"0":"post-43067","1":"product","2":"type-product","3":"status-publish","4":"has-post-thumbnail","6":"product_cat-akcijos","7":"product_cat-bendrai-sveikatai","9":"first","10":"instock","11":"sale","12":"shipping-taxable","13":"purchasable","14":"product-type-simple"},"_links":{"self":[{"href":"https:\/\/loosen.lt\/lv\/wp-json\/wp\/v2\/product\/43067","targetHints":{"allow":["GET"]}}],"collection":[{"href":"https:\/\/loosen.lt\/lv\/wp-json\/wp\/v2\/product"}],"about":[{"href":"https:\/\/loosen.lt\/lv\/wp-json\/wp\/v2\/types\/product"}],"replies":[{"embeddable":true,"href":"https:\/\/loosen.lt\/lv\/wp-json\/wp\/v2\/comments?post=43067"}],"wp:featuredmedia":[{"embeddable":true,"href":"https:\/\/loosen.lt\/lv\/wp-json\/wp\/v2\/media\/43068"}],"wp:attachment":[{"href":"https:\/\/loosen.lt\/lv\/wp-json\/wp\/v2\/media?parent=43067"}],"wp:term":[{"taxonomy":"product_brand","embeddable":true,"href":"https:\/\/loosen.lt\/lv\/wp-json\/wp\/v2\/product_brand?post=43067"},{"taxonomy":"product_cat","embeddable":true,"href":"https:\/\/loosen.lt\/lv\/wp-json\/wp\/v2\/product_cat?post=43067"},{"taxonomy":"product_tag","embeddable":true,"href":"https:\/\/loosen.lt\/lv\/wp-json\/wp\/v2\/product_tag?post=43067"}],"curies":[{"name":"wp","href":"https:\/\/api.w.org\/{rel}","templated":true}]}}