{"id":43071,"date":"2026-04-09T23:29:46","date_gmt":"2026-04-09T23:29:46","guid":{"rendered":"https:\/\/loosen.lt\/?post_type=product&#038;p=43071"},"modified":"2026-04-09T23:29:46","modified_gmt":"2026-04-09T23:29:46","slug":"ostrovit-saw-palmetto-extract-100g","status":"publish","type":"product","link":"https:\/\/loosen.lt\/lv\/produkts\/ostrovit-saw-palmetto-extract-100g\/","title":{"rendered":"OstroVit Saw Palmetto Extract \u2013 100g"},"content":{"rendered":"<div><strong>Sudedamosios dalys:<\/strong> guls\u010diosios serenojos (Serenoa repens) vaisi\u0173 ekstraktas.<\/div>\n<div><strong>Alergenai:<\/strong> gali tur\u0117ti p\u0117dsak\u0173 pieno (\u012fskaitant laktoz\u0119), soj\u0173, \u017eem\u0117s rie\u0161ut\u0173, kit\u0173 rie\u0161ut\u0173, sezamo s\u0117kl\u0173, glitimo turin\u010di\u0173 gr\u016bd\u0173, kiau\u0161ini\u0173, v\u0117\u017eiagyvi\u0173 ir \u017euvies.<\/div>\n<div><\/div>\n<div>\n<table>\n<tbody>\n<tr>\n<td width=\"214\">Maistin\u0117 vert\u0117<\/td>\n<td width=\"214\">Vienoje porcijoje<\/td>\n<\/tr>\n<tr>\n<td width=\"214\">Guls\u010diosios serenojos vaisi\u0173 ekstraktas<\/td>\n<td width=\"214\">240mg<\/td>\n<\/tr>\n<\/tbody>\n<\/table>\n<\/div>\n<p>&nbsp;<\/p>\n<div><strong>Vartojimas:<\/strong> Vartokite 1 porcij\u0105 (240 mg \u2013 1 \u0161auk\u0161tel\u012f) per dien\u0105 valgio metu, u\u017egeriant vandeniu, naudodami pakuot\u0117je esant\u012f matavimo \u0161auk\u0161tel\u012f (0,5 ml).<\/div>\n<div><\/div>\n<div><strong>Laikymo s\u0105lygos:<\/strong><\/div>\n<div><\/div>\n<div>Laikyti v\u0117sioje, sausoje vietoje. Laikyti vaikams nepasiekiamoje vietoje.<\/div>\n<div>Gamintojas: Fitness Trading, Robert Szulborski, ul. Sitarska 16, 18-300 Zambr\u00f3w, Lenkija.<\/div>\n<div>Grynas kiekis: 100 g (416 porcij\u0173).<\/div>\n<div>Geriausias iki (termino pabaigos): geriausias vartoti iki termino, nurodyto ant pakuot\u0117s \u0161ono, vir\u0161aus arba jos apa\u010dioje.<\/div>\n<div>Partija: \u017er. ant pakuot\u0117s.<\/div>\n<div><\/div>\n<div><strong>\u012esp\u0117jimas:<\/strong><\/div>\n<div><\/div>\n<div>Maisto papildas n\u0117ra maisto pakaitalas. Svarbu \u012fvairi ir subalansuota mityba bei sveikas gyvenimo b\u016bdas. Jeigu esate n\u0117\u0161\u010dia, maitinate kr\u016btimi ar vartojate kitus vaistus, prie\u0161 vartojim\u0105 pasitarkite su gydytoju ar vaistininku. Nevir\u0161ykite nustatytos rekomenduojamos doz\u0117s.<\/div>\n","protected":false},"excerpt":{"rendered":"<div>OstroVit Saw Palmetto Extract \u2013 ekstraktas i\u0161 guls\u010diosios serenojos vaisi\u0173, turintis fitosteroli\u0173, flavonoid\u0173 ir heteropolisacharid\u0173<\/div>\n<div><\/div>\n<div><strong>Pagrindin\u0117s savyb\u0117s:<\/strong><\/div>\n<div><\/div>\n<ul>\n<li>Guls\u010diosios serenojos ekstraktas buvo naudojamas tradicin\u0117je medicinoje prostatos ir \u0161lapimo tak\u0173 b\u016bklei palaikyti<\/li>\n<li>Guls\u010diosios serenojos ekstraktas da\u017enai vartojamas kaip pagalbin\u0117 priemon\u0117 prostatos b\u016bklei palaikyti, remiantis tradicine ir \u0161iuolaikine medicina<\/li>\n<\/ul>\n","protected":false},"featured_media":43072,"comment_status":"open","ping_status":"closed","template":"","meta":{"inline_featured_image":false},"product_brand":[],"product_cat":[159,124],"product_tag":[],"class_list":{"0":"post-43071","1":"product","2":"type-product","3":"status-publish","4":"has-post-thumbnail","6":"product_cat-akcijos","7":"product_cat-bendrai-sveikatai","9":"first","10":"instock","11":"sale","12":"shipping-taxable","13":"purchasable","14":"product-type-simple"},"_links":{"self":[{"href":"https:\/\/loosen.lt\/lv\/wp-json\/wp\/v2\/product\/43071","targetHints":{"allow":["GET"]}}],"collection":[{"href":"https:\/\/loosen.lt\/lv\/wp-json\/wp\/v2\/product"}],"about":[{"href":"https:\/\/loosen.lt\/lv\/wp-json\/wp\/v2\/types\/product"}],"replies":[{"embeddable":true,"href":"https:\/\/loosen.lt\/lv\/wp-json\/wp\/v2\/comments?post=43071"}],"wp:featuredmedia":[{"embeddable":true,"href":"https:\/\/loosen.lt\/lv\/wp-json\/wp\/v2\/media\/43072"}],"wp:attachment":[{"href":"https:\/\/loosen.lt\/lv\/wp-json\/wp\/v2\/media?parent=43071"}],"wp:term":[{"taxonomy":"product_brand","embeddable":true,"href":"https:\/\/loosen.lt\/lv\/wp-json\/wp\/v2\/product_brand?post=43071"},{"taxonomy":"product_cat","embeddable":true,"href":"https:\/\/loosen.lt\/lv\/wp-json\/wp\/v2\/product_cat?post=43071"},{"taxonomy":"product_tag","embeddable":true,"href":"https:\/\/loosen.lt\/lv\/wp-json\/wp\/v2\/product_tag?post=43071"}],"curies":[{"name":"wp","href":"https:\/\/api.w.org\/{rel}","templated":true}]}}