{"id":43079,"date":"2026-04-09T23:17:31","date_gmt":"2026-04-09T23:17:31","guid":{"rendered":"https:\/\/loosen.lt\/?post_type=product&#038;p=43079"},"modified":"2026-04-09T23:17:32","modified_gmt":"2026-04-09T23:17:32","slug":"ostrovit-vitamin-c-90-tableciu","status":"publish","type":"product","link":"https:\/\/loosen.lt\/lv\/produkts\/ostrovit-vitamin-c-90-tableciu\/","title":{"rendered":"OstroVit Vitamin C 90 table\u010di\u0173"},"content":{"rendered":"<div><strong>Sudedamosios dalys:<\/strong> L-askorbo r\u016bg\u0161tis (vitaminas C), pagalbin\u0117s med\u017eiagos: mikrokristalin\u0117 celiulioz\u0117, krakmolas; med\u017eiagos, ma\u017einan\u010dios klampum\u0105: silicio dioksidas, magnio druskos, gautos i\u0161 riebal\u0173 r\u016bg\u0161\u010di\u0173.<\/div>\n<div><strong>Alergenai:<\/strong> gali tur\u0117ti p\u0117dsak\u0173 pieno (\u012fskaitant laktoz\u0119), soj\u0173, \u017eem\u0117s rie\u0161ut\u0173, kit\u0173 rie\u0161ut\u0173, sezamo s\u0117kl\u0173, glitimo turin\u010di\u0173 gr\u016bd\u0173, kiau\u0161ini\u0173, v\u0117\u017eiagyvi\u0173 ir \u017euvies.<\/div>\n<div><\/div>\n<div>\n<table>\n<tbody>\n<tr>\n<td width=\"214\">Maistin\u0117 vert\u0117<\/td>\n<td width=\"214\">1 porcija (1 tablet\u0117)<\/td>\n<\/tr>\n<tr>\n<td width=\"214\">Vitaminas C<\/td>\n<td width=\"214\">1000 mg (1250%*)<\/td>\n<\/tr>\n<\/tbody>\n<\/table>\n<div>*referencin\u0117 maistin\u0117 vert\u0117<\/div>\n<div><\/div>\n<div><strong>Vartojimas:<\/strong> vartokite 1 tablet\u0119 per dien\u0105.<\/div>\n<div><\/div>\n<div><strong>Laikymo s\u0105lygos:<\/strong><\/div>\n<div><\/div>\n<div>Laikyti v\u0117sioje, sausoje vietoje. Laikyti vaikams nepasiekiamoje vietoje.<\/div>\n<div>Gamintojas: Fitness Trading, Robert Szulborski, ul. Sitarska 16, 18-300 Zambr\u00f3w, Lenkija.<\/div>\n<div>Grynas kiekis: 90 table\u010di\u0173\u00a0 (137g).<\/div>\n<div>Geriausias iki (termino pabaigos): geriausias vartoti iki termino, nurodyto ant pakuot\u0117s \u0161ono, vir\u0161aus arba jos apa\u010dioje.<\/div>\n<div>Partija: \u017er. ant pakuot\u0117s.<\/div>\n<div><\/div>\n<div><strong>\u012esp\u0117jimas:<\/strong><\/div>\n<div><\/div>\n<div>Maisto papildas n\u0117ra maisto pakaitalas. Svarbu \u012fvairi ir subalansuota mityba bei sveikas gyvenimo b\u016bdas. Jeigu esate n\u0117\u0161\u010dia, maitinate kr\u016btimi ar vartojate kitus vaistus, prie\u0161 vartojim\u0105 pasitarkite su gydytoju ar vaistininku. Nevir\u0161ykite nustatytos rekomenduojamos doz\u0117s.<\/div>\n<\/div>\n","protected":false},"excerpt":{"rendered":"<div>OstroVit Vitamin C \u2013 tai L-askorbo r\u016bg\u0161ties (vitamino C) papildas tablet\u0117mis<\/div>\n<div><\/div>\n<div><strong>Pagrindin\u0117s savyb\u0117s:<\/strong><\/div>\n<div><\/div>\n<ul>\n<li>Palaiko normali\u0105 imunin\u0117s sistemos veikl\u0105<\/li>\n<li>Apsaugoto l\u0105steles nuo \u017ealingo oksidacinio streso<\/li>\n<li>U\u017etikrinta normali\u0105 energijos apykait\u0105<\/li>\n<li>Ma\u017einta nuovargio ir pavargimo jausm\u0105<\/li>\n<li>Palaikyto nerv\u0173 sistemos funkcij\u0105 ir psichologin\u0119 pusiausvyr\u0105<\/li>\n<li>Skatinta kolageno susidarym\u0105, kuris svarbus<\/li>\n<\/ul>\n","protected":false},"featured_media":43080,"comment_status":"open","ping_status":"closed","template":"","meta":{"inline_featured_image":false},"product_brand":[],"product_cat":[159,113],"product_tag":[],"class_list":{"0":"post-43079","1":"product","2":"type-product","3":"status-publish","4":"has-post-thumbnail","6":"product_cat-akcijos","7":"product_cat-imunitetui","9":"first","10":"instock","11":"sale","12":"shipping-taxable","13":"purchasable","14":"product-type-simple"},"_links":{"self":[{"href":"https:\/\/loosen.lt\/lv\/wp-json\/wp\/v2\/product\/43079","targetHints":{"allow":["GET"]}}],"collection":[{"href":"https:\/\/loosen.lt\/lv\/wp-json\/wp\/v2\/product"}],"about":[{"href":"https:\/\/loosen.lt\/lv\/wp-json\/wp\/v2\/types\/product"}],"replies":[{"embeddable":true,"href":"https:\/\/loosen.lt\/lv\/wp-json\/wp\/v2\/comments?post=43079"}],"wp:featuredmedia":[{"embeddable":true,"href":"https:\/\/loosen.lt\/lv\/wp-json\/wp\/v2\/media\/43080"}],"wp:attachment":[{"href":"https:\/\/loosen.lt\/lv\/wp-json\/wp\/v2\/media?parent=43079"}],"wp:term":[{"taxonomy":"product_brand","embeddable":true,"href":"https:\/\/loosen.lt\/lv\/wp-json\/wp\/v2\/product_brand?post=43079"},{"taxonomy":"product_cat","embeddable":true,"href":"https:\/\/loosen.lt\/lv\/wp-json\/wp\/v2\/product_cat?post=43079"},{"taxonomy":"product_tag","embeddable":true,"href":"https:\/\/loosen.lt\/lv\/wp-json\/wp\/v2\/product_tag?post=43079"}],"curies":[{"name":"wp","href":"https:\/\/api.w.org\/{rel}","templated":true}]}}