{"id":43095,"date":"2026-04-09T23:06:17","date_gmt":"2026-04-09T23:06:17","guid":{"rendered":"https:\/\/loosen.lt\/?post_type=product&#038;p=43095"},"modified":"2026-04-10T11:59:08","modified_gmt":"2026-04-10T11:59:08","slug":"ostrovit-ashwagandha-90-tableciu","status":"publish","type":"product","link":"https:\/\/loosen.lt\/lv\/produkts\/ostrovit-ashwagandha-90-tableciu\/","title":{"rendered":"OstroVit Ashwagandha \u2013 90 table\u010di\u0173"},"content":{"rendered":"<div><strong>Sudedamosios dalys<\/strong>: a\u0161vagandos \u0161aknies ekstraktas (Withania Somnifera L. Dunal), standartizuotas 1,5% vitanolid\u0173, u\u017epildai (mikrokristalin\u0117 celiulioz\u0117, krakmolas), lipnum\u0105 reguliuojan\u010dios med\u017eiagos (magnio druskos riebal\u0173 r\u016bg\u0161tims, silikono dioksidas).<\/div>\n<div><strong>Alergenai:<\/strong> gali tur\u0117ti p\u0117dsak\u0173 pieno (\u012fskaitant laktoz\u0119), soj\u0173, \u017eem\u0117s rie\u0161ut\u0173, kit\u0173 rie\u0161ut\u0173, sezamo s\u0117kl\u0173, glitimo turin\u010di\u0173 gr\u016bd\u0173, kiau\u0161ini\u0173, v\u0117\u017eiagyvi\u0173 ir \u017euvies.<\/div>\n<div><\/div>\n<div>\n<table>\n<tbody>\n<tr>\n<td width=\"214\">Maistin\u0117 vert\u0117<\/td>\n<td width=\"214\">1 porcijoje (1 tablet\u0117je)<\/td>\n<\/tr>\n<tr>\n<td width=\"214\">A\u0161vaganda \u0161aknies ekstraktas<\/td>\n<td width=\"214\">375mg<\/td>\n<\/tr>\n<tr>\n<td width=\"214\">\u2013 i\u0161 kuri\u0173 vitanolid\u0173 (1.5%)<\/td>\n<td width=\"214\">5,63mg<\/td>\n<\/tr>\n<\/tbody>\n<\/table>\n<\/div>\n<div><\/div>\n<div><\/div>\n<div><strong>Vartojimas:<\/strong> vartokite 1 tablet\u0119 per dien\u0105.<\/div>\n<div><\/div>\n<div><strong>Laikymo s\u0105lygos:<\/strong><\/div>\n<div><\/div>\n<div>Laikyti v\u0117sioje, sausoje vietoje. Laikyti vaikams nepasiekiamoje vietoje.<\/div>\n<div>Gamintojas: Fitness Trading, Robert Szulborski, ul. Sitarska 16, 18-300 Zambr\u00f3w, Lenkija.<\/div>\n<div>Grynas kiekis: 58g (90 table\u010di\u0173).<\/div>\n<div>Geriausias iki (termino pabaigos): geriausias vartoti iki termino, nurodyto ant pakuot\u0117s \u0161ono, vir\u0161aus arba jos apa\u010dioje.<\/div>\n<div>Partija: \u017er. ant pakuot\u0117s.<\/div>\n<div><\/div>\n<div><strong>\u012esp\u0117jimas:<\/strong><\/div>\n<div><\/div>\n<div>Maisto papildas n\u0117ra maisto pakaitalas. Svarbu \u012fvairi ir subalansuota mityba bei sveikas gyvenimo b\u016bdas. Jeigu esate n\u0117\u0161\u010dia, maitinate kr\u016btimi ar vartojate kitus vaistus, prie\u0161 vartojim\u0105 pasitarkite su gydytoju ar vaistininku. Nevir\u0161ykite nustatytos rekomenduojamos doz\u0117s.<\/div>\n","protected":false},"excerpt":{"rendered":"<div>OstroVit Ashwagandha 90 \u2013 maisto papildas su Indijos \u017een\u0161enio \u0161aknies ekstraktu<\/div>\n<div><\/div>\n<div><strong>Pagrindin\u0117s savyb\u0117s:<\/strong><\/div>\n<div><\/div>\n<ul>\n<li>A\u0161vaganda padeda palaikyti normali\u0105 nerv\u0173 sistemos veikl\u0105<\/li>\n<li>A\u0161vaganda padeda palaikyti normali\u0105 psichologin\u0119 funkcij\u0105<\/li>\n<li>A\u0161vaganda padeda palaikyti normali\u0105 miego kokyb\u0119<\/li>\n<li>A\u0161vaganda padeda palaikyti normali\u0105 protin\u0119 ir pa\u017einimo funkcij\u0105<\/li>\n<li>A\u0161vaganda padeda palaikyti normali\u0105 energijos apykait\u0105<\/li>\n<li>A\u0161vaganda padeda palaikyti normali\u0105 \u0161irdies ir kraujagysli\u0173 funkcij\u0105<\/li>\n<\/ul>\n","protected":false},"featured_media":43096,"comment_status":"open","ping_status":"closed","template":"","meta":{"inline_featured_image":false},"product_brand":[],"product_cat":[159,117],"product_tag":[],"class_list":{"0":"post-43095","1":"product","2":"type-product","3":"status-publish","4":"has-post-thumbnail","6":"product_cat-akcijos","7":"product_cat-nervu-sistemai","9":"first","10":"instock","11":"sale","12":"shipping-taxable","13":"purchasable","14":"product-type-simple"},"_links":{"self":[{"href":"https:\/\/loosen.lt\/lv\/wp-json\/wp\/v2\/product\/43095","targetHints":{"allow":["GET"]}}],"collection":[{"href":"https:\/\/loosen.lt\/lv\/wp-json\/wp\/v2\/product"}],"about":[{"href":"https:\/\/loosen.lt\/lv\/wp-json\/wp\/v2\/types\/product"}],"replies":[{"embeddable":true,"href":"https:\/\/loosen.lt\/lv\/wp-json\/wp\/v2\/comments?post=43095"}],"wp:featuredmedia":[{"embeddable":true,"href":"https:\/\/loosen.lt\/lv\/wp-json\/wp\/v2\/media\/43096"}],"wp:attachment":[{"href":"https:\/\/loosen.lt\/lv\/wp-json\/wp\/v2\/media?parent=43095"}],"wp:term":[{"taxonomy":"product_brand","embeddable":true,"href":"https:\/\/loosen.lt\/lv\/wp-json\/wp\/v2\/product_brand?post=43095"},{"taxonomy":"product_cat","embeddable":true,"href":"https:\/\/loosen.lt\/lv\/wp-json\/wp\/v2\/product_cat?post=43095"},{"taxonomy":"product_tag","embeddable":true,"href":"https:\/\/loosen.lt\/lv\/wp-json\/wp\/v2\/product_tag?post=43095"}],"curies":[{"name":"wp","href":"https:\/\/api.w.org\/{rel}","templated":true}]}}