{"id":43116,"date":"2026-04-12T14:31:01","date_gmt":"2026-04-12T14:31:01","guid":{"rendered":"https:\/\/loosen.lt\/?post_type=product&#038;p=43116"},"modified":"2026-04-12T14:31:01","modified_gmt":"2026-04-12T14:31:01","slug":"ostrovit-cla-1000-mg-30-kapsuliu","status":"publish","type":"product","link":"https:\/\/loosen.lt\/lv\/produkts\/ostrovit-cla-1000-mg-30-kapsuliu\/","title":{"rendered":"OstroVit CLA 1000 mg \u2013 30 kapsuli\u0173"},"content":{"rendered":"<div><strong>Sudedamosios dalys:<\/strong> CLA etilo esteris (konjuguota linolo r\u016bg\u0161tis), \u017eelatina, dr\u0117gm\u0119 sauganti med\u017eiaga \u2013 glicerolis, vanduo.<\/div>\n<div><strong>Alergenai:<\/strong> gali tur\u0117ti p\u0117dsak\u0173 pieno (\u012fskaitant laktoz\u0119), soj\u0173, \u017eem\u0117s rie\u0161ut\u0173, kit\u0173 rie\u0161ut\u0173, sezamo s\u0117kl\u0173, glitimo turin\u010di\u0173 gr\u016bd\u0173, kiau\u0161ini\u0173, v\u0117\u017eiagyvi\u0173 ir \u017euvies.<\/div>\n<div><\/div>\n<div>\n<table>\n<tbody>\n<tr>\n<td width=\"214\">Maistin\u0117 vert\u0117<\/td>\n<td width=\"214\">1 porcijoje<\/td>\n<\/tr>\n<tr>\n<td width=\"214\">Konjuguota CLA linolo r\u016bg\u0161tis<\/td>\n<td width=\"214\">1000mg<\/td>\n<\/tr>\n<tr>\n<td width=\"214\">i\u0161 kurios CLA (80 %)<\/td>\n<td width=\"214\">800mg<\/td>\n<\/tr>\n<\/tbody>\n<\/table>\n<\/div>\n<p>&nbsp;<\/p>\n<div><strong>Vartojimas:<\/strong> vartokite 1 kapsul\u0119 3 kartus per dien\u0105, geriausia po valgio.<\/div>\n<div><\/div>\n<div><strong>Laikymo s\u0105lygos:<\/strong><\/div>\n<div><\/div>\n<div>Laikyti v\u0117sioje, sausoje vietoje. Laikyti vaikams nepasiekiamoje vietoje.<\/div>\n<div>Gamintojas: Fitness Trading, Robert Szulborski, ul. Sitarska 16, 18-300 Zambr\u00f3w, Lenkija.<\/div>\n<div>Grynas kiekis: 36 g (30 kapsuli\u0173).<\/div>\n<div>Geriausias iki (termino pabaigos): geriausias vartoti iki termino, nurodyto ant pakuot\u0117s \u0161ono, vir\u0161aus arba jos apa\u010dioje.<\/div>\n<div>Partija: \u017er. ant pakuot\u0117s.<\/div>\n<div><\/div>\n<div><strong>\u012esp\u0117jimas:<\/strong><\/div>\n<div><\/div>\n<div>Maisto papildas n\u0117ra maisto pakaitalas. Svarbu \u012fvairi ir subalansuota mityba bei sveikas gyvenimo b\u016bdas. Jeigu esate n\u0117\u0161\u010dia, maitinate kr\u016btimi ar vartojate kitus vaistus, prie\u0161 vartojim\u0105 pasitarkite su gydytoju ar vaistininku. Nevir\u0161ykite nustatytos rekomenduojamos doz\u0117s.<\/div>\n","protected":false},"excerpt":{"rendered":"<div>OstroVit CLA 1000 mg \u2013 maisto papildas su konjuguota linolo r\u016bg\u0161timi<\/div>\n<div><\/div>\n<div><strong>Pagrindin\u0117s savyb\u0117s:<\/strong><\/div>\n<div><\/div>\n<ul>\n<li>Padeda ma\u017einti k\u016bno riebal\u0173 kiek\u012f<\/li>\n<li>Padeda reguliuoti cholesterolio lyg\u012f kraujyje<\/li>\n<li>Palaiko normali\u0105 gliukoz\u0117s apykait\u0105<\/li>\n<\/ul>\n","protected":false},"featured_media":43117,"comment_status":"open","ping_status":"closed","template":"","meta":{"inline_featured_image":false},"product_brand":[],"product_cat":[159,120],"product_tag":[],"class_list":{"0":"post-43116","1":"product","2":"type-product","3":"status-publish","4":"has-post-thumbnail","6":"product_cat-akcijos","7":"product_cat-svorio-kontrolei","9":"first","10":"instock","11":"sale","12":"shipping-taxable","13":"purchasable","14":"product-type-simple"},"_links":{"self":[{"href":"https:\/\/loosen.lt\/lv\/wp-json\/wp\/v2\/product\/43116","targetHints":{"allow":["GET"]}}],"collection":[{"href":"https:\/\/loosen.lt\/lv\/wp-json\/wp\/v2\/product"}],"about":[{"href":"https:\/\/loosen.lt\/lv\/wp-json\/wp\/v2\/types\/product"}],"replies":[{"embeddable":true,"href":"https:\/\/loosen.lt\/lv\/wp-json\/wp\/v2\/comments?post=43116"}],"wp:featuredmedia":[{"embeddable":true,"href":"https:\/\/loosen.lt\/lv\/wp-json\/wp\/v2\/media\/43117"}],"wp:attachment":[{"href":"https:\/\/loosen.lt\/lv\/wp-json\/wp\/v2\/media?parent=43116"}],"wp:term":[{"taxonomy":"product_brand","embeddable":true,"href":"https:\/\/loosen.lt\/lv\/wp-json\/wp\/v2\/product_brand?post=43116"},{"taxonomy":"product_cat","embeddable":true,"href":"https:\/\/loosen.lt\/lv\/wp-json\/wp\/v2\/product_cat?post=43116"},{"taxonomy":"product_tag","embeddable":true,"href":"https:\/\/loosen.lt\/lv\/wp-json\/wp\/v2\/product_tag?post=43116"}],"curies":[{"name":"wp","href":"https:\/\/api.w.org\/{rel}","templated":true}]}}