{"id":43120,"date":"2026-04-12T14:29:37","date_gmt":"2026-04-12T14:29:37","guid":{"rendered":"https:\/\/loosen.lt\/?post_type=product&#038;p=43120"},"modified":"2026-04-12T14:29:37","modified_gmt":"2026-04-12T14:29:37","slug":"ostrovit-electrolyte-90-tableciu","status":"publish","type":"product","link":"https:\/\/loosen.lt\/lv\/produkts\/ostrovit-electrolyte-90-tableciu\/","title":{"rendered":"OstroVit Electrolyte \u2013 90 table\u010di\u0173"},"content":{"rendered":"<div><strong>Sudedamosios dalys:<\/strong> kalio citratas, mikrokristalin\u0117 celiulioz\u0117, magnio karbonatas, natrio chloridas, kalcio karbonatas, krakmolas, silicio dioksidas.<\/div>\n<div><strong>Alergenai<\/strong>: gali tur\u0117ti p\u0117dsak\u0173 pieno (\u012fskaitant laktoz\u0119), soj\u0173, \u017eem\u0117s rie\u0161ut\u0173, kit\u0173 rie\u0161ut\u0173, sezamo s\u0117kl\u0173, glitimo turin\u010di\u0173 gr\u016bd\u0173, kiau\u0161ini\u0173, v\u0117\u017eiagyvi\u0173 ir \u017euvies.<\/div>\n<div><\/div>\n<div>\n<table>\n<tbody>\n<tr>\n<td width=\"214\">Maistin\u0117 vert\u0117<\/td>\n<td width=\"214\">3 tablet\u0117se<\/td>\n<\/tr>\n<tr>\n<td width=\"214\">Kalis<\/td>\n<td width=\"214\">300 mg (15%*)<\/td>\n<\/tr>\n<tr>\n<td width=\"214\">Kalcis<\/td>\n<td width=\"214\">185 mg (23%*)<\/td>\n<\/tr>\n<tr>\n<td width=\"214\">Magnis<\/td>\n<td width=\"214\">150 mg (40%*)<\/td>\n<\/tr>\n<tr>\n<td width=\"214\">Natris<\/td>\n<td width=\"214\">208mg<\/td>\n<\/tr>\n<tr>\n<td width=\"214\">Chloridai<\/td>\n<td width=\"214\">321 mg (40%*)<\/td>\n<\/tr>\n<tr>\n<td width=\"214\">*referencin\u0117 maistin\u0117 vert\u0117<\/td>\n<td width=\"214\">&nbsp;<\/td>\n<\/tr>\n<\/tbody>\n<\/table>\n<\/div>\n<p>&nbsp;<\/p>\n<div><strong>Vartojimas:<\/strong> vartokite 3 tabletes per dien\u0105.<\/div>\n<div><\/div>\n<div><strong>Laikymo s\u0105lygos:<\/strong><\/div>\n<div><\/div>\n<div>Laikyti v\u0117sioje, sausoje vietoje. Laikyti vaikams nepasiekiamoje vietoje.<\/div>\n<div>Gamintojas: Fitness Trading, Robert Szulborski, ul. Sitarska 16, 18-300 Zambr\u00f3w, Lenkija.<\/div>\n<div>Grynas kiekis: 103 g (90 table\u010di\u0173 \u2013 30 porcij\u0173)<\/div>\n<div>Geriausias iki (termino pabaigos): geriausias vartoti iki termino, nurodyto ant pakuot\u0117s \u0161ono, vir\u0161aus arba jos apa\u010dioje.<\/div>\n<div>Partija: \u017er. ant pakuot\u0117s.<\/div>\n<div><\/div>\n<div><strong>\u012esp\u0117jimas:<\/strong><\/div>\n<div><\/div>\n<div>Maisto papildas n\u0117ra maisto pakaitalas. Svarbu \u012fvairi ir subalansuota mityba bei sveikas gyvenimo b\u016bdas. Jeigu esate n\u0117\u0161\u010dia, maitinate kr\u016btimi ar vartojate kitus vaistus, prie\u0161 vartojim\u0105 pasitarkite su gydytoju ar vaistininku. Nevir\u0161ykite nustatytos rekomenduojamos doz\u0117s.<\/div>\n","protected":false},"excerpt":{"rendered":"<div>OstroVit Electrolyte\u00a0 \u2013 maisto papildas su 5 elektrolitais<\/div>\n<div><\/div>\n<div><strong>Pagrindin\u0117s savyb\u0117s:<\/strong><\/div>\n<div><\/div>\n<ul>\n<li><strong>Kalio nauda:<\/strong> padeda palaikyti normal\u0173 kraujosp\u016bd\u012f ir raumen\u0173 veikl\u0105<\/li>\n<li><strong>Magnio nauda:<\/strong> ma\u017eina nuovarg\u012f, palaiko elektrolit\u0173 pusiausvyr\u0105, raumen\u0173 funkcij\u0105, nerv\u0173 sistemos veikl\u0105, psichologin\u0119 funkcij\u0105 ir baltym\u0173 sintez\u0119<\/li>\n<li><strong>Kalcio nauda:<\/strong> palaiko energijos apykait\u0105, raumen\u0173 funkcij\u0105, vir\u0161kinimo ferment\u0173 veikl\u0105 ir yra svarbus kaul\u0173 bei dant\u0173 sveikatai<\/li>\n<li><strong>Chlorid\u0173 nauda:<\/strong> prisideda prie normalaus vir\u0161kinimo ir druskos r\u016bg\u0161ties gamybos skrandyje<\/li>\n<\/ul>\n","protected":false},"featured_media":43121,"comment_status":"open","ping_status":"closed","template":"","meta":{"inline_featured_image":false},"product_brand":[],"product_cat":[159,119],"product_tag":[],"class_list":{"0":"post-43120","1":"product","2":"type-product","3":"status-publish","4":"has-post-thumbnail","6":"product_cat-akcijos","7":"product_cat-energijai","9":"first","10":"instock","11":"sale","12":"shipping-taxable","13":"purchasable","14":"product-type-simple"},"_links":{"self":[{"href":"https:\/\/loosen.lt\/lv\/wp-json\/wp\/v2\/product\/43120","targetHints":{"allow":["GET"]}}],"collection":[{"href":"https:\/\/loosen.lt\/lv\/wp-json\/wp\/v2\/product"}],"about":[{"href":"https:\/\/loosen.lt\/lv\/wp-json\/wp\/v2\/types\/product"}],"replies":[{"embeddable":true,"href":"https:\/\/loosen.lt\/lv\/wp-json\/wp\/v2\/comments?post=43120"}],"wp:featuredmedia":[{"embeddable":true,"href":"https:\/\/loosen.lt\/lv\/wp-json\/wp\/v2\/media\/43121"}],"wp:attachment":[{"href":"https:\/\/loosen.lt\/lv\/wp-json\/wp\/v2\/media?parent=43120"}],"wp:term":[{"taxonomy":"product_brand","embeddable":true,"href":"https:\/\/loosen.lt\/lv\/wp-json\/wp\/v2\/product_brand?post=43120"},{"taxonomy":"product_cat","embeddable":true,"href":"https:\/\/loosen.lt\/lv\/wp-json\/wp\/v2\/product_cat?post=43120"},{"taxonomy":"product_tag","embeddable":true,"href":"https:\/\/loosen.lt\/lv\/wp-json\/wp\/v2\/product_tag?post=43120"}],"curies":[{"name":"wp","href":"https:\/\/api.w.org\/{rel}","templated":true}]}}