{"id":43124,"date":"2026-04-12T14:28:28","date_gmt":"2026-04-12T14:28:28","guid":{"rendered":"https:\/\/loosen.lt\/?post_type=product&#038;p=43124"},"modified":"2026-04-12T14:28:28","modified_gmt":"2026-04-12T14:28:28","slug":"ostrovit-fat-burner-extreme-90-kapsuliu","status":"publish","type":"product","link":"https:\/\/loosen.lt\/lv\/produkts\/ostrovit-fat-burner-extreme-90-kapsuliu\/","title":{"rendered":"OstroVit Fat Burner eXtreme \u2013 90 kapsuli\u0173"},"content":{"rendered":"<div><strong>Sudedamosios dalys:<\/strong> L-tirozinas, L-karnitino tartratas, \u017ealios kavos pupeli\u0173 ekstraktas (Coffea arabica L.) su 50% chlorogeno r\u016bg\u0161ties ir 5% kofeino, \u017ealiosios arbatos lap\u0173 ekstraktas (Camellia sinensis L.) su 50% polifenoli\u0173, imbiero \u0161aknies ekstraktas (Zingiber officinale Rosc.) su 5% gingeroli\u0173, bevandenis kofeinas, afrikieti\u0161k\u0173 mang\u0173 s\u0117kl\u0173 ekstraktas (Irvingia gabonensis L.) 10:1, kininio \u017een\u0161enio \u0161aknies ekstraktas (Panax ginseng C.A. Mey.) su 20% ginsenozid\u0173, juod\u0173j\u0173 pipir\u0173 ekstraktas (Piper Nigrum L.) su 95% piperino, silicio dioksidas (lipnum\u0105 reguliuojanti med\u017eiaga), kapsul\u0117s apvalkalas (\u017eelatina, vanduo, da\u017eikliai \u2013 raudonasis gele\u017eies oksidas, azorubinas), chromo pikolinatas (chromas).<\/div>\n<div><strong>Alergenai:<\/strong> gali tur\u0117ti p\u0117dsak\u0173 pieno (\u012fskaitant laktoz\u0119), soj\u0173, \u017eem\u0117s rie\u0161ut\u0173, kit\u0173 rie\u0161ut\u0173, sezamo s\u0117kl\u0173, glitimo turin\u010di\u0173 gr\u016bd\u0173, kiau\u0161ini\u0173, v\u0117\u017eiagyvi\u0173 ir \u017euvies.<\/div>\n<div><\/div>\n<div>\n<table>\n<tbody>\n<tr>\n<td width=\"214\">Maistin\u0117 vert\u0117<\/td>\n<td width=\"214\">1 porcija (3 kapsul\u0117s)<\/td>\n<td width=\"214\">RMV%*<\/td>\n<\/tr>\n<tr>\n<td width=\"214\">L-tirozinas<\/td>\n<td width=\"214\">500mg<\/td>\n<td width=\"214\">&#8211;<\/td>\n<\/tr>\n<tr>\n<td width=\"214\">L-karnitino tartratas<\/td>\n<td width=\"214\">300mg<\/td>\n<td width=\"214\">&#8211;<\/td>\n<\/tr>\n<tr>\n<td width=\"214\">\u2013 i\u0161 kurio L-karnitino<\/td>\n<td width=\"214\">201,6mg<\/td>\n<td width=\"214\">&#8211;<\/td>\n<\/tr>\n<tr>\n<td width=\"214\">\u017dalios kavos pupeli\u0173 ekstraktas<\/td>\n<td width=\"214\">200mg<\/td>\n<td width=\"214\">&#8211;<\/td>\n<\/tr>\n<tr>\n<td width=\"214\">\u2013 i\u0161 kuri\u0173 chlorogeno r\u016bg\u0161tis 50%<\/td>\n<td width=\"214\">100mg<\/td>\n<td width=\"214\">&#8211;<\/td>\n<\/tr>\n<tr>\n<td width=\"214\">\u2013 i\u0161 kuri\u0173 kofeino 5%<\/td>\n<td width=\"214\">10mg<\/td>\n<td width=\"214\">&#8211;<\/td>\n<\/tr>\n<tr>\n<td width=\"214\">\u017dalios arbatos lap\u0173 ekstraktas<\/td>\n<td width=\"214\">200mg<\/td>\n<td width=\"214\">&#8211;<\/td>\n<\/tr>\n<tr>\n<td width=\"214\">\u2013 i\u0161 kuri\u0173 polifenoliai 50%<\/td>\n<td width=\"214\">100mg<\/td>\n<td width=\"214\">&#8211;<\/td>\n<\/tr>\n<tr>\n<td width=\"214\">Imbiero \u0161aknies ekstraktas<\/td>\n<td width=\"214\">200mg<\/td>\n<td width=\"214\">&#8211;<\/td>\n<\/tr>\n<tr>\n<td width=\"214\">\u2013 i\u0161 kuri\u0173 gingerolio 5%<\/td>\n<td width=\"214\">10mg<\/td>\n<td width=\"214\">&#8211;<\/td>\n<\/tr>\n<tr>\n<td width=\"214\">Bevandenis kofeinas<\/td>\n<td width=\"214\">190mg<\/td>\n<td width=\"214\">&#8211;<\/td>\n<\/tr>\n<tr>\n<td width=\"214\">Afrikieti\u0161k\u0173 mang\u0173 s\u0117kl\u0173 ekstraktas 10:1<\/td>\n<td width=\"214\">150mg<\/td>\n<td width=\"214\">&#8211;<\/td>\n<\/tr>\n<tr>\n<td width=\"214\">Kininio \u017een\u0161enio \u0161aknies ekstraktas<\/td>\n<td width=\"214\">50mg<\/td>\n<td width=\"214\">&#8211;<\/td>\n<\/tr>\n<tr>\n<td width=\"214\">\u2013 i\u0161 kuri\u0173 ginsenozid\u0173 20%<\/td>\n<td width=\"214\">10mg<\/td>\n<td width=\"214\">&#8211;<\/td>\n<\/tr>\n<tr>\n<td width=\"214\">Juod\u0173j\u0173 pipir\u0173 ekstraktas<\/td>\n<td width=\"214\">20mg<\/td>\n<td width=\"214\">&#8211;<\/td>\n<\/tr>\n<tr>\n<td width=\"214\">\u2013 i\u0161 kurio piperino 95%<\/td>\n<td width=\"214\">19mg<\/td>\n<td width=\"214\">&#8211;<\/td>\n<\/tr>\n<tr>\n<td width=\"214\">Chromas<\/td>\n<td width=\"214\">100mcg<\/td>\n<td width=\"214\">250%<\/td>\n<\/tr>\n<tr>\n<td width=\"214\">* RMV% \u2013 referencin\u0117 maistin\u0117 vert\u0117<\/td>\n<td width=\"214\">&nbsp;<\/td>\n<td width=\"214\">&nbsp;<\/td>\n<\/tr>\n<\/tbody>\n<\/table>\n<\/div>\n<p>&nbsp;<\/p>\n<div><strong>Vartojimas:<\/strong> Vartokite 1 porcij\u0105 (3 kapsules) per dien\u0105.<\/div>\n<div><\/div>\n<div><strong>Laikymo s\u0105lygos:<\/strong><\/div>\n<div><\/div>\n<div>Laikyti v\u0117sioje, sausoje vietoje. Laikyti vaikams nepasiekiamoje vietoje.<\/div>\n<div>Gamintojas: Fitness Trading, Robert Szulborski, ul. Sitarska 16, 18-300 Zambr\u00f3w, Lenkija.<\/div>\n<div>Grynas kiekis: 90 kapsuli\u0173 (65g).<\/div>\n<div>Geriausias iki (termino pabaigos): geriausias vartoti iki termino, nurodyto ant pakuot\u0117s \u0161ono, vir\u0161aus arba jos apa\u010dioje.<\/div>\n<div>Partija: \u017er. ant pakuot\u0117s.<\/div>\n<div><\/div>\n<div><strong>\u012esp\u0117jimas:<\/strong><\/div>\n<div><\/div>\n<div>Maisto papildas n\u0117ra maisto pakaitalas. Svarbu \u012fvairi ir subalansuota mityba bei sveikas gyvenimo b\u016bdas. Jeigu esate n\u0117\u0161\u010dia, maitinate kr\u016btimi ar vartojate kitus vaistus, prie\u0161 vartojim\u0105 pasitarkite su gydytoju ar vaistininku. Nevir\u0161ykite nustatytos rekomenduojamos doz\u0117s.<\/div>\n","protected":false},"excerpt":{"rendered":"<div>OstroVit Fat Burner eXtreme \u2013 riebal\u0173 degintojas su unikaliu nat\u016brali\u0173 med\u017eiag\u0173 deriniu<\/div>\n<div><\/div>\n<div><strong>Pagrindin\u0117s savyb\u0117s:<\/strong><\/div>\n<div><\/div>\n<ul>\n<li>Skatina riebal\u0173 deginim\u0105 ir energijos padid\u0117jim\u0105<\/li>\n<li>Padeda palaikyti normal\u0173 cukraus kiek\u012f kraujyje<\/li>\n<li>Gerina med\u017eiag\u0173 apykait\u0105 ir termogenez\u0119<\/li>\n<li>Skatina vir\u0161kinimo procesus ir padeda kovoti su nuovargiu<\/li>\n<\/ul>\n","protected":false},"featured_media":43125,"comment_status":"open","ping_status":"closed","template":"","meta":{"inline_featured_image":false},"product_brand":[],"product_cat":[159,120],"product_tag":[],"class_list":{"0":"post-43124","1":"product","2":"type-product","3":"status-publish","4":"has-post-thumbnail","6":"product_cat-akcijos","7":"product_cat-svorio-kontrolei","9":"first","10":"instock","11":"sale","12":"shipping-taxable","13":"purchasable","14":"product-type-simple"},"_links":{"self":[{"href":"https:\/\/loosen.lt\/lv\/wp-json\/wp\/v2\/product\/43124","targetHints":{"allow":["GET"]}}],"collection":[{"href":"https:\/\/loosen.lt\/lv\/wp-json\/wp\/v2\/product"}],"about":[{"href":"https:\/\/loosen.lt\/lv\/wp-json\/wp\/v2\/types\/product"}],"replies":[{"embeddable":true,"href":"https:\/\/loosen.lt\/lv\/wp-json\/wp\/v2\/comments?post=43124"}],"wp:featuredmedia":[{"embeddable":true,"href":"https:\/\/loosen.lt\/lv\/wp-json\/wp\/v2\/media\/43125"}],"wp:attachment":[{"href":"https:\/\/loosen.lt\/lv\/wp-json\/wp\/v2\/media?parent=43124"}],"wp:term":[{"taxonomy":"product_brand","embeddable":true,"href":"https:\/\/loosen.lt\/lv\/wp-json\/wp\/v2\/product_brand?post=43124"},{"taxonomy":"product_cat","embeddable":true,"href":"https:\/\/loosen.lt\/lv\/wp-json\/wp\/v2\/product_cat?post=43124"},{"taxonomy":"product_tag","embeddable":true,"href":"https:\/\/loosen.lt\/lv\/wp-json\/wp\/v2\/product_tag?post=43124"}],"curies":[{"name":"wp","href":"https:\/\/api.w.org\/{rel}","templated":true}]}}