{"id":43137,"date":"2026-04-12T14:24:11","date_gmt":"2026-04-12T14:24:11","guid":{"rendered":"https:\/\/loosen.lt\/?post_type=product&#038;p=43137"},"modified":"2026-04-12T14:24:11","modified_gmt":"2026-04-12T14:24:11","slug":"ostrovit-fat-burner-for-women-60-kapsuliu","status":"publish","type":"product","link":"https:\/\/loosen.lt\/lv\/produkts\/ostrovit-fat-burner-for-women-60-kapsuliu\/","title":{"rendered":"OstroVit Fat Burner For Women \u2013 60 kapsuli\u0173"},"content":{"rendered":"<div><strong>Sudedamosios dalys:<\/strong> L-karnitino tartratas, \u017ealios arbatos lap\u0173 ekstraktas (Camellia sinensis) su 50% polifenoli\u0173, L-tirozinas, bevandenis kofeinas, afrikieti\u0161ko mango s\u0117kl\u0173 ekstraktas (Irvingia Gabonensis) 10:1, imbiero \u0161aknies ekstraktas (Zingiber officinale) su 5% gingerolio, \u017ealios kavos pupeli\u0173 ekstraktas (Coffea) su 50% chlorogeno r\u016bg\u0161ties, silicio dioksidas (lipnumui reguliuoti), kapsul\u0117s apvalkalas (\u017eelatina, vanduo, da\u017eikliai: raudonasis gele\u017eies oksidas, azorubinas*), chromo pikolinatas (chromas).<\/div>\n<div><strong>Alergenai:<\/strong> gali tur\u0117ti p\u0117dsak\u0173 pieno (\u012fskaitant laktoz\u0119), soj\u0173, \u017eem\u0117s rie\u0161ut\u0173, kit\u0173 rie\u0161ut\u0173, sezamo s\u0117kl\u0173, glitimo turin\u010di\u0173 gr\u016bd\u0173, kiau\u0161ini\u0173, v\u0117\u017eiagyvi\u0173 ir \u017euvies.<\/div>\n<div><\/div>\n<div>\n<table>\n<tbody>\n<tr>\n<td width=\"214\">Maistin\u0117 vert\u0117<\/td>\n<td width=\"214\">1 porcija (2 kapsul\u0117s)<\/td>\n<td width=\"214\">RMV%*<\/td>\n<\/tr>\n<tr>\n<td width=\"214\">L-karnitino tartratas<\/td>\n<td width=\"214\">500mg<\/td>\n<td width=\"214\">&#8211;<\/td>\n<\/tr>\n<tr>\n<td width=\"214\">\u2013 i\u0161 kurio L-karnitinas<\/td>\n<td width=\"214\">355mg<\/td>\n<td width=\"214\">&#8211;<\/td>\n<\/tr>\n<tr>\n<td width=\"214\">\u017dalios arbatos lap\u0173 ekstraktas<\/td>\n<td width=\"214\">200mg<\/td>\n<td width=\"214\">&#8211;<\/td>\n<\/tr>\n<tr>\n<td width=\"214\">\u2013 i\u0161 kuri\u0173 50% polifenoli\u0173<\/td>\n<td width=\"214\">80mg<\/td>\n<td width=\"214\">&#8211;<\/td>\n<\/tr>\n<tr>\n<td width=\"214\">L-tirozinas<\/td>\n<td width=\"214\">200mg<\/td>\n<td width=\"214\">&#8211;<\/td>\n<\/tr>\n<tr>\n<td width=\"214\">Bevandenis kofeinas<\/td>\n<td width=\"214\">197,5mg<\/td>\n<td width=\"214\">&#8211;<\/td>\n<\/tr>\n<tr>\n<td width=\"214\">Afrikinio mango s\u0117kl\u0173 ekstraktas 10:1<\/td>\n<td width=\"214\">100mg<\/td>\n<td width=\"214\">&#8211;<\/td>\n<\/tr>\n<tr>\n<td width=\"214\">Imbiero \u0161aknies ekstraktas<\/td>\n<td width=\"214\">90mg<\/td>\n<td width=\"214\">&#8211;<\/td>\n<\/tr>\n<tr>\n<td width=\"214\">\u2013 i\u0161 kuri\u0173 gingerolis (5%)<\/td>\n<td width=\"214\">4,5mg<\/td>\n<td width=\"214\">&#8211;<\/td>\n<\/tr>\n<tr>\n<td width=\"214\">\u017dalios kavos pupeli\u0173 ekstraktas<\/td>\n<td width=\"214\">50mg<\/td>\n<td width=\"214\">&#8211;<\/td>\n<\/tr>\n<tr>\n<td width=\"214\">\u2013 i\u0161 kuri\u0173 chlorogeno r\u016bg\u0161tis<\/td>\n<td width=\"214\">25mg<\/td>\n<td width=\"214\">&#8211;<\/td>\n<\/tr>\n<tr>\n<td width=\"214\">\u2013 i\u0161 kuris kofeinas 5%<\/td>\n<td width=\"214\">2,5mg<\/td>\n<td width=\"214\">&#8211;<\/td>\n<\/tr>\n<tr>\n<td width=\"214\">Chromas<\/td>\n<td width=\"214\">100 \u00b5g<\/td>\n<td width=\"214\">250%<\/td>\n<\/tr>\n<tr>\n<td width=\"214\">*RMV% \u2013 referencin\u0117 maistin\u0117 vert\u0117<\/td>\n<td width=\"214\">&nbsp;<\/td>\n<td width=\"214\">&nbsp;<\/td>\n<\/tr>\n<\/tbody>\n<\/table>\n<\/div>\n<p>&nbsp;<\/p>\n<div><strong>Vartojimas:<\/strong> suvartokite 1 porcij\u0105 (2 kapsules) per dien\u0105.<\/div>\n<div><\/div>\n<div><strong>Laikymo s\u0105lygos:<\/strong><\/div>\n<div><\/div>\n<div>Laikyti v\u0117sioje, sausoje vietoje. Laikyti vaikams nepasiekiamoje vietoje.<\/div>\n<div>Gamintojas: Fitness Trading, Robert Szulborski, ul. Sitarska 16, 18-300 Zambr\u00f3w, Lenkija.<\/div>\n<div>Grynas kieki: 60 kapsuli\u0173 (47g).<\/div>\n<div>Geriausias iki (termino pabaigos): geriausias vartoti iki termino, nurodyto ant pakuot\u0117s \u0161ono, vir\u0161aus arba jos apa\u010dioje.<\/div>\n<div>Partija: \u017er. ant pakuot\u0117s.<\/div>\n<div><\/div>\n<div><strong>\u012esp\u0117jimas:<\/strong><\/div>\n<div><\/div>\n<div>Maisto papildas n\u0117ra maisto pakaitalas. Svarbu \u012fvairi ir subalansuota mityba bei sveikas gyvenimo b\u016bdas. Jeigu esate n\u0117\u0161\u010dia, maitinate kr\u016btimi ar vartojate kitus vaistus, prie\u0161 vartojim\u0105 pasitarkite su gydytoju ar vaistininku. Nevir\u0161ykite nustatytos rekomenduojamos doz\u0117s.<\/div>\n","protected":false},"excerpt":{"rendered":"<p>Sudedamosios dalys: L-karnitino tartratas, \u017ealios arbatos lap\u0173 ekstraktas (Camellia sinensis) su 50% polifenoli\u0173, L-tirozinas, bevandenis kofeinas, afrikieti\u0161ko mango s\u0117kl\u0173 ekstraktas (Irvingia Gabonensis) 10:1, imbiero \u0161aknies ekstraktas (Zingiber officinale) su 5% gingerolio, \u017ealios kavos pupeli\u0173 ekstraktas (Coffea) su 50% chlorogeno r\u016bg\u0161ties, silicio dioksidas (lipnumui reguliuoti), kapsul\u0117s apvalkalas (\u017eelatina, vanduo, da\u017eikliai: raudonasis gele\u017eies oksidas, azorubinas*), chromo pikolinatas [&#8230;]\n","protected":false},"featured_media":43138,"comment_status":"open","ping_status":"closed","template":"","meta":{"inline_featured_image":false},"product_brand":[],"product_cat":[159,120],"product_tag":[],"class_list":{"0":"post-43137","1":"product","2":"type-product","3":"status-publish","4":"has-post-thumbnail","6":"product_cat-akcijos","7":"product_cat-svorio-kontrolei","9":"first","10":"instock","11":"sale","12":"shipping-taxable","13":"purchasable","14":"product-type-simple"},"_links":{"self":[{"href":"https:\/\/loosen.lt\/lv\/wp-json\/wp\/v2\/product\/43137","targetHints":{"allow":["GET"]}}],"collection":[{"href":"https:\/\/loosen.lt\/lv\/wp-json\/wp\/v2\/product"}],"about":[{"href":"https:\/\/loosen.lt\/lv\/wp-json\/wp\/v2\/types\/product"}],"replies":[{"embeddable":true,"href":"https:\/\/loosen.lt\/lv\/wp-json\/wp\/v2\/comments?post=43137"}],"wp:featuredmedia":[{"embeddable":true,"href":"https:\/\/loosen.lt\/lv\/wp-json\/wp\/v2\/media\/43138"}],"wp:attachment":[{"href":"https:\/\/loosen.lt\/lv\/wp-json\/wp\/v2\/media?parent=43137"}],"wp:term":[{"taxonomy":"product_brand","embeddable":true,"href":"https:\/\/loosen.lt\/lv\/wp-json\/wp\/v2\/product_brand?post=43137"},{"taxonomy":"product_cat","embeddable":true,"href":"https:\/\/loosen.lt\/lv\/wp-json\/wp\/v2\/product_cat?post=43137"},{"taxonomy":"product_tag","embeddable":true,"href":"https:\/\/loosen.lt\/lv\/wp-json\/wp\/v2\/product_tag?post=43137"}],"curies":[{"name":"wp","href":"https:\/\/api.w.org\/{rel}","templated":true}]}}