{"id":43212,"date":"2026-04-15T18:26:28","date_gmt":"2026-04-15T18:26:28","guid":{"rendered":"https:\/\/loosen.lt\/?post_type=product&#038;p=43212"},"modified":"2026-04-15T18:26:29","modified_gmt":"2026-04-15T18:26:29","slug":"ostrovit-vitamin-b-complex-90-tableciu","status":"publish","type":"product","link":"https:\/\/loosen.lt\/lv\/produkts\/ostrovit-vitamin-b-complex-90-tableciu\/","title":{"rendered":"OstroVit Vitamin B Complex \u2013 90 table\u010di\u0173"},"content":{"rendered":"<div><strong>Sudedamosios dalys:<\/strong> mikrokristalin\u0117 celiulioz\u0117 (u\u017epildas), L-askorbo r\u016bg\u0161tis (vitaminas C), krakmolas, maltodekstrinas, DL-\u03b1-tokoferilacetatas (vitaminas E), nikotino r\u016bg\u0161tis (vitaminas B3), lipnum\u0105 reguliuojan\u010dios med\u017eiagos (riebal\u0173 r\u016bg\u0161\u010di\u0173 magnio druskos, silicio dioksidas), kalcio D-pantotenatas (pantoteno r\u016bg\u0161tis), riboflavinas (vitaminas B2), piridoksino hidrochloridas (vitaminas B6), tiaminhidrochloridas (vitaminas B1), pteroilmonoglutamo r\u016bg\u0161tis (folio r\u016bg\u0161tis), D-biotinas (biotinas), cianokobalaminas (vitaminas B12).<\/div>\n<div><strong>Alergenai:<\/strong> gali tur\u0117ti p\u0117dsak\u0173 pieno (\u012fskaitant laktoz\u0119), soj\u0173, \u017eem\u0117s rie\u0161ut\u0173, kit\u0173 rie\u0161ut\u0173, sezamo s\u0117kl\u0173, glitimo turin\u010di\u0173 gr\u016bd\u0173, kiau\u0161ini\u0173, v\u0117\u017eiagyvi\u0173 ir \u017euvies.<\/div>\n<div><\/div>\n<div>\n<table>\n<tbody>\n<tr>\n<td width=\"214\">Maistin\u0117 vert\u0117<\/td>\n<td width=\"214\">1 porcija<\/td>\n<\/tr>\n<tr>\n<td width=\"214\">Vitaminas C<\/td>\n<td width=\"214\">80 mg (100%*)<\/td>\n<\/tr>\n<tr>\n<td width=\"214\">Niacinas<\/td>\n<td width=\"214\">16 mg (100%*)<\/td>\n<\/tr>\n<tr>\n<td width=\"214\">Vitaminas E<\/td>\n<td width=\"214\">12 mg (100%*)<\/td>\n<\/tr>\n<tr>\n<td width=\"214\">Pantoteno r\u016bg\u0161tis<\/td>\n<td width=\"214\">6 mg (100%*)<\/td>\n<\/tr>\n<tr>\n<td width=\"214\">Vitaminas B6<\/td>\n<td width=\"214\">1,4 mg (100%*)<\/td>\n<\/tr>\n<tr>\n<td width=\"214\">Riboflavinas<\/td>\n<td width=\"214\">1,4 mg (100%*)<\/td>\n<\/tr>\n<tr>\n<td width=\"214\">Tiaminas<\/td>\n<td width=\"214\">1,1 mg (100%*)<\/td>\n<\/tr>\n<tr>\n<td width=\"214\">Folio r\u016bg\u0161tis<\/td>\n<td width=\"214\">200 \u00b5g (100%*)<\/td>\n<\/tr>\n<tr>\n<td width=\"214\">Biotinas<\/td>\n<td width=\"214\">50 \u00b5g (100%*)<\/td>\n<\/tr>\n<tr>\n<td width=\"214\">Vitaminas B12<\/td>\n<td width=\"214\">2.5 \u00b5g (100%*)<\/td>\n<\/tr>\n<tr>\n<td width=\"214\">*RMV \u2013 referencin\u0117 maistin\u0117 vert\u0117<\/td>\n<td width=\"214\">&nbsp;<\/td>\n<\/tr>\n<\/tbody>\n<\/table>\n<\/div>\n<p>&nbsp;<\/p>\n<div><strong>Vartojimas:<\/strong> Rekomenduojama vartoti po vien\u0105 tablet\u0119 per dien\u0105, ma\u017eiausiai 30 minu\u010di\u0173 prie\u0161 pirm\u0105j\u012f valg\u012f.<\/div>\n<div><\/div>\n<div><strong>Laikymo s\u0105lygos:<\/strong><\/div>\n<div><\/div>\n<div>Laikyti v\u0117sioje, sausoje vietoje. Laikyti vaikams nepasiekiamoje vietoje.<\/div>\n<div>Gamintojas: Fitness Trading, Robert Szulborski, ul. Sitarska 16, 18-300 Zambr\u00f3w, Lenkija.<\/div>\n<div>Grynas kiekis: 90 table\u010di\u0173 (43 g).<\/div>\n<div>Geriausias iki (termino pabaigos): geriausias vartoti iki termino, nurodyto ant pakuot\u0117s \u0161ono, vir\u0161aus arba jos apa\u010dioje.<\/div>\n<div>Partija: \u017er. ant pakuot\u0117s.<\/div>\n<div><\/div>\n<div><strong>\u012esp\u0117jimas:<\/strong><\/div>\n<div><\/div>\n<div>Maisto papildas n\u0117ra maisto pakaitalas. Svarbu \u012fvairi ir subalansuota mityba bei sveikas gyvenimo b\u016bdas. Jeigu esate n\u0117\u0161\u010dia, maitinate kr\u016btimi ar vartojate kitus vaistus, prie\u0161 vartojim\u0105 pasitarkite su gydytoju ar vaistininku. Nevir\u0161ykite nustatytos rekomenduojamos doz\u0117s.<\/div>\n","protected":false},"excerpt":{"rendered":"<div>OstroVit Vitamin B Complex \u2013 B grup\u0117s vitamin\u0173 kompleksas, papildytas vitaminais C ir E<\/div>\n<div><\/div>\n<div><strong>Pagrindin\u0117s savyb\u0117s:<\/strong><\/div>\n<div><\/div>\n<div><strong>Vitaminas C (Askorbo r\u016bg\u0161tis)<\/strong><\/div>\n<div><\/div>\n<ul>\n<li>Imunin\u0117s sistemos palaikymas:<\/li>\n<li>Nuovargio ma\u017einimas<\/li>\n<li>Kraujo kraujagysli\u0173 funkcija<\/li>\n<li>Kolageno formavimas<\/li>\n<\/ul>\n<div><\/div>\n<div><strong>Vitaminas E (Tokoferolis)<\/strong><\/div>\n<div><\/div>\n<ul>\n<li>Oksidacin\u0117s pa\u017eaidos apsauga<\/li>\n<\/ul>\n<div><\/div>\n<div><strong>Tiaminas (Vitaminas B1)<\/strong><\/div>\n<div><\/div>\n<ul>\n<li>Energijos apykaita<\/li>\n<li>Nerv\u0173 sistemos veikla<\/li>\n<li>\u0160irdies veikla<\/li>\n<\/ul>\n<div><\/div>\n<div><strong>Riboflavinas (Vitaminas B2)<\/strong><\/div>\n<div><\/div>\n<ul>\n<li>Nuovargio ma\u017einimas<\/li>\n<li>Oksidacin\u0117s pa\u017eaidos apsauga<\/li>\n<li>Energijos apykaita<\/li>\n<li>Nerv\u0173 sistemos veikla<\/li>\n<\/ul>\n<div><\/div>\n<div><strong>Niacinas (Vitaminas B3)<\/strong><\/div>\n<div><\/div>\n<ul>\n<li>Energijos apykaita<\/li>\n<li>Nerv\u0173 sistemos veikla<\/li>\n<li>Nuovargio ma\u017einimas<\/li>\n<\/ul>\n<div><\/div>\n<div><strong>Pantoteno r\u016bg\u0161tis (Vitaminas B5)<\/strong><\/div>\n<div><\/div>\n<ul>\n<li>Nuovargio ma\u017einimas<\/li>\n<li>Protinei veiklai<\/li>\n<\/ul>\n<div><\/div>\n<div><strong>Vitaminas B6 (Piridoksinas)<\/strong><\/div>\n<div><\/div>\n<ul>\n<li>Energijos apykaita<\/li>\n<li>Nerv\u0173 sistemos veikla<\/li>\n<li>Imunin\u0117s sistemos palaikymas<\/li>\n<li>Nuovargio ma\u017einimas<\/li>\n<\/ul>\n<div><\/div>\n<div><strong>Vitaminas B12 (Kobalaminas)<\/strong><\/div>\n<div><\/div>\n<ul>\n<li>Energijos apykaita<\/li>\n<li>Nerv\u0173 sistemos veikla<\/li>\n<li>Imunin\u0117s sistemos palaikymas<\/li>\n<li>Nuovargio ma\u017einimas<\/li>\n<\/ul>\n","protected":false},"featured_media":43213,"comment_status":"open","ping_status":"closed","template":"","meta":{"inline_featured_image":false},"product_brand":[],"product_cat":[159,124,126],"product_tag":[],"class_list":{"0":"post-43212","1":"product","2":"type-product","3":"status-publish","4":"has-post-thumbnail","6":"product_cat-akcijos","7":"product_cat-bendrai-sveikatai","8":"product_cat-ilgaamziskumui","10":"first","11":"instock","12":"sale","13":"shipping-taxable","14":"purchasable","15":"product-type-simple"},"_links":{"self":[{"href":"https:\/\/loosen.lt\/lv\/wp-json\/wp\/v2\/product\/43212","targetHints":{"allow":["GET"]}}],"collection":[{"href":"https:\/\/loosen.lt\/lv\/wp-json\/wp\/v2\/product"}],"about":[{"href":"https:\/\/loosen.lt\/lv\/wp-json\/wp\/v2\/types\/product"}],"replies":[{"embeddable":true,"href":"https:\/\/loosen.lt\/lv\/wp-json\/wp\/v2\/comments?post=43212"}],"wp:featuredmedia":[{"embeddable":true,"href":"https:\/\/loosen.lt\/lv\/wp-json\/wp\/v2\/media\/43213"}],"wp:attachment":[{"href":"https:\/\/loosen.lt\/lv\/wp-json\/wp\/v2\/media?parent=43212"}],"wp:term":[{"taxonomy":"product_brand","embeddable":true,"href":"https:\/\/loosen.lt\/lv\/wp-json\/wp\/v2\/product_brand?post=43212"},{"taxonomy":"product_cat","embeddable":true,"href":"https:\/\/loosen.lt\/lv\/wp-json\/wp\/v2\/product_cat?post=43212"},{"taxonomy":"product_tag","embeddable":true,"href":"https:\/\/loosen.lt\/lv\/wp-json\/wp\/v2\/product_tag?post=43212"}],"curies":[{"name":"wp","href":"https:\/\/api.w.org\/{rel}","templated":true}]}}