{"id":43227,"date":"2026-04-15T18:18:14","date_gmt":"2026-04-15T18:18:14","guid":{"rendered":"https:\/\/loosen.lt\/?post_type=product&#038;p=43227"},"modified":"2026-04-15T18:18:14","modified_gmt":"2026-04-15T18:18:14","slug":"ostrovit-nutrisie-healthy-hair-gummies-60-guminuku","status":"publish","type":"product","link":"https:\/\/loosen.lt\/lv\/produkts\/ostrovit-nutrisie-healthy-hair-gummies-60-guminuku\/","title":{"rendered":"OstroVit NUTRISIE\u00ae Healthy Hair Gummies \u2013 60 guminuk\u0173"},"content":{"rendered":"<div><strong>Sudedamosios dalys:\u00a0<\/strong> pagrind\u0105 sudaro gliukoz\u0117s sirupas, cukrus ir vanduo, o tekst\u016brai suteikti naudojamas pektinas. Produkte yra vitamin\u0173 ir mineral\u0173 mi\u0161inys (A, D, E, C, B grup\u0117s vitaminai, biotinas, folio r\u016bg\u0161tis, B12, jodas, cinkas), taip pat maltodekstrinas. Papildomai \u012fd\u0117ta citrin\u0173 r\u016bg\u0161ties, nat\u016brali\u0173 aromat\u0173, natrio citrat\u0173, karnaubo va\u0161ko, kokos\u0173 aliejaus bei nat\u016brali\u0173 da\u017eikli\u0173 (antocianin\u0173).<\/div>\n<div><strong>Alergenai:<\/strong> gali b\u016bti \u012fvairi\u0173 alergen\u0173 p\u0117dsak\u0173, \u012fskaitant pien\u0105 (ir laktoz\u0119), soj\u0105, \u017eem\u0117s bei kitus rie\u0161utus, sezam\u0105, glitimo turin\u010dius gr\u016bdus, kiau\u0161inius, v\u0117\u017eiagyvius ir \u017euv\u012f.<\/div>\n<div><\/div>\n<div>\n<table>\n<tbody>\n<tr>\n<td width=\"214\">Maistin\u0117 vert\u0117<\/td>\n<td width=\"214\">&nbsp;<\/td>\n<td width=\"214\">&nbsp;<\/td>\n<\/tr>\n<tr>\n<td width=\"214\">Vitaminas A<\/td>\n<td width=\"214\">315 \u00b5g<\/td>\n<td width=\"214\">39%*<\/td>\n<\/tr>\n<tr>\n<td width=\"214\">Vitaminas D<\/td>\n<td width=\"214\">5 \u00b5g<\/td>\n<td width=\"214\">100%*<\/td>\n<\/tr>\n<tr>\n<td width=\"214\">Vitaminas E<\/td>\n<td width=\"214\">5,5mg<\/td>\n<td width=\"214\">46%*<\/td>\n<\/tr>\n<tr>\n<td width=\"214\">Vitaminas C<\/td>\n<td width=\"214\">20mg<\/td>\n<td width=\"214\">25%*<\/td>\n<\/tr>\n<tr>\n<td width=\"214\">Pantoteno r\u016bg\u0161tis<\/td>\n<td width=\"214\">5,2mg<\/td>\n<td width=\"214\">87%*<\/td>\n<\/tr>\n<tr>\n<td width=\"214\">Biotinas<\/td>\n<td width=\"214\">2500 \u00b5g<\/td>\n<td width=\"214\">5000%*<\/td>\n<\/tr>\n<tr>\n<td width=\"214\">Folio r\u016bg\u0161tis<\/td>\n<td width=\"214\">260 \u00b5g<\/td>\n<td width=\"214\">130%*<\/td>\n<\/tr>\n<tr>\n<td width=\"214\">Vitaminas B12<\/td>\n<td width=\"214\">6 \u00b5g<\/td>\n<td width=\"214\">240%*<\/td>\n<\/tr>\n<tr>\n<td width=\"214\">Jodas<\/td>\n<td width=\"214\">42 \u00b5g<\/td>\n<td width=\"214\">28%*<\/td>\n<\/tr>\n<tr>\n<td width=\"214\">Cinkas<\/td>\n<td width=\"214\">2,7mg<\/td>\n<td width=\"214\">27%*<\/td>\n<\/tr>\n<tr>\n<td width=\"214\">Vitaminas B6<\/td>\n<td width=\"214\">2mg<\/td>\n<td width=\"214\">143%*<\/td>\n<\/tr>\n<\/tbody>\n<\/table>\n<\/div>\n<div>*referencin\u0117 maistin\u0117 vert\u0117<\/div>\n<div><\/div>\n<div><strong>Vartojimas:<\/strong> Rekomenduojama vartoti po 1 guminuk\u0105 per dien\u0105, geriausia po valgio \u2013 prie\u0161 nuryjant kruop\u0161\u010diai sukramtyti. Skirta suaugusi\u0173j\u0173 vartojimui.<\/div>\n<div><\/div>\n<div><strong>Laikymo s\u0105lygos:<\/strong><\/div>\n<div><\/div>\n<div>Laikyti v\u0117sioje, sausoje vietoje. Laikyti vaikams nepasiekiamoje vietoje.<\/div>\n<div>Gamintojas: Fitness Trading, Robert Szulborski, ul. Sitarska 16, 18-300 Zambr\u00f3w, Lenkija.<\/div>\n<div>Grynas kiekis: 143 g (60 guminuk\u0173).<\/div>\n<div>Geriausias iki (termino pabaigos): geriausias vartoti iki termino, nurodyto ant pakuot\u0117s \u0161ono, vir\u0161aus arba jos apa\u010dioje.<\/div>\n<div>Partija: \u017er. ant pakuot\u0117s.<\/div>\n<div><\/div>\n<div><strong>\u012esp\u0117jimas:<\/strong><\/div>\n<div><\/div>\n<div>Maisto papildas n\u0117ra maisto pakaitalas. Svarbu \u012fvairi ir subalansuota mityba bei sveikas gyvenimo b\u016bdas. Jeigu esate n\u0117\u0161\u010dia, maitinate kr\u016btimi ar vartojate kitus vaistus, prie\u0161 vartojim\u0105 pasitarkite su gydytoju ar vaistininku. Nevir\u0161ykite nustatytos rekomenduojamos doz\u0117s.<\/div>\n<p>&nbsp;<\/p>\n","protected":false},"excerpt":{"rendered":"<div>OstroVit NUTRISIE\u00ae Healthy Hair Gummies \u2013 m\u0117lyni\u0173 ir avie\u010di\u0173 skonio guminukai su 11 veikli\u0173j\u0173 med\u017eiag\u0173, \u012fskaitant vitaminus ir mineralus, skirtus organizmo funkcijoms palaikyti<\/div>\n<div><\/div>\n<div><strong>Pagrindin\u0117s savyb\u0117s:<\/strong><\/div>\n<p>&nbsp;<\/p>\n<ul>\n<li>Imunitetui \u2013 vitaminas C, D, A, B6, B12, cinkas<\/li>\n<li>Odai ir plaukams \u2013 biotinas, cinkas, vitaminas A<\/li>\n<li>Energijos apykaitai \u2013 B grup\u0117s vitaminai (B6, B12, pantoteno r.)<\/li>\n<li>Nerv\u0173 sistemai \u2013 B6, B12, vitaminas C<\/li>\n<li>Antioksidacin\u0117 apsauga \u2013 vitaminai C ir E<\/li>\n<li>Skydliaukei \u2013 jodas<\/li>\n<li>L\u0105steli\u0173 dalijimuisi \u2013 folio r\u016bg\u0161tis<\/li>\n<\/ul>\n","protected":false},"featured_media":43228,"comment_status":"open","ping_status":"closed","template":"","meta":{"inline_featured_image":false},"product_brand":[],"product_cat":[159,121],"product_tag":[],"class_list":{"0":"post-43227","1":"product","2":"type-product","3":"status-publish","4":"has-post-thumbnail","6":"product_cat-akcijos","7":"product_cat-groziui","9":"first","10":"instock","11":"sale","12":"shipping-taxable","13":"purchasable","14":"product-type-simple"},"_links":{"self":[{"href":"https:\/\/loosen.lt\/lv\/wp-json\/wp\/v2\/product\/43227","targetHints":{"allow":["GET"]}}],"collection":[{"href":"https:\/\/loosen.lt\/lv\/wp-json\/wp\/v2\/product"}],"about":[{"href":"https:\/\/loosen.lt\/lv\/wp-json\/wp\/v2\/types\/product"}],"replies":[{"embeddable":true,"href":"https:\/\/loosen.lt\/lv\/wp-json\/wp\/v2\/comments?post=43227"}],"wp:featuredmedia":[{"embeddable":true,"href":"https:\/\/loosen.lt\/lv\/wp-json\/wp\/v2\/media\/43228"}],"wp:attachment":[{"href":"https:\/\/loosen.lt\/lv\/wp-json\/wp\/v2\/media?parent=43227"}],"wp:term":[{"taxonomy":"product_brand","embeddable":true,"href":"https:\/\/loosen.lt\/lv\/wp-json\/wp\/v2\/product_brand?post=43227"},{"taxonomy":"product_cat","embeddable":true,"href":"https:\/\/loosen.lt\/lv\/wp-json\/wp\/v2\/product_cat?post=43227"},{"taxonomy":"product_tag","embeddable":true,"href":"https:\/\/loosen.lt\/lv\/wp-json\/wp\/v2\/product_tag?post=43227"}],"curies":[{"name":"wp","href":"https:\/\/api.w.org\/{rel}","templated":true}]}}