{"id":43244,"date":"2026-04-21T19:41:55","date_gmt":"2026-04-21T19:41:55","guid":{"rendered":"https:\/\/loosen.lt\/?post_type=product&#038;p=43244"},"modified":"2026-04-21T19:41:55","modified_gmt":"2026-04-21T19:41:55","slug":"swanson-acetil-l-karnitinas-500mg-100-kapsuliu","status":"publish","type":"product","link":"https:\/\/loosen.lt\/lv\/produkts\/swanson-acetil-l-karnitinas-500mg-100-kapsuliu\/","title":{"rendered":"Swanson ACETIL L-KARNITINAS 500mg \u2013 100 kapsuli\u0173"},"content":{"rendered":"<p><strong>Sudedamosios dalys:<\/strong> acetil L-karnitino HCl; kapsul\u0117s strukt\u016br\u0105 formuojantys komponentai \u2013 hidroksipropilmetilceliulioz\u0117 ir mikrokristalin\u0117 celiulioz\u0117; emulsiklis \u2013 riebal\u0173 r\u016bg\u0161\u010di\u0173 magnio druskos; sukibim\u0105 reguliuojanti med\u017eiaga \u2013 silicio dioksidas<\/p>\n<table>\n<tbody>\n<tr>\n<td width=\"214\">Maistin\u0117 vert\u0117<\/td>\n<td width=\"214\">1 kapsul\u0117je<\/td>\n<td width=\"214\">2 kapsul\u0117se<\/td>\n<\/tr>\n<tr>\n<td width=\"214\">Acetil L-Karnitino<\/td>\n<td width=\"214\">500mg<\/td>\n<td width=\"214\">1000mg<\/td>\n<\/tr>\n<\/tbody>\n<\/table>\n<p>&nbsp;<\/p>\n<div><strong>Vartojimas:<\/strong> Rekomenduojama vartoti suaugusiesiems po vien\u0105 kapsul\u0119 vien\u0105 ar du kartus per par\u0105, u\u017egeriant pakankamu kiekiu vandens.<\/div>\n<div><\/div>\n<div><strong>Laikymo s\u0105lygos:<\/strong><\/div>\n<div><\/div>\n<div>Laikyti v\u0117sioje, sausoje vietoje. Laikyti vaikams nepasiekiamoje vietoje.<\/div>\n<div>Gamintojas: Swanson Health Products Inc., JAV.<\/div>\n<div>Grynas kiekis: 100 kapsuli\u0173<\/div>\n<div>Geriausias iki (termino pabaigos): geriausias vartoti iki termino, nurodyto ant pakuot\u0117s \u0161ono, vir\u0161aus arba jos apa\u010dioje.<\/div>\n<div><\/div>\n<div><strong>\u012esp\u0117jimas:<\/strong><\/div>\n<div><\/div>\n<div>Maisto papildas n\u0117ra maisto pakaitalas. Svarbu \u012fvairi ir subalansuota mityba bei sveikas gyvenimo b\u016bdas. Jeigu esate n\u0117\u0161\u010dia, maitinate kr\u016btimi ar vartojate kitus vaistus, prie\u0161 vartojim\u0105 pasitarkite su gydytoju ar vaistininku. Nevir\u0161ykite nustatytos rekomenduojamos doz\u0117s.<\/div>\n","protected":false},"excerpt":{"rendered":"<div>Swanson Acetil L-karnitinas pagamintas JAV pagal auk\u0161tus kokyb\u0117s standartus<\/div>\n<div><\/div>\n<div><strong>Pagrindin\u0117s savyb\u0117s:<\/strong><\/div>\n<div><\/div>\n<ul>\n<li>Sud\u0117tyje yra acetil L-karnitino \u2013 med\u017eiagos, dalyvaujan\u010dios energijos apykaitos procesuose<\/li>\n<li>Populiarus papildas aktyv\u0173 gyvenimo b\u016bd\u0105 vertinantiems \u017emon\u0117ms<\/li>\n<li>Pla\u010diai tiriamas papildas<\/li>\n<\/ul>\n","protected":false},"featured_media":43245,"comment_status":"open","ping_status":"closed","template":"","meta":{"inline_featured_image":false},"product_brand":[],"product_cat":[119],"product_tag":[],"class_list":{"0":"post-43244","1":"product","2":"type-product","3":"status-publish","4":"has-post-thumbnail","6":"product_cat-energijai","8":"first","9":"instock","10":"sale","11":"shipping-taxable","12":"purchasable","13":"product-type-simple"},"_links":{"self":[{"href":"https:\/\/loosen.lt\/lv\/wp-json\/wp\/v2\/product\/43244","targetHints":{"allow":["GET"]}}],"collection":[{"href":"https:\/\/loosen.lt\/lv\/wp-json\/wp\/v2\/product"}],"about":[{"href":"https:\/\/loosen.lt\/lv\/wp-json\/wp\/v2\/types\/product"}],"replies":[{"embeddable":true,"href":"https:\/\/loosen.lt\/lv\/wp-json\/wp\/v2\/comments?post=43244"}],"wp:featuredmedia":[{"embeddable":true,"href":"https:\/\/loosen.lt\/lv\/wp-json\/wp\/v2\/media\/43245"}],"wp:attachment":[{"href":"https:\/\/loosen.lt\/lv\/wp-json\/wp\/v2\/media?parent=43244"}],"wp:term":[{"taxonomy":"product_brand","embeddable":true,"href":"https:\/\/loosen.lt\/lv\/wp-json\/wp\/v2\/product_brand?post=43244"},{"taxonomy":"product_cat","embeddable":true,"href":"https:\/\/loosen.lt\/lv\/wp-json\/wp\/v2\/product_cat?post=43244"},{"taxonomy":"product_tag","embeddable":true,"href":"https:\/\/loosen.lt\/lv\/wp-json\/wp\/v2\/product_tag?post=43244"}],"curies":[{"name":"wp","href":"https:\/\/api.w.org\/{rel}","templated":true}]}}