{"id":43268,"date":"2026-04-21T19:29:53","date_gmt":"2026-04-21T19:29:53","guid":{"rendered":"https:\/\/loosen.lt\/?post_type=product&#038;p=43268"},"modified":"2026-04-21T19:29:53","modified_gmt":"2026-04-21T19:29:53","slug":"swanson-varis-bisglicinatas-2-mg-300-tableciu","status":"publish","type":"product","link":"https:\/\/loosen.lt\/lv\/produkts\/swanson-varis-bisglicinatas-2-mg-300-tableciu\/","title":{"rendered":"Swanson VARIS (BISGLICINATAS) 2 mg \u2013 300 table\u010di\u0173"},"content":{"rendered":"<p><strong>Sudedamosios dalys:<\/strong> tablet\u0117s pagrind\u0105 sudaro augalin\u0117s kilm\u0117s mikrokristalin\u0117 celiulioz\u0117 ir kalcio karbonatas, taip pat naudojami ri\u0161ikliai ir stabilizatoriai (riebal\u0173 r\u016bg\u0161\u010di\u0173 magnio druskos, maltodekstrinas), emulsikliai (riebal\u0173 r\u016bg\u0161tys ir natrio karboksimetilceliulioz\u0117), veiklioji med\u017eiaga \u2013 vario bisglicinatas, o tablet\u0117s dangai naudojamas \u0161elakas.<\/p>\n<table>\n<tbody>\n<tr>\n<td width=\"214\">Maistin\u0117 vert\u0117<\/td>\n<td width=\"214\">1 tablet\u0117je<\/td>\n<\/tr>\n<tr>\n<td width=\"214\">Vario<\/td>\n<td width=\"214\">2mg<\/td>\n<\/tr>\n<\/tbody>\n<\/table>\n<div>* referencin\u0117 maistin\u0117 vert\u0117 200 proc.<\/div>\n<div><\/div>\n<div><strong>Vartojimas:<\/strong> suaugusiesiems rekomenduojama gerti po vien\u0105 tablet\u0119 per par\u0105, u\u017egeriant vandeniu.<\/div>\n<div><\/div>\n<div><strong>Laikymo s\u0105lygos:<\/strong><\/div>\n<div><\/div>\n<div>Laikyti v\u0117sioje, sausoje vietoje. Laikyti vaikams nepasiekiamoje vietoje.<\/div>\n<div>Gamintojas: Swanson Health Products Inc., JAV.<\/div>\n<div>Grynas kiekis: 300 kapsuli\u0173<\/div>\n<div>Geriausias iki (termino pabaigos): geriausias vartoti iki termino, nurodyto ant pakuot\u0117s \u0161ono, vir\u0161aus arba jos apa\u010dioje.<\/div>\n<div><\/div>\n<div><strong>\u012esp\u0117jimas:<\/strong><\/div>\n<div><\/div>\n<div>Maisto papildas n\u0117ra maisto pakaitalas. Svarbu \u012fvairi ir subalansuota mityba bei sveikas gyvenimo b\u016bdas. Jeigu esate n\u0117\u0161\u010dia, maitinate kr\u016btimi ar vartojate kitus vaistus, prie\u0161 vartojim\u0105 pasitarkite su gydytoju ar vaistininku. Nevir\u0161ykite nustatytos rekomenduojamos doz\u0117s.<\/div>\n","protected":false},"excerpt":{"rendered":"<div>Patentuotas \u201eSwanson\u201c vario bisglicinato maisto papildas, pagamintas JAV pagal auk\u0161\u010diausius kokyb\u0117s standartus, pasi\u017eymi patikima kokybe ir efektyvumu<\/div>\n<div><\/div>\n<div><strong>Pagrindin\u0117s savyb\u0117s:<\/strong><\/div>\n<div><\/div>\n<div><strong>Varis padeda palaikyti:<\/strong><\/div>\n<div><\/div>\n<ul>\n<li>normali\u0105 jungiamojo audinio b\u016bkl\u0119<\/li>\n<li>normali\u0105 energijos apykait\u0105<\/li>\n<li>normali\u0105 nerv\u0173 sistemos veikl\u0105<\/li>\n<li>normali\u0105 imunin\u0117s sistemos veikl\u0105<\/li>\n<li>normali\u0105 gele\u017eies perna\u0161\u0105 organizme<\/li>\n<li>normali\u0105 odos pigmentacij\u0105<\/li>\n<li>normali\u0105 plauk\u0173 pigmentacij\u0105<\/li>\n<li>l\u0105steli\u0173 apsaug\u0105 nuo oksidacin\u0117s pa\u017eaidos<\/li>\n<\/ul>\n","protected":false},"featured_media":43269,"comment_status":"open","ping_status":"closed","template":"","meta":{"inline_featured_image":false},"product_brand":[],"product_cat":[126],"product_tag":[],"class_list":{"0":"post-43268","1":"product","2":"type-product","3":"status-publish","4":"has-post-thumbnail","6":"product_cat-ilgaamziskumui","8":"first","9":"instock","10":"sale","11":"shipping-taxable","12":"purchasable","13":"product-type-simple"},"_links":{"self":[{"href":"https:\/\/loosen.lt\/lv\/wp-json\/wp\/v2\/product\/43268","targetHints":{"allow":["GET"]}}],"collection":[{"href":"https:\/\/loosen.lt\/lv\/wp-json\/wp\/v2\/product"}],"about":[{"href":"https:\/\/loosen.lt\/lv\/wp-json\/wp\/v2\/types\/product"}],"replies":[{"embeddable":true,"href":"https:\/\/loosen.lt\/lv\/wp-json\/wp\/v2\/comments?post=43268"}],"wp:featuredmedia":[{"embeddable":true,"href":"https:\/\/loosen.lt\/lv\/wp-json\/wp\/v2\/media\/43269"}],"wp:attachment":[{"href":"https:\/\/loosen.lt\/lv\/wp-json\/wp\/v2\/media?parent=43268"}],"wp:term":[{"taxonomy":"product_brand","embeddable":true,"href":"https:\/\/loosen.lt\/lv\/wp-json\/wp\/v2\/product_brand?post=43268"},{"taxonomy":"product_cat","embeddable":true,"href":"https:\/\/loosen.lt\/lv\/wp-json\/wp\/v2\/product_cat?post=43268"},{"taxonomy":"product_tag","embeddable":true,"href":"https:\/\/loosen.lt\/lv\/wp-json\/wp\/v2\/product_tag?post=43268"}],"curies":[{"name":"wp","href":"https:\/\/api.w.org\/{rel}","templated":true}]}}