{"id":43272,"date":"2026-04-21T19:28:45","date_gmt":"2026-04-21T19:28:45","guid":{"rendered":"https:\/\/loosen.lt\/?post_type=product&#038;p=43272"},"modified":"2026-04-21T19:28:45","modified_gmt":"2026-04-21T19:28:45","slug":"swanson-vitaminas-b12-100-kapsuliu","status":"publish","type":"product","link":"https:\/\/loosen.lt\/lv\/produkts\/swanson-vitaminas-b12-100-kapsuliu\/","title":{"rendered":"Swanson VITAMINAS B12 \u2013 100 kapsuli\u0173"},"content":{"rendered":"<p><strong>Sudedamosios dalys:<\/strong> \u017eelatina, ry\u017ei\u0173 miltai ir cianokobalaminas (vitaminas B12 forma).<\/p>\n<table>\n<tbody>\n<tr>\n<td width=\"214\">Sudedamosios dalys<\/td>\n<td width=\"214\">1 kapsul\u0117je<\/td>\n<\/tr>\n<tr>\n<td width=\"214\">Vitamino B12<\/td>\n<td width=\"214\">500\u00b5g*<\/td>\n<\/tr>\n<\/tbody>\n<\/table>\n<div>* \u2013 referencin\u0117 maistin\u0117 vert\u0117 20000 proc.<\/div>\n<div><\/div>\n<div><strong>Vartojimas<\/strong>: suaugusiesiems rekomenduojama gerti po 1 kapsul\u0119 per dien\u0105, u\u017esigeriant vandeniu.<\/div>\n<div><\/div>\n<div><strong>Laikymo s\u0105lygos:<\/strong><\/div>\n<div><\/div>\n<div>Laikyti v\u0117sioje, sausoje vietoje. Laikyti vaikams nepasiekiamoje vietoje.<\/div>\n<div>Gamintojas: Swanson Health Products Inc., JAV.<\/div>\n<div>Grynas kiekis: 100 kapsuli\u0173<\/div>\n<div>Geriausias iki (termino pabaigos): geriausias vartoti iki termino, nurodyto ant pakuot\u0117s \u0161ono, vir\u0161aus arba jos apa\u010dioje.<\/div>\n<div><\/div>\n<div><strong>\u012esp\u0117jimas:<\/strong><\/div>\n<div><\/div>\n<div>Maisto papildas n\u0117ra maisto pakaitalas. Svarbu \u012fvairi ir subalansuota mityba bei sveikas gyvenimo b\u016bdas. Jeigu esate n\u0117\u0161\u010dia, maitinate kr\u016btimi ar vartojate kitus vaistus, prie\u0161 vartojim\u0105 pasitarkite su gydytoju ar vaistininku. Nevir\u0161ykite nustatytos rekomenduojamos doz\u0117s.<\/div>\n<p>&nbsp;<\/p>\n","protected":false},"excerpt":{"rendered":"<div>Swanson Vitaminas B12, pagamintas JAV pagal auk\u0161\u010diausius kokyb\u0117s standartus, yra kokybi\u0161kas, efektyvus ir patikimas d\u0117l ilgamet\u0117s gamintojo patirties<\/div>\n<div><\/div>\n<div><strong>Pagrindin\u0117s savyb\u0117s:<\/strong><\/div>\n<div><\/div>\n<div><strong>Vitaminas B12 padeda:<\/strong><\/div>\n<div><\/div>\n<ul>\n<li>palaikyti normali\u0105 imunin\u0117s sistemos veikl\u0105<\/li>\n<li>u\u017etikrinti nerv\u0173 sistemos funkcij\u0105 ir psichologin\u0119 pusiausvyr\u0105<\/li>\n<li>palaikyti energijos apykait\u0105, reguliuoti homocisteino apykait\u0105<\/li>\n<li>ma\u017einti nuovarg\u012f ir pavargimo jausm\u0105<\/li>\n<li>formuotis raudoniesiems kraujo k\u016bneliams<\/li>\n<li>vykdyti l\u0105steli\u0173 dalijimosi procesus<\/li>\n<\/ul>\n","protected":false},"featured_media":43273,"comment_status":"open","ping_status":"closed","template":"","meta":{"inline_featured_image":false},"product_brand":[],"product_cat":[159,117],"product_tag":[],"class_list":{"0":"post-43272","1":"product","2":"type-product","3":"status-publish","4":"has-post-thumbnail","6":"product_cat-akcijos","7":"product_cat-nervu-sistemai","9":"first","10":"instock","11":"sale","12":"shipping-taxable","13":"purchasable","14":"product-type-simple"},"_links":{"self":[{"href":"https:\/\/loosen.lt\/lv\/wp-json\/wp\/v2\/product\/43272","targetHints":{"allow":["GET"]}}],"collection":[{"href":"https:\/\/loosen.lt\/lv\/wp-json\/wp\/v2\/product"}],"about":[{"href":"https:\/\/loosen.lt\/lv\/wp-json\/wp\/v2\/types\/product"}],"replies":[{"embeddable":true,"href":"https:\/\/loosen.lt\/lv\/wp-json\/wp\/v2\/comments?post=43272"}],"wp:featuredmedia":[{"embeddable":true,"href":"https:\/\/loosen.lt\/lv\/wp-json\/wp\/v2\/media\/43273"}],"wp:attachment":[{"href":"https:\/\/loosen.lt\/lv\/wp-json\/wp\/v2\/media?parent=43272"}],"wp:term":[{"taxonomy":"product_brand","embeddable":true,"href":"https:\/\/loosen.lt\/lv\/wp-json\/wp\/v2\/product_brand?post=43272"},{"taxonomy":"product_cat","embeddable":true,"href":"https:\/\/loosen.lt\/lv\/wp-json\/wp\/v2\/product_cat?post=43272"},{"taxonomy":"product_tag","embeddable":true,"href":"https:\/\/loosen.lt\/lv\/wp-json\/wp\/v2\/product_tag?post=43272"}],"curies":[{"name":"wp","href":"https:\/\/api.w.org\/{rel}","templated":true}]}}