{"id":43280,"date":"2026-04-21T19:26:01","date_gmt":"2026-04-21T19:26:01","guid":{"rendered":"https:\/\/loosen.lt\/?post_type=product&#038;p=43280"},"modified":"2026-04-21T19:26:01","modified_gmt":"2026-04-21T19:26:01","slug":"biotech-creatine-candy-240-tableciu","status":"publish","type":"product","link":"https:\/\/loosen.lt\/lv\/produkts\/biotech-creatine-candy-240-tableciu\/","title":{"rendered":"BioTech Creatine Candy \u2013 240 table\u010di\u0173"},"content":{"rendered":"<div><strong>Sudedamosios dalys:<\/strong> produkt\u0105 sudaro kreatino monohidratas (43 %) ir izomaltas kaip u\u017epildas. Skoniui ir spalvai suteikti naudojamas nat\u016brali\u0173 koncentrat\u0173 mi\u0161inys (maltodekstrinas, burok\u0117li\u0173 koncentratas, citrin\u0173 r\u016bg\u0161tis), bra\u0161ki\u0173 milteliai bei kvapiosios med\u017eiagos. Tekst\u016br\u0105 ir stabilum\u0105 u\u017etikrina lipnum\u0105 reguliuojan\u010dios med\u017eiagos (magnio riebal\u0173 r\u016bg\u0161\u010di\u0173 druskos, silicio dioksidas), o r\u016bg\u0161tingumui koreguoti naudojama citrin\u0173 r\u016bg\u0161tis. Saldumui suteikti naudojamas sukraloz\u0117s saldiklis.<\/div>\n<div><\/div>\n<div><strong>Alergenai:<\/strong> gaminama aplinkoje, kur apdorojami pieno produktai, kiau\u0161iniai, glitimas, soja, \u017eem\u0117s ir kiti rie\u0161utai, salieras, \u017euvis, v\u0117\u017eiagyviai bei sieros dioksidas, tod\u0117l gali b\u016bti j\u0173 p\u0117dsak\u0173.<\/div>\n<div><\/div>\n<div>\n<table>\n<tbody>\n<tr>\n<td width=\"214\">Maistin\u0117 vert\u0117<\/td>\n<td width=\"214\">4 tablet\u0117se<\/td>\n<\/tr>\n<tr>\n<td width=\"214\">Kreatino monohidratas<\/td>\n<td width=\"214\">3412mg<\/td>\n<\/tr>\n<tr>\n<td width=\"214\">i\u0161 kurio kreatino<\/td>\n<td width=\"214\">3000mg<\/td>\n<\/tr>\n<\/tbody>\n<\/table>\n<\/div>\n<p>&nbsp;<\/p>\n<div><strong>Vartojimas:<\/strong> Rekomenduojama dienos norma \u2013 4 kramtomos tablet\u0117s per par\u0105.<\/div>\n<div><\/div>\n<div><strong>Laikymo s\u0105lygos:<\/strong><\/div>\n<div><\/div>\n<div>Laikyti v\u0117sioje, sausoje vietoje. Laikyti vaikams nepasiekiamoje vietoje.<\/div>\n<div>Gamintojas: BioTech USA Kft. 1033 Budapest, Huszti ut 60., Vengrija<\/div>\n<div>Grynas kiekis: 480 g (240 table\u010di\u0173).<\/div>\n<div>Geriausias iki (termino pabaigos): geriausias vartoti iki termino, nurodyto ant pakuot\u0117s \u0161ono, vir\u0161aus arba jos apa\u010dioje.<\/div>\n<div><\/div>\n<div><strong>\u012esp\u0117jimas:<\/strong><\/div>\n<div><\/div>\n<div>Maisto papildas n\u0117ra maisto pakaitalas. Svarbu \u012fvairi ir subalansuota mityba bei sveikas gyvenimo b\u016bdas. Jeigu esate n\u0117\u0161\u010dia, maitinate kr\u016btimi ar vartojate kitus vaistus, prie\u0161 vartojim\u0105 pasitarkite su gydytoju ar vaistininku. Nevir\u0161ykite nustatytos rekomenduojamos doz\u0117s.<\/div>\n","protected":false},"excerpt":{"rendered":"<div>BioTech Creatine Candy \u2013 raudon\u0173j\u0173 uog\u0173 skonio kreatino monohidrato papildas kramtom\u0173 table\u010di\u0173 pavidalu<\/div>\n<div><\/div>\n<div><strong>Pagrindin\u0117s savyb\u0117s:<\/strong><\/div>\n<div><\/div>\n<ul>\n<li>Padeda padidinti fizin\u012f paj\u0117gum\u0105 atliekant trumpalaikius, intensyvius, pasikartojan\u010dius fizinius pratimus<\/li>\n<li>Skatina raumen\u0173 j\u0117gos augim\u0105<\/li>\n<li>Prisideda prie liesos raumen\u0173 mas\u0117s augimo<\/li>\n<li>Padeda grei\u010diau atsistatyti po intensyvi\u0173 treniruo\u010di\u0173<\/li>\n<li>Gerina sportinius rezultatus, ypa\u010d sprogstamosios j\u0117gos<\/li>\n<li>Gali pad\u0117ti i\u0161laikyti raumen\u0173 mas\u0119 sen\u0117jimo metu<\/li>\n<\/ul>\n","protected":false},"featured_media":43281,"comment_status":"open","ping_status":"closed","template":"","meta":{"inline_featured_image":false},"product_brand":[],"product_cat":[159,118],"product_tag":[],"class_list":{"0":"post-43280","1":"product","2":"type-product","3":"status-publish","4":"has-post-thumbnail","6":"product_cat-akcijos","7":"product_cat-raumenims","9":"first","10":"instock","11":"sale","12":"shipping-taxable","13":"purchasable","14":"product-type-simple"},"_links":{"self":[{"href":"https:\/\/loosen.lt\/lv\/wp-json\/wp\/v2\/product\/43280","targetHints":{"allow":["GET"]}}],"collection":[{"href":"https:\/\/loosen.lt\/lv\/wp-json\/wp\/v2\/product"}],"about":[{"href":"https:\/\/loosen.lt\/lv\/wp-json\/wp\/v2\/types\/product"}],"replies":[{"embeddable":true,"href":"https:\/\/loosen.lt\/lv\/wp-json\/wp\/v2\/comments?post=43280"}],"wp:featuredmedia":[{"embeddable":true,"href":"https:\/\/loosen.lt\/lv\/wp-json\/wp\/v2\/media\/43281"}],"wp:attachment":[{"href":"https:\/\/loosen.lt\/lv\/wp-json\/wp\/v2\/media?parent=43280"}],"wp:term":[{"taxonomy":"product_brand","embeddable":true,"href":"https:\/\/loosen.lt\/lv\/wp-json\/wp\/v2\/product_brand?post=43280"},{"taxonomy":"product_cat","embeddable":true,"href":"https:\/\/loosen.lt\/lv\/wp-json\/wp\/v2\/product_cat?post=43280"},{"taxonomy":"product_tag","embeddable":true,"href":"https:\/\/loosen.lt\/lv\/wp-json\/wp\/v2\/product_tag?post=43280"}],"curies":[{"name":"wp","href":"https:\/\/api.w.org\/{rel}","templated":true}]}}