{"id":43288,"date":"2026-04-21T19:23:09","date_gmt":"2026-04-21T19:23:09","guid":{"rendered":"https:\/\/loosen.lt\/?post_type=product&#038;p=43288"},"modified":"2026-04-21T19:23:09","modified_gmt":"2026-04-21T19:23:09","slug":"swanson-vitaminas-d3-1000tv-250-kapsuliu","status":"publish","type":"product","link":"https:\/\/loosen.lt\/lv\/produkts\/swanson-vitaminas-d3-1000tv-250-kapsuliu\/","title":{"rendered":"Swanson VITAMINAS D3 1000TV \u2013 250 kapsuli\u0173"},"content":{"rendered":"<p><strong>Sudedamosios dalys:<\/strong> cholekalciferolis, ry\u017ei\u0173 miltai, \u017eelatina, maistinis krakmolas, sacharoz\u0117, natrio L-askorbatas, vidutin\u0117s grandin\u0117s trigliceridai ir silicio dioksidas (lipnumo reguliavimui).<\/p>\n<table>\n<tbody>\n<tr>\n<td width=\"214\">Maistin\u0117 vert\u0117<\/td>\n<td width=\"214\">1 kapsul\u0117je<\/td>\n<\/tr>\n<tr>\n<td width=\"214\">Vitaminas D3<\/td>\n<td width=\"214\">25\u00b5g*<\/td>\n<\/tr>\n<\/tbody>\n<\/table>\n<p>&nbsp;<\/p>\n<div><strong>Vartojimas:<\/strong> po 1 kapsul\u0119 kart\u0105 per dien\u0105, u\u017egeriant vandeniu.<\/div>\n<div><\/div>\n<div><strong>Laikymo s\u0105lygos:<\/strong><\/div>\n<div><\/div>\n<div>Laikyti v\u0117sioje, sausoje vietoje. Laikyti vaikams nepasiekiamoje vietoje.<\/div>\n<div>Gamintojas: Swanson Health Products Inc., JAV.<\/div>\n<div>Grynas kiekis: 250 kapsuli\u0173<\/div>\n<div>Geriausias iki (termino pabaigos): geriausias vartoti iki termino, nurodyto ant pakuot\u0117s \u0161ono, vir\u0161aus arba jos apa\u010dioje.<\/div>\n<div><\/div>\n<div><strong>\u012esp\u0117jimas:<\/strong><\/div>\n<div><\/div>\n<div>Maisto papildas n\u0117ra maisto pakaitalas. Svarbu \u012fvairi ir subalansuota mityba bei sveikas gyvenimo b\u016bdas. Jeigu esate n\u0117\u0161\u010dia, maitinate kr\u016btimi ar vartojate kitus vaistus, prie\u0161 vartojim\u0105 pasitarkite su gydytoju ar vaistininku. Nevir\u0161ykite nustatytos rekomenduojamos doz\u0117s.<\/div>\n","protected":false},"excerpt":{"rendered":"<div>\u201eSwanson\u201c vitaminas D3 yra viena biologi\u0161kai aktyviausi\u0173 ir lengviausiai organizmo pasisavinam\u0173 vitamino D3 form\u0173<\/div>\n<div><\/div>\n<div><strong>Pagrindin\u0117s savyb\u0117s:<\/strong><\/div>\n<div><\/div>\n<ul>\n<li>Palaiko normali\u0105 kaul\u0173 b\u016bkl\u0119<\/li>\n<li>Palaiko normali\u0105 dant\u0173 b\u016bkl\u0119<\/li>\n<li>Palaiko kalcio ir fosforo \u012fsisavinim\u0105<\/li>\n<li>Palaiko normali\u0105 kalcio koncentracij\u0105 kraujyje<\/li>\n<li>Prisideda prie normalios imunin\u0117s sistemos veiklos<\/li>\n<li>Dalyvauja l\u0105steli\u0173 dalijimosi procese<\/li>\n<\/ul>\n","protected":false},"featured_media":43289,"comment_status":"open","ping_status":"closed","template":"","meta":{"inline_featured_image":false},"product_brand":[],"product_cat":[159,116],"product_tag":[],"class_list":{"0":"post-43288","1":"product","2":"type-product","3":"status-publish","4":"has-post-thumbnail","6":"product_cat-akcijos","7":"product_cat-kaulams-ir-sanariams","9":"first","10":"instock","11":"sale","12":"shipping-taxable","13":"purchasable","14":"product-type-simple"},"_links":{"self":[{"href":"https:\/\/loosen.lt\/lv\/wp-json\/wp\/v2\/product\/43288","targetHints":{"allow":["GET"]}}],"collection":[{"href":"https:\/\/loosen.lt\/lv\/wp-json\/wp\/v2\/product"}],"about":[{"href":"https:\/\/loosen.lt\/lv\/wp-json\/wp\/v2\/types\/product"}],"replies":[{"embeddable":true,"href":"https:\/\/loosen.lt\/lv\/wp-json\/wp\/v2\/comments?post=43288"}],"wp:featuredmedia":[{"embeddable":true,"href":"https:\/\/loosen.lt\/lv\/wp-json\/wp\/v2\/media\/43289"}],"wp:attachment":[{"href":"https:\/\/loosen.lt\/lv\/wp-json\/wp\/v2\/media?parent=43288"}],"wp:term":[{"taxonomy":"product_brand","embeddable":true,"href":"https:\/\/loosen.lt\/lv\/wp-json\/wp\/v2\/product_brand?post=43288"},{"taxonomy":"product_cat","embeddable":true,"href":"https:\/\/loosen.lt\/lv\/wp-json\/wp\/v2\/product_cat?post=43288"},{"taxonomy":"product_tag","embeddable":true,"href":"https:\/\/loosen.lt\/lv\/wp-json\/wp\/v2\/product_tag?post=43288"}],"curies":[{"name":"wp","href":"https:\/\/api.w.org\/{rel}","templated":true}]}}