{"id":43300,"date":"2026-04-22T10:53:52","date_gmt":"2026-04-22T10:53:52","guid":{"rendered":"https:\/\/loosen.lt\/?post_type=product&#038;p=43300"},"modified":"2026-04-22T13:43:28","modified_gmt":"2026-04-22T13:43:28","slug":"swanson-resveratrolis-250-mg-30-kapsuliu","status":"publish","type":"product","link":"https:\/\/loosen.lt\/lv\/produkts\/swanson-resveratrolis-250-mg-30-kapsuliu\/","title":{"rendered":"Swanson RESVERATROLIS 250 mg \u2013 30 kapsuli\u0173"},"content":{"rendered":"<p><strong>Sudedamosios dalys<\/strong>: japonini\u0173 pla\u010dialapi\u0173 r\u016bg\u010di\u0173 (Polygonum cuspidatum) \u0161akn\u0173 sausasis ekstraktas, ry\u017ei\u0173 miltai, \u017eelatina bei lipnum\u0105 reguliuojan\u010dios med\u017eiagos \u2013 kalcio karbonatas ir silicio dioksidas.<\/p>\n<table>\n<tbody>\n<tr>\n<td width=\"214\">Maistin\u0117 vert\u0117<\/td>\n<td width=\"214\">1 kapsul\u0117je<\/td>\n<\/tr>\n<tr>\n<td width=\"214\">Resveratrolio ekstrakto<\/td>\n<td width=\"214\">250mg<\/td>\n<\/tr>\n<\/tbody>\n<\/table>\n<p>&nbsp;<\/p>\n<div><strong>Vartojimas:<\/strong> suaugusiesiems rekomenduojama vartoti po 1 kapsul\u0119 per dien\u0105, geriausia valgant ir u\u017esigeriant vandeniu.<\/div>\n<div><\/div>\n<div><strong>Laikymo s\u0105lygos:<\/strong><\/div>\n<div><\/div>\n<div>Laikyti v\u0117sioje, sausoje vietoje. Laikyti vaikams nepasiekiamoje vietoje.<\/div>\n<div>Gamintojas: Swanson Health Products Inc., JAV.<\/div>\n<div>Grynas kiekis: 30 kapsuli\u0173<\/div>\n<div>Geriausias iki (termino pabaigos): geriausias vartoti iki termino, nurodyto ant pakuot\u0117s \u0161ono, vir\u0161aus arba jos apa\u010dioje.<\/div>\n<div><\/div>\n<div><strong>\u012esp\u0117jimas:<\/strong><\/div>\n<div><\/div>\n<div>Maisto papildas n\u0117ra maisto pakaitalas. Svarbu \u012fvairi ir subalansuota mityba bei sveikas gyvenimo b\u016bdas. Jeigu esate n\u0117\u0161\u010dia, maitinate kr\u016btimi ar vartojate kitus vaistus, prie\u0161 vartojim\u0105 pasitarkite su gydytoju ar vaistininku. Nevir\u0161ykite nustatytos rekomenduojamos doz\u0117s.<\/div>\n","protected":false},"excerpt":{"rendered":"<div>Swanson Resveratrol 250 mg \u2013 JAV pagamintas auk\u0161tos kokyb\u0117s maisto papildas, u\u017etikrinantis efektyvum\u0105 d\u0117l ilgamet\u0117s gamybos patirties<\/div>\n<div><\/div>\n<div><strong>Pagrindin\u0117s savyb\u0117s:<\/strong><\/div>\n<div><\/div>\n<ul>\n<li><strong>\u0160irdis ir kraujotaka:<\/strong> Padeda i\u0161laikyti sveik\u0105 \u0161irdies funkcij\u0105<\/li>\n<li><strong>Kaulai ir s\u0105nariai:<\/strong> Prisideda prie normalaus kaul\u0173 stiprumo palaikymo<\/li>\n<li><strong>Ilgaam\u017ei\u0161kumas:<\/strong> Tai senomorfikas, slopinantis SASP (l\u0105steli\u0173 u\u017edegimo \u0161altinio) plitim\u0105, ir antioksidantas, kuris kovoja su laisvaisiais radikalais<\/li>\n<\/ul>\n","protected":false},"featured_media":43301,"comment_status":"open","ping_status":"closed","template":"","meta":{"inline_featured_image":false},"product_brand":[],"product_cat":[115,116,126],"product_tag":[],"class_list":{"0":"post-43300","1":"product","2":"type-product","3":"status-publish","4":"has-post-thumbnail","6":"product_cat-sirdziai-ir-kraujotakai","7":"product_cat-kaulams-ir-sanariams","8":"product_cat-ilgaamziskumui","10":"first","11":"instock","12":"sale","13":"shipping-taxable","14":"purchasable","15":"product-type-simple"},"_links":{"self":[{"href":"https:\/\/loosen.lt\/lv\/wp-json\/wp\/v2\/product\/43300","targetHints":{"allow":["GET"]}}],"collection":[{"href":"https:\/\/loosen.lt\/lv\/wp-json\/wp\/v2\/product"}],"about":[{"href":"https:\/\/loosen.lt\/lv\/wp-json\/wp\/v2\/types\/product"}],"replies":[{"embeddable":true,"href":"https:\/\/loosen.lt\/lv\/wp-json\/wp\/v2\/comments?post=43300"}],"wp:featuredmedia":[{"embeddable":true,"href":"https:\/\/loosen.lt\/lv\/wp-json\/wp\/v2\/media\/43301"}],"wp:attachment":[{"href":"https:\/\/loosen.lt\/lv\/wp-json\/wp\/v2\/media?parent=43300"}],"wp:term":[{"taxonomy":"product_brand","embeddable":true,"href":"https:\/\/loosen.lt\/lv\/wp-json\/wp\/v2\/product_brand?post=43300"},{"taxonomy":"product_cat","embeddable":true,"href":"https:\/\/loosen.lt\/lv\/wp-json\/wp\/v2\/product_cat?post=43300"},{"taxonomy":"product_tag","embeddable":true,"href":"https:\/\/loosen.lt\/lv\/wp-json\/wp\/v2\/product_tag?post=43300"}],"curies":[{"name":"wp","href":"https:\/\/api.w.org\/{rel}","templated":true}]}}