{"id":43328,"date":"2026-04-23T21:24:06","date_gmt":"2026-04-23T21:24:06","guid":{"rendered":"https:\/\/loosen.lt\/?post_type=product&#038;p=43328"},"modified":"2026-04-23T21:24:06","modified_gmt":"2026-04-23T21:24:06","slug":"swanson-vitaminas-e-naturalus-200tv-100-kapsuliu","status":"publish","type":"product","link":"https:\/\/loosen.lt\/lv\/produkts\/swanson-vitaminas-e-naturalus-200tv-100-kapsuliu\/","title":{"rendered":"Swanson VITAMINAS E NAT\u016aRALUS 200TV \u2013 100 kapsuli\u0173"},"content":{"rendered":"<p><strong>Sudedamosios dalys:<\/strong> D\u2011alfa\u2011tokoferilacetatas (vitaminas E), soj\u0173 aliejus, \u017eelatina, glicerolis (dr\u0117gm\u0117s i\u0161laikymui), i\u0161grynintas vanduo.<\/p>\n<table>\n<tbody>\n<tr>\n<td width=\"214\">Maistin\u0117 vert\u0117<\/td>\n<td width=\"214\">1 kapsul\u0117je<\/td>\n<\/tr>\n<tr>\n<td width=\"214\">Vitaminas E<\/td>\n<td width=\"214\">134mg* \u03b1-TE<\/td>\n<\/tr>\n<\/tbody>\n<\/table>\n<div>* \u2013 referencin\u0117 maistin\u0117 vert\u0117 1225 proc.<\/div>\n<div><\/div>\n<div><strong>Vartojimas:<\/strong> vartokite po 1 kapsul\u0119 vien\u0105 kart\u0105 per dien\u0105, u\u017egeriant vandeniu.<\/div>\n<div><\/div>\n<div><strong>Laikymo s\u0105lygos:<\/strong><\/div>\n<div><\/div>\n<div>Laikyti v\u0117sioje, sausoje vietoje. Laikyti vaikams nepasiekiamoje vietoje.<\/div>\n<div>Gamintojas: Swanson Health Products Inc., JAV.<\/div>\n<div>Grynas kiekis: 100 kapsuli\u0173<\/div>\n<div>Geriausias iki (termino pabaigos): geriausias vartoti iki termino, nurodyto ant pakuot\u0117s \u0161ono, vir\u0161aus arba jos apa\u010dioje.<\/div>\n<div><\/div>\n<div><strong>\u012esp\u0117jimas:<\/strong><\/div>\n<div><\/div>\n<div>Maisto papildas n\u0117ra maisto pakaitalas. Svarbu \u012fvairi ir subalansuota mityba bei sveikas gyvenimo b\u016bdas. Jeigu esate n\u0117\u0161\u010dia, maitinate kr\u016btimi ar vartojate kitus vaistus, prie\u0161 vartojim\u0105 pasitarkite su gydytoju ar vaistininku. Nevir\u0161ykite nustatytos rekomenduojamos doz\u0117s.<\/div>\n","protected":false},"excerpt":{"rendered":"<div>Swanson Vitaminas E N100 \u2013 auk\u0161tos kokyb\u0117s maisto papildas, pagamintas JAV<\/div>\n<div><\/div>\n<div><strong>Pagrindin\u0117s savyb\u0117s:<\/strong><\/div>\n<p>&nbsp;<\/p>\n<ul>\n<li>Vitaminas E padeda palaikyti l\u0105steles nuo oksidacin\u0117s \u017ealos<\/li>\n<li>Vitaminas E yra svarbus antioksidantas ir prisideda prie normalaus imunin\u0117s sistemos funkcionavimo<\/li>\n<li>Alfa\u2011tokoferolis yra biologi\u0161kai aktyvi vitamino E forma, reikalinga \u017emogaus organizmui<\/li>\n<\/ul>\n","protected":false},"featured_media":43329,"comment_status":"open","ping_status":"closed","template":"","meta":{"inline_featured_image":false},"product_brand":[],"product_cat":[126],"product_tag":[],"class_list":{"0":"post-43328","1":"product","2":"type-product","3":"status-publish","4":"has-post-thumbnail","6":"product_cat-ilgaamziskumui","8":"first","9":"instock","10":"sale","11":"shipping-taxable","12":"purchasable","13":"product-type-simple"},"_links":{"self":[{"href":"https:\/\/loosen.lt\/lv\/wp-json\/wp\/v2\/product\/43328","targetHints":{"allow":["GET"]}}],"collection":[{"href":"https:\/\/loosen.lt\/lv\/wp-json\/wp\/v2\/product"}],"about":[{"href":"https:\/\/loosen.lt\/lv\/wp-json\/wp\/v2\/types\/product"}],"replies":[{"embeddable":true,"href":"https:\/\/loosen.lt\/lv\/wp-json\/wp\/v2\/comments?post=43328"}],"wp:featuredmedia":[{"embeddable":true,"href":"https:\/\/loosen.lt\/lv\/wp-json\/wp\/v2\/media\/43329"}],"wp:attachment":[{"href":"https:\/\/loosen.lt\/lv\/wp-json\/wp\/v2\/media?parent=43328"}],"wp:term":[{"taxonomy":"product_brand","embeddable":true,"href":"https:\/\/loosen.lt\/lv\/wp-json\/wp\/v2\/product_brand?post=43328"},{"taxonomy":"product_cat","embeddable":true,"href":"https:\/\/loosen.lt\/lv\/wp-json\/wp\/v2\/product_cat?post=43328"},{"taxonomy":"product_tag","embeddable":true,"href":"https:\/\/loosen.lt\/lv\/wp-json\/wp\/v2\/product_tag?post=43328"}],"curies":[{"name":"wp","href":"https:\/\/api.w.org\/{rel}","templated":true}]}}