{"id":43336,"date":"2026-04-23T21:21:57","date_gmt":"2026-04-23T21:21:57","guid":{"rendered":"https:\/\/loosen.lt\/?post_type=product&#038;p=43336"},"modified":"2026-04-24T09:32:13","modified_gmt":"2026-04-24T09:32:13","slug":"swanson-tribulus-2000-ekstraktas-120-kapsuliu","status":"publish","type":"product","link":"https:\/\/loosen.lt\/lv\/produkts\/swanson-tribulus-2000-ekstraktas-120-kapsuliu\/","title":{"rendered":"Swanson TRIBULUS 2000 EKSTRAKTAS \u2013 120 kapsuli\u0173"},"content":{"rendered":"<p><strong>Sudedamosios dalys:<\/strong> Guls\u010diosios ragu\u017e\u0117s (Tribulus terrestris) vaisi\u0173 sausasis ekstraktas, ry\u017ei\u0173 miltai, \u017eelatina, magnio riebal\u0173 r\u016bg\u0161\u010di\u0173 druska (emulsiklis), silicio dioksidas (lipnumo reguliavimui).<\/p>\n<table>\n<tbody>\n<tr>\n<td width=\"214\">Maistin\u0117 vert\u0117<\/td>\n<td width=\"214\">2 kapsul\u0117se<\/td>\n<\/tr>\n<tr>\n<td width=\"214\">Tribulus (1:4 Ekstraktas 500 Mg)<\/td>\n<td width=\"214\">2000mg<\/td>\n<\/tr>\n<\/tbody>\n<\/table>\n<p>&nbsp;<\/p>\n<div><strong>Vartojimas<\/strong>: suaugusiems vartoti po 1 kapsul\u0119 2\u20133 kartus per dien\u0105 valgymo metu, u\u017egeriant vandeniu.<\/div>\n<div><\/div>\n<div><strong>Laikymo s\u0105lygos:<\/strong><\/div>\n<div><\/div>\n<div>Laikyti v\u0117sioje, sausoje vietoje. Laikyti vaikams nepasiekiamoje vietoje.<\/div>\n<div>Gamintojas: Swanson Health Products Inc., JAV.<\/div>\n<div>Grynas kiekis: 120 kapsuli\u0173<\/div>\n<div>Geriausias iki (termino pabaigos): geriausias vartoti iki termino, nurodyto ant pakuot\u0117s \u0161ono, vir\u0161aus arba jos apa\u010dioje.<\/div>\n<div><\/div>\n<div><strong>\u012esp\u0117jimas:<\/strong><\/div>\n<div><\/div>\n<div>Maisto papildas n\u0117ra maisto pakaitalas. Svarbu \u012fvairi ir subalansuota mityba bei sveikas gyvenimo b\u016bdas. Jeigu esate n\u0117\u0161\u010dia, maitinate kr\u016btimi ar vartojate kitus vaistus, prie\u0161 vartojim\u0105 pasitarkite su gydytoju ar vaistininku. Nevir\u0161ykite nustatytos rekomenduojamos doz\u0117s.<\/div>\n","protected":false},"excerpt":{"rendered":"<div>Swanson Tribulus ekstrakto maisto papildas N120, pagamintas JAV pagal auk\u0161\u010diausius kokyb\u0117s standartus<\/div>\n<div><\/div>\n<div><strong>Pagrindin\u0117s savyb\u0117s:<\/strong><\/div>\n<p>&nbsp;<\/p>\n<ul>\n<li>Padeda i\u0161laikyti nat\u016bral\u0173 energijos lyg\u012f<\/li>\n<li>Palaiko kasdien\u012f gyvybingum\u0105 ir ger\u0105 savijaut\u0105<\/li>\n<li>Tinka kaip dalis sveikos gyvensenos ir fizinio aktyvumo palaikymo<\/li>\n<\/ul>\n","protected":false},"featured_media":43337,"comment_status":"open","ping_status":"closed","template":"","meta":{"inline_featured_image":false},"product_brand":[],"product_cat":[119],"product_tag":[],"class_list":{"0":"post-43336","1":"product","2":"type-product","3":"status-publish","4":"has-post-thumbnail","6":"product_cat-energijai","8":"first","9":"instock","10":"sale","11":"shipping-taxable","12":"purchasable","13":"product-type-simple"},"_links":{"self":[{"href":"https:\/\/loosen.lt\/lv\/wp-json\/wp\/v2\/product\/43336","targetHints":{"allow":["GET"]}}],"collection":[{"href":"https:\/\/loosen.lt\/lv\/wp-json\/wp\/v2\/product"}],"about":[{"href":"https:\/\/loosen.lt\/lv\/wp-json\/wp\/v2\/types\/product"}],"replies":[{"embeddable":true,"href":"https:\/\/loosen.lt\/lv\/wp-json\/wp\/v2\/comments?post=43336"}],"wp:featuredmedia":[{"embeddable":true,"href":"https:\/\/loosen.lt\/lv\/wp-json\/wp\/v2\/media\/43337"}],"wp:attachment":[{"href":"https:\/\/loosen.lt\/lv\/wp-json\/wp\/v2\/media?parent=43336"}],"wp:term":[{"taxonomy":"product_brand","embeddable":true,"href":"https:\/\/loosen.lt\/lv\/wp-json\/wp\/v2\/product_brand?post=43336"},{"taxonomy":"product_cat","embeddable":true,"href":"https:\/\/loosen.lt\/lv\/wp-json\/wp\/v2\/product_cat?post=43336"},{"taxonomy":"product_tag","embeddable":true,"href":"https:\/\/loosen.lt\/lv\/wp-json\/wp\/v2\/product_tag?post=43336"}],"curies":[{"name":"wp","href":"https:\/\/api.w.org\/{rel}","templated":true}]}}