{"id":43340,"date":"2026-04-23T21:21:03","date_gmt":"2026-04-23T21:21:03","guid":{"rendered":"https:\/\/loosen.lt\/?post_type=product&#038;p=43340"},"modified":"2026-04-24T09:33:19","modified_gmt":"2026-04-24T09:33:19","slug":"swanson-magnio-bisglicinatas-700mg-90-kapsuliu","status":"publish","type":"product","link":"https:\/\/loosen.lt\/lv\/produkts\/swanson-magnio-bisglicinatas-700mg-90-kapsuliu\/","title":{"rendered":"Swanson MAGNIO BISGLICINATAS 700mg \u2013 90 kapsuli\u0173"},"content":{"rendered":"<p><strong>Sudedamosios dalys:<\/strong> magnio bisglicinatas (82 %), magnio oksidas, hidroksipropilmetilceliulioz\u0117 (augalin\u0117s kilm\u0117s kapsul\u0117), citrinos r\u016bg\u0161tis, tir\u0161tikliai \u2013 silicio dioksidas ir augalin\u0117 mikrokristalin\u0117 celiulioz\u0117, maltodekstrinas, magnio riebal\u0173 r\u016bg\u0161\u010di\u0173 druskos (emulsiklis).<\/p>\n<table>\n<tbody>\n<tr>\n<td width=\"214\">Maistin\u0117 vert\u0117<\/td>\n<td width=\"214\">3 kapsul\u0117se<\/td>\n<\/tr>\n<tr>\n<td width=\"214\">Magnio Bisglicinato (400* Mg gryno Magnio)<\/td>\n<td width=\"214\">2100mg<\/td>\n<\/tr>\n<\/tbody>\n<\/table>\n<div>* referencin\u0117 maistin\u0117 vert\u0117 107 proc.<\/div>\n<div><\/div>\n<div><strong>Vartojimas:<\/strong> suaugusiems vartoti po 1 kapsul\u0119 tris kartus per dien\u0105, u\u017egeriant vandeniu.<\/div>\n<div><\/div>\n<div><strong>Laikymo s\u0105lygos:<\/strong><\/div>\n<div><\/div>\n<div>Laikyti v\u0117sioje, sausoje vietoje. Laikyti vaikams nepasiekiamoje vietoje.<\/div>\n<div>Gamintojas: Swanson Health Products Inc., JAV.<\/div>\n<div>Grynas kiekis: 90 kapsuli\u0173<\/div>\n<div>Geriausias iki (termino pabaigos): geriausias vartoti iki termino, nurodyto ant pakuot\u0117s \u0161ono, vir\u0161aus arba jos apa\u010dioje.<\/div>\n<div><\/div>\n<div><strong>\u012esp\u0117jimas:<\/strong><\/div>\n<div><\/div>\n<div>Maisto papildas n\u0117ra maisto pakaitalas. Svarbu \u012fvairi ir subalansuota mityba bei sveikas gyvenimo b\u016bdas. Jeigu esate n\u0117\u0161\u010dia, maitinate kr\u016btimi ar vartojate kitus vaistus, prie\u0161 vartojim\u0105 pasitarkite su gydytoju ar vaistininku. Nevir\u0161ykite nustatytos rekomenduojamos doz\u0117s.<\/div>\n<p>&nbsp;<\/p>\n","protected":false},"excerpt":{"rendered":"<div>Patentuotas \u201eSwanson Albion magnio bisglicinato maisto papildas, pagamintas JAV pagal auk\u0161\u010diausius kokyb\u0117s standartus ir tinkamas veganams<\/div>\n<div><\/div>\n<div><strong>Pagrindin\u0117s savyb\u0117s:<\/strong><\/div>\n<div><\/div>\n<ul>\n<li>Magnis padeda ma\u017einti nuovarg\u012f ir i\u0161sekim\u0105<\/li>\n<li>Palaiko normal\u0173 raumen\u0173 ir nerv\u0173 sistemos veikim\u0105<\/li>\n<li>Prisideda prie kaul\u0173 ir dant\u0173 sveikatos<\/li>\n<li>Padeda palaikyti psichologin\u012f funkcionavim\u0105<\/li>\n<\/ul>\n","protected":false},"featured_media":43341,"comment_status":"open","ping_status":"closed","template":"","meta":{"inline_featured_image":false},"product_brand":[],"product_cat":[119],"product_tag":[],"class_list":{"0":"post-43340","1":"product","2":"type-product","3":"status-publish","4":"has-post-thumbnail","6":"product_cat-energijai","8":"first","9":"instock","10":"sale","11":"shipping-taxable","12":"purchasable","13":"product-type-simple"},"_links":{"self":[{"href":"https:\/\/loosen.lt\/lv\/wp-json\/wp\/v2\/product\/43340","targetHints":{"allow":["GET"]}}],"collection":[{"href":"https:\/\/loosen.lt\/lv\/wp-json\/wp\/v2\/product"}],"about":[{"href":"https:\/\/loosen.lt\/lv\/wp-json\/wp\/v2\/types\/product"}],"replies":[{"embeddable":true,"href":"https:\/\/loosen.lt\/lv\/wp-json\/wp\/v2\/comments?post=43340"}],"wp:featuredmedia":[{"embeddable":true,"href":"https:\/\/loosen.lt\/lv\/wp-json\/wp\/v2\/media\/43341"}],"wp:attachment":[{"href":"https:\/\/loosen.lt\/lv\/wp-json\/wp\/v2\/media?parent=43340"}],"wp:term":[{"taxonomy":"product_brand","embeddable":true,"href":"https:\/\/loosen.lt\/lv\/wp-json\/wp\/v2\/product_brand?post=43340"},{"taxonomy":"product_cat","embeddable":true,"href":"https:\/\/loosen.lt\/lv\/wp-json\/wp\/v2\/product_cat?post=43340"},{"taxonomy":"product_tag","embeddable":true,"href":"https:\/\/loosen.lt\/lv\/wp-json\/wp\/v2\/product_tag?post=43340"}],"curies":[{"name":"wp","href":"https:\/\/api.w.org\/{rel}","templated":true}]}}