{"id":43349,"date":"2026-04-23T21:18:01","date_gmt":"2026-04-23T21:18:01","guid":{"rendered":"https:\/\/loosen.lt\/?post_type=product&#038;p=43349"},"modified":"2026-04-24T09:27:49","modified_gmt":"2026-04-24T09:27:49","slug":"swanson-berberinas-naturalus-60-kapsuliu","status":"publish","type":"product","link":"https:\/\/loosen.lt\/lv\/produkts\/swanson-berberinas-naturalus-60-kapsuliu\/","title":{"rendered":"Swanson BERBERINAS (NAT\u016aRALUS) \u2013 60 kapsuli\u0173"},"content":{"rendered":"<p><strong>Sudedamosios dalys:<\/strong> berberino hidrochloridas (\u226597 % berberino), kapsul\u0117s apvalkalas (\u017eelatina), ry\u017ei\u0173 miltai, magnio riebal\u0173 r\u016bg\u0161\u010di\u0173 druskos (emulsiklis), silicio dioksidas (lipnumo reguliatorius).<\/p>\n<table>\n<tbody>\n<tr>\n<td width=\"214\">Maistin\u0117 vert\u0117<\/td>\n<td width=\"214\">1 kapsul\u0117je<\/td>\n<\/tr>\n<tr>\n<td width=\"214\">Berberino<\/td>\n<td width=\"214\">400mg<\/td>\n<\/tr>\n<\/tbody>\n<\/table>\n<div><\/div>\n<div><strong>Vartojimas:<\/strong> suaugusiesiems rekomenduojama vartoti po vien\u0105 kapsul\u0119 vien\u0105 arba du kartus per par\u0105, geriausia valgymo metu, u\u017egeriant vandeniu.<\/div>\n<div><\/div>\n<div><strong>Laikymo s\u0105lygos:<\/strong><\/div>\n<div><\/div>\n<div>Laikyti v\u0117sioje, sausoje vietoje. Laikyti vaikams nepasiekiamoje vietoje.<\/div>\n<div>Gamintojas: Swanson Health Products Inc., JAV.<\/div>\n<div>Grynas kiekis: 60 kapsuli\u0173<\/div>\n<div>Geriausias iki (termino pabaigos): geriausias vartoti iki termino, nurodyto ant pakuot\u0117s \u0161ono, vir\u0161aus arba jos apa\u010dioje.<\/div>\n<div><\/div>\n<div><strong>\u012esp\u0117jimas:<\/strong><\/div>\n<div><\/div>\n<div>Maisto papildas n\u0117ra maisto pakaitalas. Svarbu \u012fvairi ir subalansuota mityba bei sveikas gyvenimo b\u016bdas. Jeigu esate n\u0117\u0161\u010dia, maitinate kr\u016btimi ar vartojate kitus vaistus, prie\u0161 vartojim\u0105 pasitarkite su gydytoju ar vaistininku. Nevir\u0161ykite nustatytos rekomenduojamos doz\u0117s.<\/div>\n","protected":false},"excerpt":{"rendered":"<div>Swanson berberino maisto papildas, pagamintas JAV pagal auk\u0161\u010diausius kokyb\u0117s standartus<\/div>\n<div><\/div>\n<div><strong>Pagrindin\u0117s savyb\u0117s:<\/strong><\/div>\n<div><\/div>\n<ul>\n<li>Palaiko normal\u0173 cholesterolio kiek\u012f<\/li>\n<li>Gali palaikyti gliukoz\u0117s koncentracij\u0105 kraujyje<\/li>\n<li>Palaiko svorio kontrol\u0119<\/li>\n<li>Gali palaikyti normali\u0105 \u0161irdies ir kraujotakos sistemos veikl\u0105<\/li>\n<\/ul>\n","protected":false},"featured_media":43350,"comment_status":"open","ping_status":"closed","template":"","meta":{"inline_featured_image":false},"product_brand":[],"product_cat":[115,120],"product_tag":[],"class_list":{"0":"post-43349","1":"product","2":"type-product","3":"status-publish","4":"has-post-thumbnail","6":"product_cat-sirdziai-ir-kraujotakai","7":"product_cat-svorio-kontrolei","9":"first","10":"instock","11":"sale","12":"shipping-taxable","13":"purchasable","14":"product-type-simple"},"_links":{"self":[{"href":"https:\/\/loosen.lt\/lv\/wp-json\/wp\/v2\/product\/43349","targetHints":{"allow":["GET"]}}],"collection":[{"href":"https:\/\/loosen.lt\/lv\/wp-json\/wp\/v2\/product"}],"about":[{"href":"https:\/\/loosen.lt\/lv\/wp-json\/wp\/v2\/types\/product"}],"replies":[{"embeddable":true,"href":"https:\/\/loosen.lt\/lv\/wp-json\/wp\/v2\/comments?post=43349"}],"wp:featuredmedia":[{"embeddable":true,"href":"https:\/\/loosen.lt\/lv\/wp-json\/wp\/v2\/media\/43350"}],"wp:attachment":[{"href":"https:\/\/loosen.lt\/lv\/wp-json\/wp\/v2\/media?parent=43349"}],"wp:term":[{"taxonomy":"product_brand","embeddable":true,"href":"https:\/\/loosen.lt\/lv\/wp-json\/wp\/v2\/product_brand?post=43349"},{"taxonomy":"product_cat","embeddable":true,"href":"https:\/\/loosen.lt\/lv\/wp-json\/wp\/v2\/product_cat?post=43349"},{"taxonomy":"product_tag","embeddable":true,"href":"https:\/\/loosen.lt\/lv\/wp-json\/wp\/v2\/product_tag?post=43349"}],"curies":[{"name":"wp","href":"https:\/\/api.w.org\/{rel}","templated":true}]}}