{"id":43359,"date":"2026-04-23T21:24:06","date_gmt":"2026-04-23T21:24:06","guid":{"rendered":"https:\/\/loosen.lt\/produktas\/swanson-dabigais-e-vitamins-200-sv-100-kapsulas\/"},"modified":"2026-04-23T21:24:06","modified_gmt":"2026-04-23T21:24:06","slug":"swanson-dabigais-e-vitamins-200-sv-100-kapsulas","status":"publish","type":"product","link":"https:\/\/loosen.lt\/lv\/produkts\/swanson-dabigais-e-vitamins-200-sv-100-kapsulas\/","title":{"rendered":"Swanson dab\u012bgais E vitam\u012bns 200 SV \u2013 100 kapsulas"},"content":{"rendered":"<p><strong>Sast\u0101vda\u013cas:<\/strong> D-alfa-tokoferilacet\u0101ts (E vitam\u012bns), sojas pupi\u0146u e\u013c\u013ca, \u017eelat\u012bns, glicer\u012bns (mitruma saglab\u0101\u0161anai), att\u012br\u012bts \u016bdens.<\/p>\n<table>\n<tbody>\n<tr>\n<td width=\"214\">Uzturv\u0113rt\u012bba<\/td>\n<td width=\"214\">1 kapsula<\/td>\n<\/tr>\n<tr>\n<td width=\"214\">E vitam\u012bns<\/td>\n<td width=\"214\">134mg* \u03b1-TE<\/td>\n<\/tr>\n<\/tbody>\n<\/table>\n<div>* &#8211; atsauces uzturv\u0113rt\u012bba 1225%.<\/div>\n<div><\/div>\n<div><strong>Lieto\u0161ana:<\/strong> Lietot 1 kapsulu vienu reizi dien\u0101, uzdzerot \u016bdeni.<\/div>\n<div><\/div>\n<div><strong>Uzglab\u0101\u0161anas apst\u0101k\u013ci:<\/strong><\/div>\n<div><\/div>\n<div>Uzglab\u0101t v\u0113s\u0101, saus\u0101 viet\u0101. Sarg\u0101t no b\u0113rniem.<\/div>\n<div><\/div>\n<div>Ra\u017eot\u0101js: Swanson Health Products Inc., ASV.<\/div>\n<div>Neto daudzums: 100 kapsulas<\/div>\n<div>Ieteicams l\u012bdz (der\u012bguma termi\u0146\u0161): Ieteicams l\u012bdz datumam, kas nor\u0101d\u012bts iepakojuma s\u0101nos, aug\u0161pus\u0113 vai apak\u0161\u0101.<\/div>\n<div><\/div>\n<div><strong>Br\u012bdin\u0101jums:<\/strong><\/div>\n<div><\/div>\n<div>Uztura bag\u0101tin\u0101t\u0101js neaizst\u0101j p\u0101rtiku. Svar\u012bgs ir daudzveid\u012bgs un sabalans\u0113ts uzturs un vesel\u012bgs dz\u012bvesveids. Ja esat gr\u016btniece, barojat b\u0113rnu ar kr\u016bti vai lietojat citas z\u0101les, pirms lieto\u0161anas konsult\u0113jieties ar \u0101rstu vai farmaceitu. Nep\u0101rsniedziet ieteicamo devu.<\/div>\n","protected":false},"excerpt":{"rendered":"<div>Swanson E vitam\u012bns N100 \u2013 augstas kvalit\u0101tes uztura bag\u0101tin\u0101t\u0101js, ra\u017eots ASV<\/div>\n<div><\/div>\n<div><strong>Galven\u0101s \u012bpa\u0161\u012bbas:<\/strong><\/div>\n<div><\/div>\n<ul>\n<li>E vitam\u012bns pal\u012bdz aizsarg\u0101t \u0161\u016bnas no oksidat\u012bviem boj\u0101jumiem<\/li>\n<li>E vitam\u012bns ir svar\u012bgs antioksidants un veicina norm\u0101lu im\u016bnsist\u0113mas darb\u012bbu<\/li>\n<li>Alfa-tokoferols ir biolo\u0123iski akt\u012bv\u0101 E vitam\u012bna forma, kas ir nepiecie\u0161ama cilv\u0113ka organismam<\/li>\n<\/ul>\n","protected":false},"featured_media":43331,"comment_status":"open","ping_status":"closed","template":"","meta":{"inline_featured_image":false},"product_brand":[],"product_cat":[161,147],"product_tag":[],"class_list":{"0":"post-43359","1":"product","2":"type-product","3":"status-publish","4":"has-post-thumbnail","6":"product_cat-akcijas","7":"product_cat-ilgmuziba","9":"first","10":"outofstock","11":"sale","12":"shipping-taxable","13":"purchasable","14":"product-type-simple"},"_links":{"self":[{"href":"https:\/\/loosen.lt\/lv\/wp-json\/wp\/v2\/product\/43359","targetHints":{"allow":["GET"]}}],"collection":[{"href":"https:\/\/loosen.lt\/lv\/wp-json\/wp\/v2\/product"}],"about":[{"href":"https:\/\/loosen.lt\/lv\/wp-json\/wp\/v2\/types\/product"}],"replies":[{"embeddable":true,"href":"https:\/\/loosen.lt\/lv\/wp-json\/wp\/v2\/comments?post=43359"}],"wp:featuredmedia":[{"embeddable":true,"href":"https:\/\/loosen.lt\/lv\/wp-json\/wp\/v2\/media\/43331"}],"wp:attachment":[{"href":"https:\/\/loosen.lt\/lv\/wp-json\/wp\/v2\/media?parent=43359"}],"wp:term":[{"taxonomy":"product_brand","embeddable":true,"href":"https:\/\/loosen.lt\/lv\/wp-json\/wp\/v2\/product_brand?post=43359"},{"taxonomy":"product_cat","embeddable":true,"href":"https:\/\/loosen.lt\/lv\/wp-json\/wp\/v2\/product_cat?post=43359"},{"taxonomy":"product_tag","embeddable":true,"href":"https:\/\/loosen.lt\/lv\/wp-json\/wp\/v2\/product_tag?post=43359"}],"curies":[{"name":"wp","href":"https:\/\/api.w.org\/{rel}","templated":true}]}}