{"id":43366,"date":"2026-04-23T21:16:09","date_gmt":"2026-04-23T21:16:09","guid":{"rendered":"https:\/\/loosen.lt\/produktas\/swanson-folskabe-folati-800-mkg-250-kapsulas\/"},"modified":"2026-04-23T21:16:09","modified_gmt":"2026-04-23T21:16:09","slug":"swanson-folskabe-folati-800-mkg-250-kapsulas","status":"publish","type":"product","link":"https:\/\/loosen.lt\/lv\/produkts\/swanson-folskabe-folati-800-mkg-250-kapsulas\/","title":{"rendered":"Swanson folsk\u0101be (fol\u0101ti) 800 mkg \u2013 250 kapsulas"},"content":{"rendered":"<p><strong>Sast\u0101vda\u013cas:<\/strong> pteroilmonoglutam\u012bnsk\u0101be (fol\u0101ts), r\u012bsu milti, kapsulas apvalks (\u017eelat\u012bns) un tauksk\u0101bju magnija s\u0101\u013ci (emulgators).<\/p>\n<table>\n<tbody>\n<tr>\n<td width=\"214\">Uzturv\u0113rt\u012bba<\/td>\n<td width=\"214\">1 kapsula<\/td>\n<\/tr>\n<tr>\n<td width=\"214\">Lapojumi<\/td>\n<td width=\"214\">1335 \u00b5g<\/td>\n<\/tr>\n<tr>\n<td width=\"214\">kas satur folsk\u0101bi<\/td>\n<td width=\"214\">800 \u00b5g*<\/td>\n<\/tr>\n<\/tbody>\n<\/table>\n<div>* \u2013 atsauces uzturv\u0113rt\u012bba 400%.<\/div>\n<div><\/div>\n<div><strong>Lieto\u0161ana:<\/strong> Pieaugu\u0161ajiem ieteicams lietot vienu kapsulu dien\u0101, uzdzerot pietiekamu daudzumu \u016bdens.<\/div>\n<div><\/div>\n<div><strong>Uzglab\u0101\u0161anas apst\u0101k\u013ci:<\/strong><\/div>\n<div><\/div>\n<div>Uzglab\u0101t v\u0113s\u0101, saus\u0101 viet\u0101. Sarg\u0101t no b\u0113rniem.<\/div>\n<div><\/div>\n<div>Ra\u017eot\u0101js: Swanson Health Products Inc., ASV.<\/div>\n<div>Neto daudzums: 250 kapsulas<\/div>\n<div>Ieteicams l\u012bdz (der\u012bguma termi\u0146\u0161): Ieteicams l\u012bdz datumam, kas nor\u0101d\u012bts iepakojuma s\u0101nos, aug\u0161pus\u0113 vai apak\u0161\u0101.<\/div>\n<div><\/div>\n<div><strong>Br\u012bdin\u0101jums:<\/strong><\/div>\n<div><\/div>\n<div>Uztura bag\u0101tin\u0101t\u0101js neaizst\u0101j p\u0101rtiku. Svar\u012bgs ir daudzveid\u012bgs un sabalans\u0113ts uzturs un vesel\u012bgs dz\u012bvesveids. Ja esat gr\u016btniece, barojat b\u0113rnu ar kr\u016bti vai lietojat citas z\u0101les, pirms lieto\u0161anas konsult\u0113jieties ar \u0101rstu vai farmaceitu. Nep\u0101rsniedziet ieteicamo devu.<\/div>\n","protected":false},"excerpt":{"rendered":"<div>Swanson folsk\u0101bes (fol\u0101ta) uztura bag\u0101tin\u0101t\u0101js, ra\u017eots ASV atbilsto\u0161i augst\u0101kajiem kvalit\u0101tes standartiem<\/div>\n<div><\/div>\n<div><strong>Galven\u0101s \u012bpa\u0161\u012bbas:<\/strong><\/div>\n<div><\/div>\n<ul>\n<li>Pal\u012bdz uztur\u0113t norm\u0101lu asinsradi<\/li>\n<li>Atbalsta norm\u0101las psiholo\u0123isk\u0101s funkcijas<\/li>\n<li>Pal\u012bdz uztur\u0113t norm\u0101lu im\u016bnsist\u0113mas darb\u012bbu<\/li>\n<li>Atbalsta norm\u0101lu homociste\u012bna metabolismu<\/li>\n<li>Svar\u012bgi gr\u016btniec\u012bbas laik\u0101 aug\u013ca att\u012bst\u012bbai<\/li>\n<\/ul>\n","protected":false},"featured_media":43356,"comment_status":"open","ping_status":"closed","template":"","meta":{"inline_featured_image":false},"product_brand":[],"product_cat":[161,158],"product_tag":[],"class_list":{"0":"post-43366","1":"product","2":"type-product","3":"status-publish","4":"has-post-thumbnail","6":"product_cat-akcijas","7":"product_cat-sirds-un-asins-plusma","9":"first","10":"instock","11":"sale","12":"shipping-taxable","13":"purchasable","14":"product-type-simple"},"_links":{"self":[{"href":"https:\/\/loosen.lt\/lv\/wp-json\/wp\/v2\/product\/43366","targetHints":{"allow":["GET"]}}],"collection":[{"href":"https:\/\/loosen.lt\/lv\/wp-json\/wp\/v2\/product"}],"about":[{"href":"https:\/\/loosen.lt\/lv\/wp-json\/wp\/v2\/types\/product"}],"replies":[{"embeddable":true,"href":"https:\/\/loosen.lt\/lv\/wp-json\/wp\/v2\/comments?post=43366"}],"wp:featuredmedia":[{"embeddable":true,"href":"https:\/\/loosen.lt\/lv\/wp-json\/wp\/v2\/media\/43356"}],"wp:attachment":[{"href":"https:\/\/loosen.lt\/lv\/wp-json\/wp\/v2\/media?parent=43366"}],"wp:term":[{"taxonomy":"product_brand","embeddable":true,"href":"https:\/\/loosen.lt\/lv\/wp-json\/wp\/v2\/product_brand?post=43366"},{"taxonomy":"product_cat","embeddable":true,"href":"https:\/\/loosen.lt\/lv\/wp-json\/wp\/v2\/product_cat?post=43366"},{"taxonomy":"product_tag","embeddable":true,"href":"https:\/\/loosen.lt\/lv\/wp-json\/wp\/v2\/product_tag?post=43366"}],"curies":[{"name":"wp","href":"https:\/\/api.w.org\/{rel}","templated":true}]}}