{"id":43368,"date":"2026-04-22T11:05:18","date_gmt":"2026-04-22T11:05:18","guid":{"rendered":"https:\/\/loosen.lt\/produktas\/swanson-super-multivitaminu-un-mineralu-komplekss-130-tabletes\/"},"modified":"2026-04-22T11:05:18","modified_gmt":"2026-04-22T11:05:18","slug":"swanson-super-multivitaminu-un-mineralu-komplekss-130-tabletes","status":"publish","type":"product","link":"https:\/\/loosen.lt\/lv\/produkts\/swanson-super-multivitaminu-un-mineralu-komplekss-130-tabletes\/","title":{"rendered":"Swanson SUPER MULTIVITAM\u012aNU UN MINER\u0100LU KOMPLEKSS \u2013 130 tabletes"},"content":{"rendered":"<p><strong>Sast\u0101vda\u013cas:<\/strong> kalcija karbon\u0101ts, magnija oks\u012bds, L-askorb\u012bnsk\u0101be (C vitam\u012bns), k\u0101lija hlor\u012bds, D-alfa-tokoferilsukcin\u0101ts (E vitam\u012bns), nikot\u012bnam\u012bds (B3 vitam\u012bns), cinka sulf\u0101ts, kalcija D-pantoten\u0101ts (B5 vitam\u012bns), mang\u0101na sulf\u0101ts, piridoks\u012bna hidrohlor\u012bds (B6 vitam\u012bns), riboflav\u012bns (B2 vitam\u012bns), tiam\u012bna mononitr\u0101ts (B1 vitam\u012bns), vara glikon\u0101ts, retinilacet\u0101ts (A vitam\u012bns), folsk\u0101be (B9 vitam\u012bns), k\u0101lija jod\u012bds, dzelzs fumar\u0101ts, fitomenadions (K1 vitam\u012bns), D-biot\u012bns (B7 vitam\u012bns), n\u0101trija selen\u0101ts, hroma (III) hlor\u012bds, n\u0101trija molibd\u0101ts, holekalciferols (D3 vitam\u012bns), cianokobalam\u012bns (B12 vitam\u012bns), stabiliz\u0113t\u0101js: \u0161\u0137\u0113rssaist\u012bta n\u0101trija karboksimetilceluloze, emulgatori: tauksk\u0101bes, biezin\u0101t\u0101ji: hidroksipropilmetilceluloze un ak\u0101cijas sve\u0137i, maltodekstr\u012bns, att\u012br\u012bts \u016bdens.<\/p>\n<table>\n<tbody>\n<tr>\n<td width=\"214\">Maistin\u0117 vert\u0117<\/td>\n<td width=\"214\">1 kapsula<\/td>\n<td width=\"214\">RMV %*<\/td>\n<\/tr>\n<tr>\n<td width=\"214\">A vitam\u012bns<\/td>\n<td width=\"214\">1500 \u00b5g<\/td>\n<td width=\"214\">188<\/td>\n<\/tr>\n<tr>\n<td width=\"214\">C vitam\u012bns<\/td>\n<td width=\"214\">90mg<\/td>\n<td width=\"214\">113<\/td>\n<\/tr>\n<tr>\n<td width=\"214\">D vitam\u012bns<\/td>\n<td width=\"214\">10 \u00b5g<\/td>\n<td width=\"214\">200<\/td>\n<\/tr>\n<tr>\n<td width=\"214\">E vitam\u012bns<\/td>\n<td width=\"214\">20 mg \u03b1-TE<\/td>\n<td width=\"214\">167<\/td>\n<\/tr>\n<tr>\n<td width=\"214\">K vitam\u012bns<\/td>\n<td width=\"214\">25 \u00b5g<\/td>\n<td width=\"214\">33<\/td>\n<\/tr>\n<tr>\n<td width=\"214\">B1 vitam\u012bns<\/td>\n<td width=\"214\">2,3mg<\/td>\n<td width=\"214\">209<\/td>\n<\/tr>\n<tr>\n<td width=\"214\">B2 vitam\u012bns<\/td>\n<td width=\"214\">2,6mg<\/td>\n<td width=\"214\">186<\/td>\n<\/tr>\n<tr>\n<td width=\"214\">B3 vitam\u012bns<\/td>\n<td width=\"214\">20mg NE<\/td>\n<td width=\"214\">125<\/td>\n<\/tr>\n<tr>\n<td width=\"214\">Folijsk\u0101be<\/td>\n<td width=\"214\">400 \u00b5g<\/td>\n<td width=\"214\">200<\/td>\n<\/tr>\n<tr>\n<td width=\"214\">Vitam\u012bns B12<\/td>\n<td width=\"214\">9 \u00b5g<\/td>\n<td width=\"214\">260<\/td>\n<\/tr>\n<tr>\n<td width=\"214\">Biot\u012bns<\/td>\n<td width=\"214\">25 \u00b5g<\/td>\n<td width=\"214\">50<\/td>\n<\/tr>\n<tr>\n<td width=\"214\">Pantot\u0113nsk\u0101be<\/td>\n<td width=\"214\">10mg<\/td>\n<td width=\"214\">167<\/td>\n<\/tr>\n<tr>\n<td width=\"214\">Dzelzs<\/td>\n<td width=\"214\">27mg<\/td>\n<td width=\"214\">193<\/td>\n<\/tr>\n<tr>\n<td width=\"214\">Kalcijs<\/td>\n<td width=\"214\">162mg<\/td>\n<td width=\"214\">20<\/td>\n<\/tr>\n<tr>\n<td width=\"214\">Jods<\/td>\n<td width=\"214\">150 \u00b5g<\/td>\n<td width=\"214\">100<\/td>\n<\/tr>\n<tr>\n<td width=\"214\">Magnijs<\/td>\n<td width=\"214\">100mg<\/td>\n<td width=\"214\">27<\/td>\n<\/tr>\n<tr>\n<td width=\"214\">Cinks<\/td>\n<td width=\"214\">15mg<\/td>\n<td width=\"214\">150<\/td>\n<\/tr>\n<tr>\n<td width=\"214\">Sel\u0113ns<\/td>\n<td width=\"214\">\u00a025 \u00b5g<\/td>\n<td width=\"214\">46<\/td>\n<\/tr>\n<tr>\n<td width=\"214\">Var\u0161<\/td>\n<td width=\"214\">\u00a02 \u00b5g<\/td>\n<td width=\"214\">200<\/td>\n<\/tr>\n<tr>\n<td width=\"214\">Mang\u0101ns<\/td>\n<td width=\"214\">5mg<\/td>\n<td width=\"214\">250<\/td>\n<\/tr>\n<tr>\n<td width=\"214\">Hroms<\/td>\n<td width=\"214\">\u00a025 \u00b5g<\/td>\n<td width=\"214\">63<\/td>\n<\/tr>\n<tr>\n<td width=\"214\">Molibd\u0113ns<\/td>\n<td width=\"214\">\u00a025 \u00b5g<\/td>\n<td width=\"214\">50<\/td>\n<\/tr>\n<tr>\n<td width=\"214\">B6 vitam\u012bns<\/td>\n<td width=\"214\">3mg<\/td>\n<td width=\"214\">214<\/td>\n<\/tr>\n<\/tbody>\n<\/table>\n<p>&nbsp;<\/p>\n<div>*atsauces uzturv\u0113rt\u012bba %<\/div>\n<div><\/div>\n<div><strong>Lieto\u0161ana:<\/strong> Pieaugu\u0161ajiem ieteicams lietot vienu tableti dien\u0101 \u0113dienreizes laik\u0101, uzdzerot gl\u0101zi \u016bdens.<\/div>\n<div><\/div>\n<div><strong>Uzglab\u0101\u0161anas apst\u0101k\u013ci:<\/strong><\/div>\n<div><\/div>\n<div>Uzglab\u0101t v\u0113s\u0101, saus\u0101 viet\u0101. Sarg\u0101t no b\u0113rniem.<\/div>\n<div><\/div>\n<div>Ra\u017eot\u0101js: Swanson Health Products Inc., ASV.<\/div>\n<div>Neto saturs: 130 kapsulas<\/div>\n<div>Ieteicams l\u012bdz (der\u012bguma termi\u0146\u0161): Ieteicams l\u012bdz datumam, kas nor\u0101d\u012bts iepakojuma s\u0101nos, aug\u0161pus\u0113 vai apak\u0161\u0101.<\/div>\n<div><\/div>\n<div><strong>Br\u012bdin\u0101jums:<\/strong><\/div>\n<div><\/div>\n<div>Uztura bag\u0101tin\u0101t\u0101js neaizst\u0101j uzturu. Svar\u012bgs ir daudzveid\u012bgs un sabalans\u0113ts uzturs un vesel\u012bgs dz\u012bvesveids. Ja esat gr\u016btniece, barojat b\u0113rnu ar kr\u016bti vai lietojat citas z\u0101les, pirms lieto\u0161anas konsult\u0113jieties ar \u0101rstu vai farmaceitu. Nep\u0101rsniedziet ieteicamo devu.<\/div>\n","protected":false},"excerpt":{"rendered":"<div>Swanson Super Multivitamin N130 \u2013 augstas kvalit\u0101tes komplekss no ASV, kas ra\u017eots, balstoties uz daudzu gadu pieredzi, lai nodro\u0161in\u0101tu efektivit\u0101ti<\/div>\n<div><\/div>\n<div><strong>Galven\u0101s \u012bpa\u0161\u012bbas:<\/strong><\/div>\n<div><\/div>\n<div><strong>A vitam\u012bns<\/strong><\/div>\n<ul>\n<li>Svar\u012bgs redzei<\/li>\n<li>Im\u016bnsist\u0113mas darb\u012bbai<\/li>\n<li>\u0100das un g\u013cot\u0101du vesel\u012bbai<\/li>\n<\/ul>\n<div><\/div>\n<div><strong>C vitam\u012bns (askorb\u012bnsk\u0101be)<\/strong><\/div>\n<ul>\n<li>Antioksidants<\/li>\n<li>Nepiecie\u0161ams kolag\u0113na sint\u0113zei (\u0101da, loc\u012btavas)<\/li>\n<li>Pal\u012bdz dzelzs uzs\u016bk\u0161an\u0101s proces\u0101<\/li>\n<\/ul>\n<div><\/div>\n<div><strong>D vitam\u012bns<\/strong><\/div>\n<ul>\n<li>Atbalsta kalcija un fosfora metabolismu<\/li>\n<li>Nepiecie\u0161ams kaulu mineraliz\u0101cijai<\/li>\n<li>Im\u016bnsist\u0113mas darb\u012bbas regul\u0113\u0161anai<\/li>\n<\/ul>\n<div><\/div>\n<div><strong>E vitam\u012bns<\/strong><\/div>\n<ul>\n<li>Antioksidantu aizsardz\u012bbai (\u0161\u016bnu membr\u0101nas)<\/li>\n<\/ul>\n<div><\/div>\n<div><strong>K vitam\u012bns<\/strong><\/div>\n<ul>\n<li>Nepiecie\u0161ams norm\u0101lai asins rec\u0113\u0161anai<\/li>\n<li>Kaulu metabolismam<\/li>\n<\/ul>\n<div><\/div>\n<div><strong>B1 vitam\u012bns (tiam\u012bns)<\/strong><\/div>\n<ul>\n<li>Norm\u0101lai ener\u0123ijas metabolismam<\/li>\n<li>Nervu sist\u0113mas darb\u012bbai<\/li>\n<\/ul>\n<div><\/div>\n<div><strong>B2 vitam\u012bns (riboflav\u012bns)<\/strong><\/div>\n<ul>\n<li>Ener\u0123ijas metabolismam<\/li>\n<li>Antioksidantu sist\u0113mai<\/li>\n<\/ul>\n<div><\/div>\n<div><strong>B3 vitam\u012bns (niac\u012bns)<\/strong><\/div>\n<ul>\n<li>Norm\u0101lai ener\u0123ijas metabolismam<\/li>\n<li>Nervu un \u0101das darb\u012bbai<\/li>\n<\/ul>\n<div><\/div>\n<div><strong>B6 vitam\u012bns<\/strong><\/div>\n<ul>\n<li>Olbaltumvielu un glikog\u0113na metabolisms<\/li>\n<li>Nervu sist\u0113mas darb\u012bba<\/li>\n<\/ul>\n<div><\/div>\n<div><strong>Folsk\u0101be<\/strong><\/div>\n<ul>\n<li>Norm\u0101la citoz\u012bna un DNS darb\u012bba sint\u0113ze<\/li>\n<li>\u0160\u016bnu dal\u012b\u0161an\u0101s<\/li>\n<\/ul>\n<div><\/div>\n<div><strong>B12 vitam\u012bns<\/strong><\/div>\n<ul>\n<li>Norm\u0101la nervu sist\u0113ma<\/li>\n<li>Sarkano asins\u0137ermen\u012b\u0161u veido\u0161an\u0101s<\/li>\n<\/ul>\n<div><\/div>\n<div><strong>Biot\u012bns<\/strong><\/div>\n<ul>\n<li>Makroelementu vielmai\u0146a (og\u013chidr\u0101ti, tauki, aminosk\u0101bes)<\/li>\n<\/ul>\n<div><\/div>\n<div><strong>Pantot\u0113nsk\u0101be<\/strong><\/div>\n<ul>\n<li>Ener\u0123ija no p\u0101rtikas vielmai\u0146as<\/li>\n<\/ul>\n<div><\/div>\n<div><strong>Dzelzs<\/strong><\/div>\n<ul>\n<li>Norm\u0101la hemoglob\u012bna un sk\u0101bek\u013ca transport\u0113\u0161ana<\/li>\n<li>Ener\u0123ijas vielmai\u0146a<\/li>\n<\/ul>\n<div><\/div>\n<div><strong>Kalcijs<\/strong><\/div>\n<ul>\n<li>Kaulu un zobu mineraliz\u0101cija<\/li>\n<li>Musku\u013cu darb\u012bba<\/li>\n<\/ul>\n<div><\/div>\n<div><strong>Jods<\/strong><\/div>\n<ul>\n<li>Vairogdziedzera hormonu (T3, T4) sint\u0113ze<\/li>\n<\/ul>\n<div><\/div>\n<div><strong>Magnijs<\/strong><\/div>\n<ul>\n<li>Norm\u0101la musku\u013cu darb\u012bba<\/li>\n<li>Ener\u0123ijas vielmai\u0146a<\/li>\n<\/ul>\n<div><\/div>\n<div><strong>Cinks<\/strong><\/div>\n<ul>\n<li>Im\u016bnsist\u0113mas darb\u012bbas uztur\u0113\u0161ana<\/li>\n<li>Olbaltumvielu sint\u0113ze<\/li>\n<\/ul>\n<div><\/div>\n<div><strong>Sel\u0113ns<\/strong><\/div>\n<ul>\n<li>Antioksidantu aizsardz\u012bba (GPx)<\/li>\n<\/ul>\n<div><\/div>\n<div><strong>Var\u0161<\/strong><\/div>\n<ul>\n<li>Dzelzs vielmai\u0146a<\/li>\n<\/ul>\n<div><\/div>\n<div><strong>Mang\u0101ns<\/strong><\/div>\n<ul>\n<li>Kaulu strukt\u016bra<\/li>\n<li>Og\u013chidr\u0101tu vielmai\u0146a<\/li>\n<\/ul>\n<div><\/div>\n<div><strong>Hroms<\/strong><\/div>\n<ul>\n<li>Makroelementu vielmai\u0146a<\/li>\n<li>Molibd\u0113ns<\/li>\n<li>Enz\u012bmu reakcijas<\/li>\n<\/ul>\n<div><\/div>\n<div><strong>K\u0101lijs<\/strong><\/div>\n<ul>\n<li>Elektrol\u012btu l\u012bdzsvars<\/li>\n<li>Norm\u0101la nervu un musku\u013cu darb\u012bba<\/li>\n<\/ul>\n","protected":false},"featured_media":43323,"comment_status":"open","ping_status":"closed","template":"","meta":{"inline_featured_image":false},"product_brand":[],"product_cat":[161,143],"product_tag":[],"class_list":{"0":"post-43368","1":"product","2":"type-product","3":"status-publish","4":"has-post-thumbnail","6":"product_cat-akcijas","7":"product_cat-vispareja-veseliba","9":"first","10":"instock","11":"sale","12":"shipping-taxable","13":"purchasable","14":"product-type-simple"},"_links":{"self":[{"href":"https:\/\/loosen.lt\/lv\/wp-json\/wp\/v2\/product\/43368","targetHints":{"allow":["GET"]}}],"collection":[{"href":"https:\/\/loosen.lt\/lv\/wp-json\/wp\/v2\/product"}],"about":[{"href":"https:\/\/loosen.lt\/lv\/wp-json\/wp\/v2\/types\/product"}],"replies":[{"embeddable":true,"href":"https:\/\/loosen.lt\/lv\/wp-json\/wp\/v2\/comments?post=43368"}],"wp:featuredmedia":[{"embeddable":true,"href":"https:\/\/loosen.lt\/lv\/wp-json\/wp\/v2\/media\/43323"}],"wp:attachment":[{"href":"https:\/\/loosen.lt\/lv\/wp-json\/wp\/v2\/media?parent=43368"}],"wp:term":[{"taxonomy":"product_brand","embeddable":true,"href":"https:\/\/loosen.lt\/lv\/wp-json\/wp\/v2\/product_brand?post=43368"},{"taxonomy":"product_cat","embeddable":true,"href":"https:\/\/loosen.lt\/lv\/wp-json\/wp\/v2\/product_cat?post=43368"},{"taxonomy":"product_tag","embeddable":true,"href":"https:\/\/loosen.lt\/lv\/wp-json\/wp\/v2\/product_tag?post=43368"}],"curies":[{"name":"wp","href":"https:\/\/api.w.org\/{rel}","templated":true}]}}