{"id":43370,"date":"2026-04-22T10:59:11","date_gmt":"2026-04-22T10:59:11","guid":{"rendered":"https:\/\/loosen.lt\/produktas\/swanson-linu-seklu-ella-1000-mg-100-kapsulas\/"},"modified":"2026-04-22T10:59:11","modified_gmt":"2026-04-22T10:59:11","slug":"swanson-linu-seklu-ella-1000-mg-100-kapsulas","status":"publish","type":"product","link":"https:\/\/loosen.lt\/lv\/produkts\/swanson-linu-seklu-ella-1000-mg-100-kapsulas\/","title":{"rendered":"Swanson LINU S\u0112KLU E\u013b\u013bA 1000 mg \u2013 100 kapsulas"},"content":{"rendered":"<p><strong>Sast\u0101vda\u013cas:<\/strong> lins\u0113klu e\u013c\u013ca, \u017eelat\u012bns, glicer\u012bns (mitrumuztur\u0113t\u0101js), att\u012br\u012bts \u016bdens.<\/p>\n<table>\n<tbody>\n<tr>\n<td width=\"214\">Uzturv\u0113rt\u012bba<\/td>\n<td width=\"214\">2 kapsulas<\/td>\n<\/tr>\n<tr>\n<td width=\"214\">Lins\u0113klu e\u013c\u013ca, kas satur:<\/td>\n<td width=\"214\">2000mg<\/td>\n<\/tr>\n<tr>\n<td width=\"214\">Alfa linol\u0113nsk\u0101be (Omega-3)<\/td>\n<td width=\"214\">1160mg<\/td>\n<\/tr>\n<tr>\n<td width=\"214\">Ionolsk\u0101be (Omega-6)<\/td>\n<td width=\"214\">260mg<\/td>\n<\/tr>\n<tr>\n<td width=\"214\">Ole\u012bnsk\u0101be (Omega-9)<\/td>\n<td width=\"214\">260mg<\/td>\n<\/tr>\n<\/tbody>\n<\/table>\n<p>&nbsp;<\/p>\n<div><strong>Nor\u0101d\u012bjumi:<\/strong> Pieaugu\u0161ajiem lietot vienu kapsulu 2 vai 3 reizes dien\u0101.<\/div>\n<div><\/div>\n<div><strong>Uzglab\u0101\u0161anas apst\u0101k\u013ci:<\/strong><\/div>\n<div><\/div>\n<div>Uzglab\u0101t v\u0113s\u0101, saus\u0101 viet\u0101. Sarg\u0101t no b\u0113rniem.<\/div>\n<div><\/div>\n<div>Ra\u017eot\u0101js: Swanson Health Products Inc., ASV.<\/div>\n<div>Neto daudzums: 100 kapsulas<\/div>\n<div>Ieteicams l\u012bdz (der\u012bguma termi\u0146\u0161): Ieteicams l\u012bdz datumam, kas nor\u0101d\u012bts iepakojuma s\u0101nos, aug\u0161pus\u0113 vai apak\u0161\u0101.<\/div>\n<div><\/div>\n<div><strong>Br\u012bdin\u0101jums:<\/strong><\/div>\n<div><\/div>\n<div>Uztura bag\u0101tin\u0101t\u0101js neaizst\u0101j p\u0101rtiku. Svar\u012bgs ir daudzveid\u012bgs un sabalans\u0113ts uzturs un vesel\u012bgs dz\u012bvesveids. Ja esat gr\u016btniece, barojat b\u0113rnu ar kr\u016bti vai lietojat citas z\u0101les, pirms lieto\u0161anas konsult\u0113jieties ar \u0101rstu vai farmaceitu. Nep\u0101rsniedziet ieteicamo devu.<\/div>\n","protected":false},"excerpt":{"rendered":"<div>Swanson uztura bag\u0101tin\u0101t\u0101js \u2013 lins\u0113klu e\u013c\u013ca no ASV, ra\u017eota atbilsto\u0161i augst\u0101kajiem kvalit\u0101tes standartiem<\/div>\n<div><\/div>\n<div><strong>Galven\u0101s \u012bpa\u0161\u012bbas:<\/strong><\/div>\n<div><\/div>\n<ul>\n<li>Lins\u0113klu e\u013c\u013ca \u2013 dab\u012bgs Omega-3 avots<\/li>\n<li>Katra porcija satur ALA, kas veicina norm\u0101lu sirds darb\u012bbu<\/li>\n<li>Satur Omega-3, Omega-6 un Omega-9 tauksk\u0101bes<\/li>\n<\/ul>\n","protected":false},"featured_media":43315,"comment_status":"open","ping_status":"closed","template":"","meta":{"inline_featured_image":false},"product_brand":[],"product_cat":[161,158],"product_tag":[],"class_list":{"0":"post-43370","1":"product","2":"type-product","3":"status-publish","4":"has-post-thumbnail","6":"product_cat-akcijas","7":"product_cat-sirds-un-asins-plusma","9":"first","10":"instock","11":"sale","12":"shipping-taxable","13":"purchasable","14":"product-type-simple"},"_links":{"self":[{"href":"https:\/\/loosen.lt\/lv\/wp-json\/wp\/v2\/product\/43370","targetHints":{"allow":["GET"]}}],"collection":[{"href":"https:\/\/loosen.lt\/lv\/wp-json\/wp\/v2\/product"}],"about":[{"href":"https:\/\/loosen.lt\/lv\/wp-json\/wp\/v2\/types\/product"}],"replies":[{"embeddable":true,"href":"https:\/\/loosen.lt\/lv\/wp-json\/wp\/v2\/comments?post=43370"}],"wp:featuredmedia":[{"embeddable":true,"href":"https:\/\/loosen.lt\/lv\/wp-json\/wp\/v2\/media\/43315"}],"wp:attachment":[{"href":"https:\/\/loosen.lt\/lv\/wp-json\/wp\/v2\/media?parent=43370"}],"wp:term":[{"taxonomy":"product_brand","embeddable":true,"href":"https:\/\/loosen.lt\/lv\/wp-json\/wp\/v2\/product_brand?post=43370"},{"taxonomy":"product_cat","embeddable":true,"href":"https:\/\/loosen.lt\/lv\/wp-json\/wp\/v2\/product_cat?post=43370"},{"taxonomy":"product_tag","embeddable":true,"href":"https:\/\/loosen.lt\/lv\/wp-json\/wp\/v2\/product_tag?post=43370"}],"curies":[{"name":"wp","href":"https:\/\/api.w.org\/{rel}","templated":true}]}}