{"id":43373,"date":"2026-04-22T10:53:52","date_gmt":"2026-04-22T10:53:52","guid":{"rendered":"https:\/\/loosen.lt\/produktas\/swanson-resveratrols-250-mg-30-kapsulas\/"},"modified":"2026-04-22T10:53:52","modified_gmt":"2026-04-22T10:53:52","slug":"swanson-resveratrols-250-mg-30-kapsulas","status":"publish","type":"product","link":"https:\/\/loosen.lt\/lv\/produkts\/swanson-resveratrols-250-mg-30-kapsulas\/","title":{"rendered":"Swanson resveratrols 250 mg \u2013 30 kapsulas"},"content":{"rendered":"<p><strong>Sast\u0101vda\u013cas:<\/strong> Jap\u0101nas di\u017es\u016brenes (Polygonum cuspidatum) sak\u0146u sausais ekstrakts, r\u012bsu milti, \u017eelat\u012bns un pretsalipes vielas \u2013 kalcija karbon\u0101ts un sil\u012bcija dioks\u012bds.<\/p>\n<table>\n<tbody>\n<tr>\n<td width=\"214\">Uzturv\u0113rt\u012bba<\/td>\n<td width=\"214\">1 kapsula<\/td>\n<\/tr>\n<tr>\n<td width=\"214\">Resveratrola ekstrakts<\/td>\n<td width=\"214\">250mg<\/td>\n<\/tr>\n<\/tbody>\n<\/table>\n<p>&nbsp;<\/p>\n<div><strong>Lieto\u0161ana:<\/strong> Pieaugu\u0161ajiem ieteicams lietot 1 kapsulu dien\u0101, v\u0113lams \u0113dienreizes laik\u0101, uzdzerot \u016bdeni.<\/div>\n<div><\/div>\n<div><strong>Uzglab\u0101\u0161anas apst\u0101k\u013ci:<\/strong><\/div>\n<div><\/div>\n<div>Uzglab\u0101t v\u0113s\u0101, saus\u0101 viet\u0101. Sarg\u0101t no b\u0113rniem.<\/div>\n<div><\/div>\n<div>Ra\u017eot\u0101js: Swanson Health Products Inc., ASV.<\/div>\n<div>Neto daudzums: 30 kapsulas<\/div>\n<div>Ieteicams l\u012bdz (der\u012bguma termi\u0146\u0161): Ieteicams l\u012bdz datumam, kas nor\u0101d\u012bts iepakojuma s\u0101nos, aug\u0161pus\u0113 vai apak\u0161\u0101.<\/div>\n<div><\/div>\n<div><strong>Br\u012bdin\u0101jums:<\/strong><\/div>\n<div><\/div>\n<div>Uztura bag\u0101tin\u0101t\u0101js neaizst\u0101j uzturu. Svar\u012bgs ir daudzveid\u012bgs un sabalans\u0113ts uzturs un vesel\u012bgs dz\u012bvesveids. Ja esat gr\u016btniece, barojat b\u0113rnu ar kr\u016bti vai lietojat citas z\u0101les, pirms lieto\u0161anas konsult\u0113jieties ar \u0101rstu vai farmaceitu. Nep\u0101rsniedziet ieteicamo devu.<\/div>\n","protected":false},"excerpt":{"rendered":"<div>Swanson Resveratrol 250 mg \u2013 augstas kvalit\u0101tes uztura bag\u0101tin\u0101t\u0101js, kas ra\u017eots ASV, nodro\u0161inot efektivit\u0101ti, pateicoties daudzu gadu ra\u017eo\u0161anas pieredzei.<\/div>\n<div><\/div>\n<div><strong>Galven\u0101s \u012bpa\u0161\u012bbas:<\/strong><\/div>\n<div><\/div>\n<ul>\n<li><strong>Sirds un asinsrite:<\/strong> Pal\u012bdz uztur\u0113t vesel\u012bgu sirds darb\u012bbu.<\/li>\n<li><strong>Kauli un loc\u012btavas:<\/strong> Veicina norm\u0101la kaulu stipruma uztur\u0113\u0161anu.<\/li>\n<li><strong>Ilgm\u016b\u017e\u012bba:<\/strong> Tas ir senomofors, kas kav\u0113 SASP (\u0161\u016bnu iekaisuma avota) izplat\u012b\u0161anos, un antioksidants, kas c\u012bn\u0101s pret br\u012bvajiem radik\u0101\u013ciem.<\/li>\n<\/ul>\n","protected":false},"featured_media":43303,"comment_status":"open","ping_status":"closed","template":"","meta":{"inline_featured_image":false},"product_brand":[],"product_cat":[161,158,149,147],"product_tag":[],"class_list":{"0":"post-43373","1":"product","2":"type-product","3":"status-publish","4":"has-post-thumbnail","6":"product_cat-akcijas","7":"product_cat-sirds-un-asins-plusma","8":"product_cat-kauli-un-locitavas","9":"product_cat-ilgmuziba","11":"first","12":"instock","13":"sale","14":"shipping-taxable","15":"purchasable","16":"product-type-simple"},"_links":{"self":[{"href":"https:\/\/loosen.lt\/lv\/wp-json\/wp\/v2\/product\/43373","targetHints":{"allow":["GET"]}}],"collection":[{"href":"https:\/\/loosen.lt\/lv\/wp-json\/wp\/v2\/product"}],"about":[{"href":"https:\/\/loosen.lt\/lv\/wp-json\/wp\/v2\/types\/product"}],"replies":[{"embeddable":true,"href":"https:\/\/loosen.lt\/lv\/wp-json\/wp\/v2\/comments?post=43373"}],"wp:featuredmedia":[{"embeddable":true,"href":"https:\/\/loosen.lt\/lv\/wp-json\/wp\/v2\/media\/43303"}],"wp:attachment":[{"href":"https:\/\/loosen.lt\/lv\/wp-json\/wp\/v2\/media?parent=43373"}],"wp:term":[{"taxonomy":"product_brand","embeddable":true,"href":"https:\/\/loosen.lt\/lv\/wp-json\/wp\/v2\/product_brand?post=43373"},{"taxonomy":"product_cat","embeddable":true,"href":"https:\/\/loosen.lt\/lv\/wp-json\/wp\/v2\/product_cat?post=43373"},{"taxonomy":"product_tag","embeddable":true,"href":"https:\/\/loosen.lt\/lv\/wp-json\/wp\/v2\/product_tag?post=43373"}],"curies":[{"name":"wp","href":"https:\/\/api.w.org\/{rel}","templated":true}]}}