{"id":43375,"date":"2026-04-21T19:40:15","date_gmt":"2026-04-21T19:40:15","guid":{"rendered":"https:\/\/loosen.lt\/produktas\/swanson-biotins-5000-mcg-100-kapsulas\/"},"modified":"2026-04-21T19:40:15","modified_gmt":"2026-04-21T19:40:15","slug":"swanson-biotins-5000-mcg-100-kapsulas","status":"publish","type":"product","link":"https:\/\/loosen.lt\/lv\/produkts\/swanson-biotins-5000-mcg-100-kapsulas\/","title":{"rendered":"Swanson BIOT\u012aNS 5000 MCG \u2013 100 kapsulas"},"content":{"rendered":"<p><strong>Sast\u0101vda\u013cas:<\/strong> r\u012bsu miltu b\u0101ze; kapsulas un struktur\u0101l\u0101s sast\u0101vda\u013cas \u2013 ak\u0101cijas sve\u0137i un \u017eelat\u012bns; akt\u012bv\u0101 viela \u2013 D-biot\u012bns<\/p>\n<table>\n<tbody>\n<tr>\n<td width=\"214\">Uzturv\u0113rt\u012bba<\/td>\n<td width=\"214\">1 kapsula<\/td>\n<\/tr>\n<tr>\n<td width=\"214\">Biot\u012bns<\/td>\n<td width=\"214\">5000mcg*<\/td>\n<\/tr>\n<\/tbody>\n<\/table>\n<p>&nbsp;<\/p>\n<div><strong>Lieto\u0161ana:<\/strong> Pieaugu\u0161ajiem ieteicams lietot vienu kapsulu dien\u0101, norijot to ar \u016bdeni.<\/div>\n<div><\/div>\n<div><strong>Uzglab\u0101\u0161anas apst\u0101k\u013ci:<\/strong><\/div>\n<div><\/div>\n<div>Uzglab\u0101t v\u0113s\u0101, saus\u0101 viet\u0101. Sarg\u0101t no b\u0113rniem.<\/div>\n<div><\/div>\n<div>Ra\u017eot\u0101js: Swanson Health Products Inc., ASV.<\/div>\n<div>Neto daudzums: (100 kapsulas).<\/div>\n<div>Ieteicams l\u012bdz (der\u012bguma termi\u0146\u0161): Ieteicams l\u012bdz datumam, kas nor\u0101d\u012bts iepakojuma s\u0101nos, aug\u0161pus\u0113 vai apak\u0161\u0101.<\/div>\n<div><\/div>\n<div><strong>Br\u012bdin\u0101jums:<\/strong><\/div>\n<div><\/div>\n<div>Uztura bag\u0101tin\u0101t\u0101js neaizst\u0101j uzturu. Svar\u012bgs ir daudzveid\u012bgs un sabalans\u0113ts uzturs un vesel\u012bgs dz\u012bvesveids. Ja esat gr\u016btniece, barojat b\u0113rnu ar kr\u016bti vai lietojat citas z\u0101les, pirms lieto\u0161anas konsult\u0113jieties ar \u0101rstu vai farmaceitu. Nep\u0101rsniedziet ieteicamo devu.<\/div>\n","protected":false},"excerpt":{"rendered":"<div>Swanson Biotin tiek ra\u017eots ASV, pamatojoties uz daudzu gadu pieredzi un stingru kvalit\u0101tes kontroli, nodro\u0161inot uzticamu produkta kvalit\u0101ti.<\/div>\n<div><\/div>\n<div><strong>Galven\u0101s \u012bpa\u0161\u012bbas:<\/strong><\/div>\n<div><\/div>\n<div><strong>Biot\u012bns pal\u012bdz uztur\u0113t<\/strong><\/div>\n<div><\/div>\n<ul>\n<li>norm\u0101lu \u0101das st\u0101vokli<\/li>\n<li>vesel\u012bgu matu st\u0101vokli<\/li>\n<li>g\u013cot\u0101das integrit\u0101ti un vesel\u012bbu<\/li>\n<li>pareizu makroelementu metabolismu<\/li>\n<li>norm\u0101lu nervu sist\u0113mas darb\u012bbu<\/li>\n<li>psiholo\u0123isk\u0101s aktivit\u0101tes stabilit\u0101ti<\/li>\n<li>efekt\u012bvu ener\u0123ijas metabolismu<\/li>\n<\/ul>\n","protected":false},"featured_media":43251,"comment_status":"open","ping_status":"closed","template":"","meta":{"inline_featured_image":false},"product_brand":[],"product_cat":[161,145],"product_tag":[],"class_list":{"0":"post-43375","1":"product","2":"type-product","3":"status-publish","4":"has-post-thumbnail","6":"product_cat-akcijas","7":"product_cat-gan","9":"first","10":"instock","11":"sale","12":"shipping-taxable","13":"purchasable","14":"product-type-simple"},"_links":{"self":[{"href":"https:\/\/loosen.lt\/lv\/wp-json\/wp\/v2\/product\/43375","targetHints":{"allow":["GET"]}}],"collection":[{"href":"https:\/\/loosen.lt\/lv\/wp-json\/wp\/v2\/product"}],"about":[{"href":"https:\/\/loosen.lt\/lv\/wp-json\/wp\/v2\/types\/product"}],"replies":[{"embeddable":true,"href":"https:\/\/loosen.lt\/lv\/wp-json\/wp\/v2\/comments?post=43375"}],"wp:featuredmedia":[{"embeddable":true,"href":"https:\/\/loosen.lt\/lv\/wp-json\/wp\/v2\/media\/43251"}],"wp:attachment":[{"href":"https:\/\/loosen.lt\/lv\/wp-json\/wp\/v2\/media?parent=43375"}],"wp:term":[{"taxonomy":"product_brand","embeddable":true,"href":"https:\/\/loosen.lt\/lv\/wp-json\/wp\/v2\/product_brand?post=43375"},{"taxonomy":"product_cat","embeddable":true,"href":"https:\/\/loosen.lt\/lv\/wp-json\/wp\/v2\/product_cat?post=43375"},{"taxonomy":"product_tag","embeddable":true,"href":"https:\/\/loosen.lt\/lv\/wp-json\/wp\/v2\/product_tag?post=43375"}],"curies":[{"name":"wp","href":"https:\/\/api.w.org\/{rel}","templated":true}]}}