{"id":43376,"date":"2026-04-21T19:38:58","date_gmt":"2026-04-21T19:38:58","guid":{"rendered":"https:\/\/loosen.lt\/produktas\/swanson-glikozamins-hondroitins-un-msm-120-tabletes\/"},"modified":"2026-04-21T19:38:58","modified_gmt":"2026-04-21T19:38:58","slug":"swanson-glikozamins-hondroitins-un-msm-120-tabletes","status":"publish","type":"product","link":"https:\/\/loosen.lt\/lv\/produkts\/swanson-glikozamins-hondroitins-un-msm-120-tabletes\/","title":{"rendered":"Swanson glikozam\u012bns, hondroit\u012bns un MSM \u2013 120 tabletes"},"content":{"rendered":"<p><strong>Sast\u0101vda\u013cas:<\/strong> Produkts satur glikozam\u012bna sulf\u0101tu, kas ieg\u016bts no v\u0113\u017eveid\u012bgajiem, k\u0101 ar\u012b metilsulfonilmet\u0101nu un hondroit\u012bna sulf\u0101tu. Izmantotas ar\u012b pal\u012bgvielas: mikrokrist\u0101lisk\u0101 celuloze k\u0101 pildviela, kalcija karbon\u0101ts lip\u012bguma regul\u0113\u0161anai, tauksk\u0101bes un to magnija s\u0101\u013ci emulg\u0101cijai. Formulu stabiliz\u0113 \u0161\u0137\u0113rssaist\u012bta n\u0101trija karboksimetilceluloze, un tabletes virsmas p\u0101rkl\u0101\u0161anai izmantots \u0161ellaks.<\/p>\n<table>\n<tbody>\n<tr>\n<td width=\"214\">Uzturv\u0113rt\u012bba<\/td>\n<td width=\"214\">3 kapsulas<\/td>\n<\/tr>\n<tr>\n<td width=\"214\">Glikozam\u012bna sulf\u0101ts<\/td>\n<td width=\"214\">750mg<\/td>\n<\/tr>\n<tr>\n<td width=\"214\">Hondroit\u012bna sulf\u0101ts<\/td>\n<td width=\"214\">600mg<\/td>\n<\/tr>\n<tr>\n<td width=\"214\">Metilsulfonilmet\u0101ns<\/td>\n<td width=\"214\">450mg<\/td>\n<\/tr>\n<\/tbody>\n<\/table>\n<p>&nbsp;<\/p>\n<div><strong>Lieto\u0161ana:<\/strong> Ieteicams lietot 3 tabletes vien\u0101 reiz\u0113, 1-2 reizes dien\u0101. Tabletes j\u0101lieto \u0113dienrei\u017eu laik\u0101, uzdzerot \u016bdeni.<\/div>\n<div><\/div>\n<div><strong>Uzglab\u0101\u0161anas apst\u0101k\u013ci:<\/strong><\/div>\n<div><\/div>\n<div>Uzglab\u0101t v\u0113s\u0101, saus\u0101 viet\u0101. Sarg\u0101t no b\u0113rniem.<\/div>\n<div><\/div>\n<div>Ra\u017eot\u0101js: Swanson Health Products Inc., ASV.<\/div>\n<div>Neto daudzums: 120 kapsulas<\/div>\n<div>Ieteicams l\u012bdz (der\u012bguma termi\u0146\u0161): Ieteicams l\u012bdz datumam, kas nor\u0101d\u012bts iepakojuma s\u0101nos, aug\u0161pus\u0113 vai apak\u0161\u0101.<\/div>\n<div><\/div>\n<div><strong>Br\u012bdin\u0101jums:<\/strong><\/div>\n<div><\/div>\n<div>Uztura bag\u0101tin\u0101t\u0101js neaizst\u0101j uzturu. Svar\u012bgs ir daudzveid\u012bgs un sabalans\u0113ts uzturs un vesel\u012bgs dz\u012bvesveids. Ja esat gr\u016btniece, barojat b\u0113rnu ar kr\u016bti vai lietojat citas z\u0101les, pirms lieto\u0161anas konsult\u0113jieties ar \u0101rstu vai farmaceitu. Nep\u0101rsniedziet ieteicamo devu.<\/div>\n","protected":false},"excerpt":{"rendered":"<div>Swanson glikozam\u012bns, hondroit\u012bns un MSM tiek ra\u017eots ASV saska\u0146\u0101 ar stingriem kvalit\u0101tes standartiem.<\/div>\n<div><\/div>\n<div><strong>Galven\u0101s \u012bpa\u0161\u012bbas:<\/strong><\/div>\n<div><\/div>\n<ul>\n<li>Satur glikozam\u012bnu, hondroit\u012bnu un MSM \u2014 vielas, kas dabiski atrodamas saistaudos.<\/li>\n<\/ul>\n","protected":false},"featured_media":43255,"comment_status":"open","ping_status":"closed","template":"","meta":{"inline_featured_image":false},"product_brand":[],"product_cat":[161,149],"product_tag":[],"class_list":{"0":"post-43376","1":"product","2":"type-product","3":"status-publish","4":"has-post-thumbnail","6":"product_cat-akcijas","7":"product_cat-kauli-un-locitavas","9":"first","10":"instock","11":"sale","12":"shipping-taxable","13":"purchasable","14":"product-type-simple"},"_links":{"self":[{"href":"https:\/\/loosen.lt\/lv\/wp-json\/wp\/v2\/product\/43376","targetHints":{"allow":["GET"]}}],"collection":[{"href":"https:\/\/loosen.lt\/lv\/wp-json\/wp\/v2\/product"}],"about":[{"href":"https:\/\/loosen.lt\/lv\/wp-json\/wp\/v2\/types\/product"}],"replies":[{"embeddable":true,"href":"https:\/\/loosen.lt\/lv\/wp-json\/wp\/v2\/comments?post=43376"}],"wp:featuredmedia":[{"embeddable":true,"href":"https:\/\/loosen.lt\/lv\/wp-json\/wp\/v2\/media\/43255"}],"wp:attachment":[{"href":"https:\/\/loosen.lt\/lv\/wp-json\/wp\/v2\/media?parent=43376"}],"wp:term":[{"taxonomy":"product_brand","embeddable":true,"href":"https:\/\/loosen.lt\/lv\/wp-json\/wp\/v2\/product_brand?post=43376"},{"taxonomy":"product_cat","embeddable":true,"href":"https:\/\/loosen.lt\/lv\/wp-json\/wp\/v2\/product_cat?post=43376"},{"taxonomy":"product_tag","embeddable":true,"href":"https:\/\/loosen.lt\/lv\/wp-json\/wp\/v2\/product_tag?post=43376"}],"curies":[{"name":"wp","href":"https:\/\/api.w.org\/{rel}","templated":true}]}}