{"id":43377,"date":"2026-04-21T19:37:11","date_gmt":"2026-04-21T19:37:11","guid":{"rendered":"https:\/\/loosen.lt\/produktas\/swanson-kalijs-120-kapsulas\/"},"modified":"2026-04-21T19:37:11","modified_gmt":"2026-04-21T19:37:11","slug":"swanson-kalijs-120-kapsulas","status":"publish","type":"product","link":"https:\/\/loosen.lt\/lv\/produkts\/swanson-kalijs-120-kapsulas\/","title":{"rendered":"Swanson K\u0101lijs \u2013 120 kapsulas"},"content":{"rendered":"<p><strong>Sast\u0101vda\u013cas:<\/strong> r\u012bsu milti k\u0101 pildviela, k\u0101lija citr\u0101ts k\u0101 akt\u012bv\u0101 viela, \u017eelat\u012bns kapsulas apvalkam un tauksk\u0101bju magnija s\u0101\u013ci k\u0101 emulgators produkta strukt\u016bras stabiliz\u0113\u0161anai.<\/p>\n<table>\n<tbody>\n<tr>\n<td width=\"214\">Uzturv\u0113rt\u012bba<\/td>\n<td width=\"214\">1 kapsula<\/td>\n<\/tr>\n<tr>\n<td width=\"214\">K\u0101lijs<\/td>\n<td width=\"214\">99mg<\/td>\n<\/tr>\n<\/tbody>\n<\/table>\n<div>*Atsauces uzturv\u0113rt\u012bba 4,9%.<\/div>\n<div><\/div>\n<div><strong>Lieto\u0161ana:<\/strong> Pieaugu\u0161ajiem ieteicams lietot vienu kapsulu dien\u0101, lietojot kop\u0101 ar \u0113dienu un \u016bdeni.<\/div>\n<div><\/div>\n<div><strong>Uzglab\u0101\u0161anas apst\u0101k\u013ci:<\/strong><\/div>\n<div><\/div>\n<div>Uzglab\u0101t v\u0113s\u0101, saus\u0101 viet\u0101. Sarg\u0101t no b\u0113rniem.<\/div>\n<div><\/div>\n<div>Ra\u017eot\u0101js: Swanson Health Products Inc., ASV.<\/div>\n<div>Neto daudzums: (120 kapsulas).<\/div>\n<div>Ieteicams l\u012bdz (der\u012bguma termi\u0146\u0161): Ieteicams l\u012bdz datumam, kas nor\u0101d\u012bts iepakojuma s\u0101nos, aug\u0161pus\u0113 vai apak\u0161\u0101.<\/div>\n<div><\/div>\n<div><strong>Br\u012bdin\u0101jums:<\/strong><\/div>\n<div><\/div>\n<div>Uztura bag\u0101tin\u0101t\u0101js neaizst\u0101j p\u0101rtiku. Svar\u012bgs ir daudzveid\u012bgs un sabalans\u0113ts uzturs un vesel\u012bgs dz\u012bvesveids. Ja esat gr\u016btniece, barojat b\u0113rnu ar kr\u016bti vai lietojat citas z\u0101les, pirms lieto\u0161anas konsult\u0113jieties ar \u0101rstu vai farmaceitu. Nep\u0101rsniedziet ieteicamo devu.<\/div>\n<p>&nbsp;<\/p>\n","protected":false},"excerpt":{"rendered":"<div>Swanson Potassium uztura bag\u0101tin\u0101t\u0101js, kas ra\u017eots ASV atbilsto\u0161i augstiem kvalit\u0101tes standartiem, ir ra\u017eot\u0101ja daudzu gadu pieredzes rezult\u0101ts, nodro\u0161inot uzticamu un augstas kvalit\u0101tes produktu.<\/div>\n<div><\/div>\n<div><strong>Galven\u0101s \u012bpa\u0161\u012bbas:<\/strong><\/div>\n<div><\/div>\n<ul>\n<li>Pal\u012bdz uztur\u0113t norm\u0101lu kaulu vesel\u012bbu<\/li>\n<li>Pal\u012bdz uztur\u0113t norm\u0101lu zobu vesel\u012bbu<\/li>\n<li>Veicina norm\u0101lu musku\u013cu darb\u012bbu<\/li>\n<li>Nepiecie\u0161ams norm\u0101lai nervu sist\u0113mas darb\u012bbai<\/li>\n<li>Piedal\u0101s norm\u0101l\u0101 ener\u0123ijas metabolism\u0101<\/li>\n<\/ul>\n","protected":false},"featured_media":43259,"comment_status":"open","ping_status":"closed","template":"","meta":{"inline_featured_image":false},"product_brand":[],"product_cat":[161,149],"product_tag":[],"class_list":{"0":"post-43377","1":"product","2":"type-product","3":"status-publish","4":"has-post-thumbnail","6":"product_cat-akcijas","7":"product_cat-kauli-un-locitavas","9":"first","10":"instock","11":"sale","12":"shipping-taxable","13":"purchasable","14":"product-type-simple"},"_links":{"self":[{"href":"https:\/\/loosen.lt\/lv\/wp-json\/wp\/v2\/product\/43377","targetHints":{"allow":["GET"]}}],"collection":[{"href":"https:\/\/loosen.lt\/lv\/wp-json\/wp\/v2\/product"}],"about":[{"href":"https:\/\/loosen.lt\/lv\/wp-json\/wp\/v2\/types\/product"}],"replies":[{"embeddable":true,"href":"https:\/\/loosen.lt\/lv\/wp-json\/wp\/v2\/comments?post=43377"}],"wp:featuredmedia":[{"embeddable":true,"href":"https:\/\/loosen.lt\/lv\/wp-json\/wp\/v2\/media\/43259"}],"wp:attachment":[{"href":"https:\/\/loosen.lt\/lv\/wp-json\/wp\/v2\/media?parent=43377"}],"wp:term":[{"taxonomy":"product_brand","embeddable":true,"href":"https:\/\/loosen.lt\/lv\/wp-json\/wp\/v2\/product_brand?post=43377"},{"taxonomy":"product_cat","embeddable":true,"href":"https:\/\/loosen.lt\/lv\/wp-json\/wp\/v2\/product_cat?post=43377"},{"taxonomy":"product_tag","embeddable":true,"href":"https:\/\/loosen.lt\/lv\/wp-json\/wp\/v2\/product_tag?post=43377"}],"curies":[{"name":"wp","href":"https:\/\/api.w.org\/{rel}","templated":true}]}}