{"id":43380,"date":"2026-04-21T19:29:53","date_gmt":"2026-04-21T19:29:53","guid":{"rendered":"https:\/\/loosen.lt\/produktas\/swanson-vars-biszglicinats-2-mg-300-tabletes\/"},"modified":"2026-04-21T19:29:53","modified_gmt":"2026-04-21T19:29:53","slug":"swanson-vars-biszglicinats-2-mg-300-tabletes","status":"publish","type":"product","link":"https:\/\/loosen.lt\/lv\/produkts\/swanson-vars-biszglicinats-2-mg-300-tabletes\/","title":{"rendered":"Swanson VAR\u0160 (BISZGLICIN\u0100TS) 2 mg \u2013 300 tabletes"},"content":{"rendered":"<p><strong>Sast\u0101vda\u013cas:<\/strong> tabletes pamatne sast\u0101v no augu izcelsmes mikrokrist\u0101lisk\u0101s celulozes un kalcija karbon\u0101ta, tiek izmantotas ar\u012b saistvielas un stabilizatori (tauksk\u0101bju magnija s\u0101\u013ci, maltodekstr\u012bns), emulgatori (tauksk\u0101bes un n\u0101trija karboksimetilceluloze), akt\u012bv\u0101 viela ir vara bisglicin\u0101ts, bet tabletes apvalkam izmantots \u0161ellaks.<\/p>\n<table>\n<tbody>\n<tr>\n<td width=\"214\">Uzturv\u0113rt\u012bba<\/td>\n<td width=\"214\">1 tablet\u0113<\/td>\n<\/tr>\n<tr>\n<td width=\"214\">Var\u0161<\/td>\n<td width=\"214\">2mg<\/td>\n<\/tr>\n<\/tbody>\n<\/table>\n<div>* atsauces uzturv\u0113rt\u012bba 200%<\/div>\n<div><\/div>\n<div><strong>Lieto\u0161ana:<\/strong> Pieaugu\u0161ajiem ieteicams lietot vienu tableti dien\u0101, uzdzerot \u016bdeni.<\/div>\n<div><\/div>\n<div><strong>Uzglab\u0101\u0161anas apst\u0101k\u013ci:<\/strong><\/div>\n<div><\/div>\n<div>Uzglab\u0101t v\u0113s\u0101, saus\u0101 viet\u0101. Sarg\u0101t no b\u0113rniem.<\/div>\n<div><\/div>\n<div>Ra\u017eot\u0101js: Swanson Health Products Inc., ASV.<\/div>\n<div>Neto daudzums: 300 kapsulas<\/div>\n<div>Ieteicams l\u012bdz (der\u012bguma termi\u0146\u0161): Ieteicams l\u012bdz datumam, kas nor\u0101d\u012bts iepakojuma s\u0101nos, aug\u0161pus\u0113 vai apak\u0161\u0101.<\/div>\n<div><\/div>\n<div><strong>Br\u012bdin\u0101jums:<\/strong><\/div>\n<div><\/div>\n<div>Uztura bag\u0101tin\u0101t\u0101js neaizst\u0101j p\u0101rtiku. Svar\u012bgs ir daudzveid\u012bgs un sabalans\u0113ts uzturs un vesel\u012bgs dz\u012bvesveids. Ja esat gr\u016btniece, barojat b\u0113rnu ar kr\u016bti vai lietojat citas z\u0101les, pirms lieto\u0161anas konsult\u0113jieties ar \u0101rstu vai farmaceitu. Nep\u0101rsniedziet ieteicamo devu.<\/div>\n<p>&nbsp;<\/p>\n","protected":false},"excerpt":{"rendered":"<div>Swanson patent\u0113tais vara bisglicin\u0101ta uztura bag\u0101tin\u0101t\u0101js, kas ra\u017eots ASV atbilsto\u0161i augst\u0101kajiem kvalit\u0101tes standartiem, izce\u013cas ar uzticamu kvalit\u0101ti un efektivit\u0101ti.<\/div>\n<div><\/div>\n<div><strong>Galven\u0101s \u012bpa\u0161\u012bbas:<\/strong><\/div>\n<div><\/div>\n<div><strong>Var\u0161 pal\u012bdz uztur\u0113t:<\/strong><\/div>\n<div><\/div>\n<ul>\n<li>norm\u0101lu saistaudu st\u0101vokli<\/li>\n<li>norm\u0101lu ener\u0123ijas metabolismu<\/li>\n<li>norm\u0101lu nervu sist\u0113mas darb\u012bbu<\/li>\n<li>norm\u0101lu im\u016bnsist\u0113mas darb\u012bbu<\/li>\n<li>norm\u0101lu dzelzs transport\u0113\u0161anu organism\u0101<\/li>\n<li>norm\u0101lu \u0101das pigment\u0101ciju<\/li>\n<li>norm\u0101lu matu pigment\u0101ciju<\/li>\n<li>\u0161\u016bnu aizsardz\u012bbu pret oksidat\u012bviem boj\u0101jumiem<\/li>\n<\/ul>\n","protected":false},"featured_media":43271,"comment_status":"open","ping_status":"closed","template":"","meta":{"inline_featured_image":false},"product_brand":[],"product_cat":[161,147],"product_tag":[],"class_list":{"0":"post-43380","1":"product","2":"type-product","3":"status-publish","4":"has-post-thumbnail","6":"product_cat-akcijas","7":"product_cat-ilgmuziba","9":"first","10":"instock","11":"sale","12":"shipping-taxable","13":"purchasable","14":"product-type-simple"},"_links":{"self":[{"href":"https:\/\/loosen.lt\/lv\/wp-json\/wp\/v2\/product\/43380","targetHints":{"allow":["GET"]}}],"collection":[{"href":"https:\/\/loosen.lt\/lv\/wp-json\/wp\/v2\/product"}],"about":[{"href":"https:\/\/loosen.lt\/lv\/wp-json\/wp\/v2\/types\/product"}],"replies":[{"embeddable":true,"href":"https:\/\/loosen.lt\/lv\/wp-json\/wp\/v2\/comments?post=43380"}],"wp:featuredmedia":[{"embeddable":true,"href":"https:\/\/loosen.lt\/lv\/wp-json\/wp\/v2\/media\/43271"}],"wp:attachment":[{"href":"https:\/\/loosen.lt\/lv\/wp-json\/wp\/v2\/media?parent=43380"}],"wp:term":[{"taxonomy":"product_brand","embeddable":true,"href":"https:\/\/loosen.lt\/lv\/wp-json\/wp\/v2\/product_brand?post=43380"},{"taxonomy":"product_cat","embeddable":true,"href":"https:\/\/loosen.lt\/lv\/wp-json\/wp\/v2\/product_cat?post=43380"},{"taxonomy":"product_tag","embeddable":true,"href":"https:\/\/loosen.lt\/lv\/wp-json\/wp\/v2\/product_tag?post=43380"}],"curies":[{"name":"wp","href":"https:\/\/api.w.org\/{rel}","templated":true}]}}