{"id":43381,"date":"2026-04-21T19:28:45","date_gmt":"2026-04-21T19:28:45","guid":{"rendered":"https:\/\/loosen.lt\/produktas\/swanson-b12-vitamins-100-kapsulas\/"},"modified":"2026-04-21T19:28:45","modified_gmt":"2026-04-21T19:28:45","slug":"swanson-b12-vitamins-100-kapsulas","status":"publish","type":"product","link":"https:\/\/loosen.lt\/lv\/produkts\/swanson-b12-vitamins-100-kapsulas\/","title":{"rendered":"Swanson B12 vitam\u012bns \u2013 100 kapsulas"},"content":{"rendered":"<p><strong>Sast\u0101vda\u013cas:<\/strong> \u017eelat\u012bns, r\u012bsu milti un cianokobalam\u012bns (B12 vitam\u012bna veids).<\/p>\n<table>\n<tbody>\n<tr>\n<td width=\"214\">Sast\u0101vda\u013cas<\/td>\n<td width=\"214\">1 kapsula<\/td>\n<\/tr>\n<tr>\n<td width=\"214\">Vitam\u012bns B12<\/td>\n<td width=\"214\">500\u00b5g*<\/td>\n<\/tr>\n<\/tbody>\n<\/table>\n<div>* \u2013 atsauces uzturv\u0113rt\u012bba 20000 procenti.<\/div>\n<div><\/div>\n<div><strong>Lieto\u0161ana:<\/strong> Pieaugu\u0161ajiem ieteicams lietot 1 kapsulu dien\u0101, uzdzerot \u016bdeni.<\/div>\n<div><\/div>\n<div><strong>Uzglab\u0101\u0161anas apst\u0101k\u013ci:<\/strong><\/div>\n<div><\/div>\n<div>Uzglab\u0101t v\u0113s\u0101, saus\u0101 viet\u0101. Sarg\u0101t no b\u0113rniem.<\/div>\n<div><\/div>\n<div>Ra\u017eot\u0101js: Swanson Health Products Inc., ASV.<\/div>\n<div>Neto daudzums: 100 kapsulas<\/div>\n<div>Ieteicams l\u012bdz (der\u012bguma termi\u0146\u0161): Ieteicams l\u012bdz datumam, kas nor\u0101d\u012bts iepakojuma s\u0101nos, aug\u0161pus\u0113 vai apak\u0161\u0101.<\/div>\n<div><\/div>\n<div><strong>Br\u012bdin\u0101jums:<\/strong><\/div>\n<div><\/div>\n<div>Uztura bag\u0101tin\u0101t\u0101js neaizst\u0101j p\u0101rtiku. Svar\u012bgs ir daudzveid\u012bgs un sabalans\u0113ts uzturs un vesel\u012bgs dz\u012bvesveids. Ja esat gr\u016btniece, barojat b\u0113rnu ar kr\u016bti vai lietojat citas z\u0101les, pirms lieto\u0161anas konsult\u0113jieties ar \u0101rstu vai farmaceitu. Nep\u0101rsniedziet ieteicamo devu.<\/div>\n","protected":false},"excerpt":{"rendered":"<div>Swanson vitam\u012bns B12, kas ra\u017eots ASV atbilsto\u0161i augst\u0101kajiem kvalit\u0101tes standartiem, ir augstas kvalit\u0101tes, efekt\u012bvs un uzticams, pateicoties ra\u017eot\u0101ja daudzu gadu pieredzei.<\/div>\n<div><\/div>\n<div><strong>Galven\u0101s \u012bpa\u0161\u012bbas:<\/strong><\/div>\n<div><\/div>\n<div><strong>B12 vitam\u012bns pal\u012bdz:<\/strong><\/div>\n<div><\/div>\n<ul>\n<li>uztur\u0113t norm\u0101lu im\u016bnsist\u0113mas darb\u012bbu<\/li>\n<li>nodro\u0161in\u0101t nervu sist\u0113mas darb\u012bbu un psiholo\u0123isko l\u012bdzsvaru<\/li>\n<li>atbalst\u012bt ener\u0123ijas metabolismu, regul\u0113t homociste\u012bna metabolismu<\/li>\n<li>mazin\u0101t nogurumu un nesp\u0113ku<\/li>\n<li>veidot sarkanos asins\u0137ermen\u012b\u0161us<\/li>\n<li>veikt \u0161\u016bnu dal\u012b\u0161an\u0101s procesus<\/li>\n<\/ul>\n","protected":false},"featured_media":43275,"comment_status":"open","ping_status":"closed","template":"","meta":{"inline_featured_image":false},"product_brand":[],"product_cat":[161,151],"product_tag":[],"class_list":{"0":"post-43381","1":"product","2":"type-product","3":"status-publish","4":"has-post-thumbnail","6":"product_cat-akcijas","7":"product_cat-nervu-sistema","9":"first","10":"instock","11":"sale","12":"shipping-taxable","13":"purchasable","14":"product-type-simple"},"_links":{"self":[{"href":"https:\/\/loosen.lt\/lv\/wp-json\/wp\/v2\/product\/43381","targetHints":{"allow":["GET"]}}],"collection":[{"href":"https:\/\/loosen.lt\/lv\/wp-json\/wp\/v2\/product"}],"about":[{"href":"https:\/\/loosen.lt\/lv\/wp-json\/wp\/v2\/types\/product"}],"replies":[{"embeddable":true,"href":"https:\/\/loosen.lt\/lv\/wp-json\/wp\/v2\/comments?post=43381"}],"wp:featuredmedia":[{"embeddable":true,"href":"https:\/\/loosen.lt\/lv\/wp-json\/wp\/v2\/media\/43275"}],"wp:attachment":[{"href":"https:\/\/loosen.lt\/lv\/wp-json\/wp\/v2\/media?parent=43381"}],"wp:term":[{"taxonomy":"product_brand","embeddable":true,"href":"https:\/\/loosen.lt\/lv\/wp-json\/wp\/v2\/product_brand?post=43381"},{"taxonomy":"product_cat","embeddable":true,"href":"https:\/\/loosen.lt\/lv\/wp-json\/wp\/v2\/product_cat?post=43381"},{"taxonomy":"product_tag","embeddable":true,"href":"https:\/\/loosen.lt\/lv\/wp-json\/wp\/v2\/product_tag?post=43381"}],"curies":[{"name":"wp","href":"https:\/\/api.w.org\/{rel}","templated":true}]}}