{"id":43382,"date":"2026-04-21T19:27:37","date_gmt":"2026-04-21T19:27:37","guid":{"rendered":"https:\/\/loosen.lt\/produktas\/nutrend-flexit-gold-dzeriens-400-g-upenu-garsa\/"},"modified":"2026-04-21T19:27:37","modified_gmt":"2026-04-21T19:27:37","slug":"nutrend-flexit-gold-dzeriens-400-g-upenu-garsa","status":"publish","type":"product","link":"https:\/\/loosen.lt\/lv\/produkts\/nutrend-flexit-gold-dzeriens-400-g-upenu-garsa\/","title":{"rendered":"Nutrend Flexit Gold dz\u0113riens 400 g upe\u0146u gar\u0161a"},"content":{"rendered":"<p><strong>Sast\u0101vda\u013cas:<\/strong> hidroliz\u0113ts kolag\u0113na prote\u012bns, tostarp 2,5% hidroliz\u0113ta zivju kolag\u0113na (Noticol\u00ae), k\u0101 ar\u012b maltodekstr\u012bns. Uztura bag\u0101tin\u0101t\u0101js izmanto glikozam\u012bna sulf\u0101ta k\u0101lija s\u0101li (no v\u0113\u017eveid\u012bgajiem), hondroit\u012bna sulf\u0101tu un MSM (metilsulfonilmet\u0101nu). Iek\u013cauts ar\u012b bosv\u0113lijas ekstrakta veids (Boswellin\u00ae PS), kas standartiz\u0113ts attiec\u012bb\u0101 uz beta-bosvel\u012bnsk\u0101bi un acetil-keto-beta-bosvel\u012bnsk\u0101bi. Sk\u0101buma regul\u0113\u0161anai tiek izmantotas citronsk\u0101be un \u0101bolsk\u0101be, bet stabilit\u0101tes nodro\u0161in\u0101\u0161anai tiek izmantoti ak\u0101cijas sve\u0137i un ksant\u0101na sve\u0137i. Satur ar\u012b C vitam\u012bnu (L-askorb\u012bnsk\u0101bi), B6 \u200b\u200bvitam\u012bnu (piridoks\u012bna hidrohlor\u012bdu) un D vitam\u012bnu (holekalciferolu). Produkts ir papildin\u0101ts ar n\u0101trija hialuronsk\u0101bi, dab\u012bg\u0101m kr\u0101sviel\u0101m (bie\u0161u, spirul\u012bnas un melno burk\u0101nu koncentr\u0101tiem), aromatiz\u0113t\u0101jiem un pretsalipes viel\u0101m (monokalcija fosf\u0101tu un sil\u012bcija dioks\u012bdu). Salduma nodro\u0161in\u0101\u0161anai tiek izmantoti sukraloze un steviolglikoz\u012bdi.<\/p>\n<p>&nbsp;<\/p>\n<table>\n<tbody>\n<tr>\n<td width=\"214\">Uzturv\u0113rt\u012bba<\/td>\n<td width=\"214\">100mg<\/td>\n<td width=\"214\">1 porcija \u2013 20 g<\/td>\n<\/tr>\n<tr>\n<td width=\"214\">C vitam\u012bns<\/td>\n<td width=\"214\">500 mg (625% RMV*)<\/td>\n<td width=\"214\">100 mg (125% RMV*)<\/td>\n<\/tr>\n<tr>\n<td width=\"214\">Vitam\u012bns B12<\/td>\n<td width=\"214\">25 mg (1786% RMV*)<\/td>\n<td width=\"214\">5 mg (357% RMV*)<\/td>\n<\/tr>\n<tr>\n<td width=\"214\">D3 vitam\u012bns<\/td>\n<td width=\"214\">37,5 \u00b5g (750% RMV*)<\/td>\n<td width=\"214\">7,5 \u00b5g (150% RMV*)<\/td>\n<\/tr>\n<tr>\n<td width=\"214\">Kolag\u0113na prote\u012bns<\/td>\n<td width=\"214\">45 000mg<\/td>\n<td width=\"214\">9000mg<\/td>\n<\/tr>\n<tr>\n<td width=\"214\">Hondroit\u012bna sulf\u0101ts<\/td>\n<td width=\"214\">6000mg<\/td>\n<td width=\"214\">1200mg<\/td>\n<\/tr>\n<tr>\n<td width=\"214\">Glikozam\u012bna sulf\u0101ts<\/td>\n<td width=\"214\">7500mg<\/td>\n<td width=\"214\">1500mg<\/td>\n<\/tr>\n<tr>\n<td width=\"214\">Metilsulfonilmet\u0101ns (MSM)<\/td>\n<td width=\"214\">1500mg<\/td>\n<td width=\"214\">300mg<\/td>\n<\/tr>\n<tr>\n<td width=\"214\">\u0160\u0137iedru bosv\u0113lija<\/td>\n<td width=\"214\">1000mg<\/td>\n<td width=\"214\">200mg<\/td>\n<\/tr>\n<tr>\n<td width=\"214\">Hialuronsk\u0101be (n\u0101trija s\u0101ls)<\/td>\n<td width=\"214\">100mg<\/td>\n<td width=\"214\">20mg<\/td>\n<\/tr>\n<tr>\n<td width=\"214\">* RMV% \u2013 uzturv\u0113rt\u012bbas atsauces v\u0113rt\u012bba<\/td>\n<td width=\"214\">&nbsp;<\/td>\n<td width=\"214\">&nbsp;<\/td>\n<\/tr>\n<\/tbody>\n<\/table>\n<p>&nbsp;<\/p>\n<div><strong>Lieto\u0161ana:<\/strong> Sajauciet 20 g produkta (apm\u0113ram 3\/4 m\u0113rkarotes) ar 250\u2013300 ml \u016bdens. Dzeriet no r\u012bta, tuk\u0161\u0101 d\u016b\u0161\u0101, un papildus nodro\u0161iniet pietiekamu \u0161\u0137idruma uz\u0146em\u0161anu.<\/div>\n<div><\/div>\n<div><strong>Uzglab\u0101\u0161anas apst\u0101k\u013ci:<\/strong><\/div>\n<div><\/div>\n<div>Uzglab\u0101t v\u0113s\u0101, saus\u0101 viet\u0101. Sarg\u0101t no b\u0113rniem.<\/div>\n<div><\/div>\n<div>Ra\u017eot\u0101js: NUTREND D.S., a.s., Chv\u00e1lkovice 604, 779 00 Olomouc, \u010cehijas Republika.<\/div>\n<div>Neto daudzums: 400 g.<\/div>\n<div>Ieteicams l\u012bdz (der\u012bguma termi\u0146\u0161): ieteicams l\u012bdz datumam, kas nor\u0101d\u012bts iepakojuma s\u0101nos, aug\u0161pus\u0113 vai apak\u0161\u0101.<\/div>\n<div><\/div>\n<div><strong>Br\u012bdin\u0101jums:<\/strong><\/div>\n<div><\/div>\n<div>Uztura bag\u0101tin\u0101t\u0101js neaizst\u0101j uzturu. Svar\u012bgs ir daudzveid\u012bgs un sabalans\u0113ts uzturs un vesel\u012bgs dz\u012bvesveids. Ja esat gr\u016btniece, barojat b\u0113rnu ar kr\u016bti vai lietojat citas z\u0101les, pirms lieto\u0161anas konsult\u0113jieties ar \u0101rstu vai farmaceitu. Nep\u0101rsniedziet ieteicamo devu.<\/div>\n","protected":false},"excerpt":{"rendered":"<div>NUTREND FLEXIT GOLD DRINK 400 g \u2013 uztura bag\u0101tin\u0101t\u0101js ar 8 reizes vair\u0101k hondroit\u012bna un 5 reizes vair\u0101k glikozam\u012bna nek\u0101 parastais NUTREND FLEXIT<\/div>\n<div><\/div>\n<div><strong>Galven\u0101s \u012bpa\u0161\u012bbas:<\/strong><\/div>\n<div><\/div>\n<ul>\n<li><strong>C vitam\u012bns:<\/strong> Veicina norm\u0101lu kolag\u0113na veido\u0161anos, kas uztur \u0101das, skrim\u0161\u013cu, kaulu, zobu un asinsvadu darb\u012bbu; veicina norm\u0101las imunit\u0101tes uztur\u0113\u0161anu un aizsardz\u012bbu pret oksidat\u012bvo stresu<\/li>\n<li><strong>B6 vitam\u012bns:<\/strong> Atbalsta norm\u0101lu olbaltumvielu un glikog\u0113na metabolismu, nervu sist\u0113mas darb\u012bbu un hormonu aktivit\u0101ti<\/li>\n<li><strong>D3 vitam\u012bns:<\/strong> Veicina norm\u0101lu kalcija un fosfora uzs\u016bk\u0161anos, atbalsta kaulu un musku\u013cu darb\u012bbu, imunit\u0101ti un norm\u0101lu zobu st\u0101vokli<\/li>\n<li><strong>Kolag\u0113ns:<\/strong> Atbalsta \u0101das st\u0101vokli<\/li>\n<\/ul>\n","protected":false},"featured_media":43279,"comment_status":"open","ping_status":"closed","template":"","meta":{"inline_featured_image":false},"product_brand":[],"product_cat":[161,149],"product_tag":[],"class_list":{"0":"post-43382","1":"product","2":"type-product","3":"status-publish","4":"has-post-thumbnail","6":"product_cat-akcijas","7":"product_cat-kauli-un-locitavas","9":"first","10":"instock","11":"sale","12":"shipping-taxable","13":"purchasable","14":"product-type-simple"},"_links":{"self":[{"href":"https:\/\/loosen.lt\/lv\/wp-json\/wp\/v2\/product\/43382","targetHints":{"allow":["GET"]}}],"collection":[{"href":"https:\/\/loosen.lt\/lv\/wp-json\/wp\/v2\/product"}],"about":[{"href":"https:\/\/loosen.lt\/lv\/wp-json\/wp\/v2\/types\/product"}],"replies":[{"embeddable":true,"href":"https:\/\/loosen.lt\/lv\/wp-json\/wp\/v2\/comments?post=43382"}],"wp:featuredmedia":[{"embeddable":true,"href":"https:\/\/loosen.lt\/lv\/wp-json\/wp\/v2\/media\/43279"}],"wp:attachment":[{"href":"https:\/\/loosen.lt\/lv\/wp-json\/wp\/v2\/media?parent=43382"}],"wp:term":[{"taxonomy":"product_brand","embeddable":true,"href":"https:\/\/loosen.lt\/lv\/wp-json\/wp\/v2\/product_brand?post=43382"},{"taxonomy":"product_cat","embeddable":true,"href":"https:\/\/loosen.lt\/lv\/wp-json\/wp\/v2\/product_cat?post=43382"},{"taxonomy":"product_tag","embeddable":true,"href":"https:\/\/loosen.lt\/lv\/wp-json\/wp\/v2\/product_tag?post=43382"}],"curies":[{"name":"wp","href":"https:\/\/api.w.org\/{rel}","templated":true}]}}