{"id":43383,"date":"2026-04-21T19:26:01","date_gmt":"2026-04-21T19:26:01","guid":{"rendered":"https:\/\/loosen.lt\/produktas\/biotech-kreatina-konfektes-240-tabletes\/"},"modified":"2026-04-21T19:26:01","modified_gmt":"2026-04-21T19:26:01","slug":"biotech-kreatina-konfektes-240-tabletes","status":"publish","type":"product","link":"https:\/\/loosen.lt\/lv\/produkts\/biotech-kreatina-konfektes-240-tabletes\/","title":{"rendered":"BioTech kreat\u012bna konfektes \u2013 240 tabletes"},"content":{"rendered":"<div><strong>Sast\u0101vda\u013cas:<\/strong> Produkts sast\u0101v no kreat\u012bna monohidr\u0101ta (43%) un izomalta k\u0101 pildvielas. Gar\u0161as un kr\u0101sas nodro\u0161in\u0101\u0161anai izmantots dab\u012bgo koncentr\u0101tu (maltodekstr\u012bna, bie\u0161u koncentr\u0101ta, citronsk\u0101bes), zeme\u0146u pulvera un aromatiz\u0113t\u0101ju mais\u012bjums. Tekst\u016bras un stabilit\u0101tes nodro\u0161in\u0101\u0161anai izmantoti pretsalipes l\u012bdzek\u013ci (tauksk\u0101bju magnija s\u0101\u013ci, sil\u012bcija dioks\u012bds), bet sk\u0101buma regul\u0113\u0161anai izmantota citronsk\u0101be. Saldin\u0101t\u0101js sukraloze pie\u0161\u0137ir saldumu.<\/div>\n<div><\/div>\n<div><strong>Alerg\u0113ni:<\/strong> Ra\u017eots vid\u0113, kur\u0101 tiek p\u0101rstr\u0101d\u0101ti piena produkti, olas, glut\u0113ns, soja, zemesrieksti un citi rieksti, selerijas, zivis, v\u0113\u017eveid\u012bgie un s\u0113ra dioks\u012bds, t\u0101p\u0113c var b\u016bt to p\u0113das.<\/div>\n<div><\/div>\n<div>\n<table>\n<tbody>\n<tr>\n<td width=\"214\">Uzturv\u0113rt\u012bba<\/td>\n<td width=\"214\">4 tabletes<\/td>\n<\/tr>\n<tr>\n<td width=\"214\">Kreat\u012bna monohidr\u0101ts<\/td>\n<td width=\"214\">3412mg<\/td>\n<\/tr>\n<tr>\n<td width=\"214\">no kura kreat\u012bns<\/td>\n<td width=\"214\">3000mg<\/td>\n<\/tr>\n<\/tbody>\n<\/table>\n<\/div>\n<p>&nbsp;<\/p>\n<div><strong>Lieto\u0161ana:<\/strong> Ieteicam\u0101 dienas deva: 4 ko\u0161\u013c\u0101jam\u0101s tabletes dien\u0101.<\/div>\n<div><\/div>\n<div><strong>Uzglab\u0101\u0161anas apst\u0101k\u013ci:<\/strong><\/div>\n<div><\/div>\n<div>Uzglab\u0101t v\u0113s\u0101, saus\u0101 viet\u0101. Sarg\u0101t no b\u0113rniem.<\/div>\n<div><\/div>\n<div>Ra\u017eot\u0101js: BioTech USA Kft. 1033 Budape\u0161ta, Huszti ut 60., Ung\u0101rija<\/div>\n<div>Neto daudzums: 480 g (240 tabletes).<\/div>\n<div>Ieteicams l\u012bdz (der\u012bguma termi\u0146\u0161): ieteicams l\u012bdz datumam, kas nor\u0101d\u012bts iepakojuma s\u0101nos, aug\u0161pus\u0113 vai apak\u0161\u0101.<\/div>\n<div><\/div>\n<div><strong>Br\u012bdin\u0101jums:<\/strong><\/div>\n<div><\/div>\n<div>Uztura bag\u0101tin\u0101t\u0101js neaizst\u0101j p\u0101rtiku. Svar\u012bgs ir daudzveid\u012bgs un sabalans\u0113ts uzturs un vesel\u012bgs dz\u012bvesveids. Ja esat gr\u016btniece, barojat b\u0113rnu ar kr\u016bti vai lietojat citas z\u0101les, pirms lieto\u0161anas konsult\u0113jieties ar \u0101rstu vai farmaceitu. Nep\u0101rsniedziet ieteicamo devu.<\/div>\n","protected":false},"excerpt":{"rendered":"<div>BioTech Creatine Candy \u2013 kreat\u012bna monohidr\u0101ta uztura bag\u0101tin\u0101t\u0101js ar sarkano ogu gar\u0161u ko\u0161\u013c\u0101jam\u0101s tablet\u0113s<\/div>\n<div><\/div>\n<div><strong>Galven\u0101s \u012bpa\u0161\u012bbas:<\/strong><\/div>\n<div><\/div>\n<ul>\n<li>Pal\u012bdz uzlabot fizisko sniegumu \u012bslaic\u012bgu, intens\u012bvu, atk\u0101rtotu fizisko vingrin\u0101jumu laik\u0101<\/li>\n<li>Veicina musku\u013cu sp\u0113ka aug\u0161anu<\/li>\n<li>Veicina lies\u0101s musku\u013cu masas aug\u0161anu<\/li>\n<li>Pal\u012bdz \u0101tr\u0101k atg\u016bties p\u0113c intens\u012bviem treni\u0146iem<\/li>\n<li>Uzlabo sportisko sniegumu, \u012bpa\u0161i spr\u0101dzienb\u012bstam\u012bbu<\/li>\n<li>Var pal\u012bdz\u0113t saglab\u0101t musku\u013cu masu noveco\u0161an\u0101s laik\u0101<\/li>\n<\/ul>\n","protected":false},"featured_media":43283,"comment_status":"open","ping_status":"closed","template":"","meta":{"inline_featured_image":false},"product_brand":[],"product_cat":[161,153],"product_tag":[],"class_list":{"0":"post-43383","1":"product","2":"type-product","3":"status-publish","4":"has-post-thumbnail","6":"product_cat-akcijas","7":"product_cat-muskuli","9":"first","10":"instock","11":"sale","12":"shipping-taxable","13":"purchasable","14":"product-type-simple"},"_links":{"self":[{"href":"https:\/\/loosen.lt\/lv\/wp-json\/wp\/v2\/product\/43383","targetHints":{"allow":["GET"]}}],"collection":[{"href":"https:\/\/loosen.lt\/lv\/wp-json\/wp\/v2\/product"}],"about":[{"href":"https:\/\/loosen.lt\/lv\/wp-json\/wp\/v2\/types\/product"}],"replies":[{"embeddable":true,"href":"https:\/\/loosen.lt\/lv\/wp-json\/wp\/v2\/comments?post=43383"}],"wp:featuredmedia":[{"embeddable":true,"href":"https:\/\/loosen.lt\/lv\/wp-json\/wp\/v2\/media\/43283"}],"wp:attachment":[{"href":"https:\/\/loosen.lt\/lv\/wp-json\/wp\/v2\/media?parent=43383"}],"wp:term":[{"taxonomy":"product_brand","embeddable":true,"href":"https:\/\/loosen.lt\/lv\/wp-json\/wp\/v2\/product_brand?post=43383"},{"taxonomy":"product_cat","embeddable":true,"href":"https:\/\/loosen.lt\/lv\/wp-json\/wp\/v2\/product_cat?post=43383"},{"taxonomy":"product_tag","embeddable":true,"href":"https:\/\/loosen.lt\/lv\/wp-json\/wp\/v2\/product_tag?post=43383"}],"curies":[{"name":"wp","href":"https:\/\/api.w.org\/{rel}","templated":true}]}}