{"id":43384,"date":"2026-04-21T19:24:16","date_gmt":"2026-04-21T19:24:16","guid":{"rendered":"https:\/\/loosen.lt\/produktas\/activlab-c-vitamins-1000-mg-60-kapsulas\/"},"modified":"2026-04-21T19:24:16","modified_gmt":"2026-04-21T19:24:16","slug":"activlab-c-vitamins-1000-mg-60-kapsulas","status":"publish","type":"product","link":"https:\/\/loosen.lt\/lv\/produkts\/activlab-c-vitamins-1000-mg-60-kapsulas\/","title":{"rendered":"ActivLab C vitam\u012bns 1000 mg \u2013 60 kapsulas"},"content":{"rendered":"<p><strong>Sast\u0101vda\u013cas:<\/strong> Kapsulas satur C vitam\u012bnu (L-askorb\u012bnsk\u0101bi un n\u0101trija L-askorb\u0101tu), un apvalks ir izgatavots no \u017eelat\u012bna. Formul\u0101 izmantoti ar\u012b tauksk\u0101bju magnija s\u0101\u013ci, lai pal\u012bdz\u0113tu saglab\u0101t pulvera stabilit\u0101ti un vienm\u0113r\u012bgu apstr\u0101di.<\/p>\n<table>\n<tbody>\n<tr>\n<td width=\"214\">Uzturv\u0113rt\u012bba<\/td>\n<td width=\"214\">1 kapsula<\/td>\n<\/tr>\n<tr>\n<td width=\"214\">C vitam\u012bns<\/td>\n<td width=\"214\">1000 mg (1250%*)<\/td>\n<\/tr>\n<\/tbody>\n<\/table>\n<p>&nbsp;<\/p>\n<div><strong>Lieto\u0161ana:<\/strong> Ieteicam\u0101 deva: 1 kapsula dien\u0101.<\/div>\n<div><\/div>\n<div><strong>Uzglab\u0101\u0161anas apst\u0101k\u013ci:<\/strong><\/div>\n<div><\/div>\n<div>Uzglab\u0101t v\u0113s\u0101, saus\u0101 viet\u0101. Sarg\u0101t no b\u0113rniem.<\/div>\n<div><\/div>\n<div>Ra\u017eot\u0101js: Unipro Sp. Z o.o., Targowisko 553, 32-015 Klaj, Polija.<\/div>\n<div>Neto saturs: 69,6 g (60 kapsulas).<\/div>\n<div>Ieteicams l\u012bdz (der\u012bguma termi\u0146\u0161): ieteicams l\u012bdz datumam, kas nor\u0101d\u012bts iepakojuma s\u0101nos, aug\u0161pus\u0113 vai apak\u0161\u0101.<\/div>\n<div><\/div>\n<div><strong>Br\u012bdin\u0101jums:<\/strong><\/div>\n<div><\/div>\n<div>Uztura bag\u0101tin\u0101t\u0101js neaizst\u0101j uzturu. Svar\u012bgs ir daudzveid\u012bgs un sabalans\u0113ts uzturs un vesel\u012bgs dz\u012bvesveids. Ja esat gr\u016btniece, barojat b\u0113rnu ar kr\u016bti vai lietojat citas z\u0101les, pirms lieto\u0161anas konsult\u0113jieties ar \u0101rstu vai farmaceitu. Nep\u0101rsniedziet ieteicamo devu.<\/div>\n","protected":false},"excerpt":{"rendered":"<div>ActivLab C vitam\u012bns 1000 mg 60 kaps. \u2013 uztura bag\u0101tin\u0101t\u0101js ar sp\u0113c\u012bgu 1000 mg C vitam\u012bna koncentr\u0101ciju kapsul\u0101s<\/div>\n<div><\/div>\n<div><strong>Galven\u0101s \u012bpa\u0161\u012bbas:<\/strong><\/div>\n<div><\/div>\n<ul>\n<li>Atbalsta norm\u0101lu im\u016bnsist\u0113mas darb\u012bbu<\/li>\n<li>Aizsarg\u0101 \u0161\u016bnas no kait\u012bg\u0101 oksidat\u012bv\u0101 stresa<\/li>\n<li>Nodro\u0161ina norm\u0101lu ener\u0123ijas metabolismu<\/li>\n<li>Samazina nogurumu un nesp\u0113ku<\/li>\n<li>Atbalsta nervu sist\u0113mas darb\u012bbu un psiholo\u0123isko l\u012bdzsvaru<\/li>\n<li>Veicina kolag\u0113na veido\u0161anos, kas ir svar\u012bgi<\/li>\n<\/ul>\n","protected":false},"featured_media":43287,"comment_status":"open","ping_status":"closed","template":"","meta":{"inline_featured_image":false},"product_brand":[],"product_cat":[161,148],"product_tag":[],"class_list":{"0":"post-43384","1":"product","2":"type-product","3":"status-publish","4":"has-post-thumbnail","6":"product_cat-akcijas","7":"product_cat-imunitate","9":"first","10":"instock","11":"sale","12":"shipping-taxable","13":"purchasable","14":"product-type-simple"},"_links":{"self":[{"href":"https:\/\/loosen.lt\/lv\/wp-json\/wp\/v2\/product\/43384","targetHints":{"allow":["GET"]}}],"collection":[{"href":"https:\/\/loosen.lt\/lv\/wp-json\/wp\/v2\/product"}],"about":[{"href":"https:\/\/loosen.lt\/lv\/wp-json\/wp\/v2\/types\/product"}],"replies":[{"embeddable":true,"href":"https:\/\/loosen.lt\/lv\/wp-json\/wp\/v2\/comments?post=43384"}],"wp:featuredmedia":[{"embeddable":true,"href":"https:\/\/loosen.lt\/lv\/wp-json\/wp\/v2\/media\/43287"}],"wp:attachment":[{"href":"https:\/\/loosen.lt\/lv\/wp-json\/wp\/v2\/media?parent=43384"}],"wp:term":[{"taxonomy":"product_brand","embeddable":true,"href":"https:\/\/loosen.lt\/lv\/wp-json\/wp\/v2\/product_brand?post=43384"},{"taxonomy":"product_cat","embeddable":true,"href":"https:\/\/loosen.lt\/lv\/wp-json\/wp\/v2\/product_cat?post=43384"},{"taxonomy":"product_tag","embeddable":true,"href":"https:\/\/loosen.lt\/lv\/wp-json\/wp\/v2\/product_tag?post=43384"}],"curies":[{"name":"wp","href":"https:\/\/api.w.org\/{rel}","templated":true}]}}