{"id":43385,"date":"2026-04-21T19:23:09","date_gmt":"2026-04-21T19:23:09","guid":{"rendered":"https:\/\/loosen.lt\/produktas\/swanson-d3-vitamins-1000-sv-250-kapsulas\/"},"modified":"2026-04-21T19:23:09","modified_gmt":"2026-04-21T19:23:09","slug":"swanson-d3-vitamins-1000-sv-250-kapsulas","status":"publish","type":"product","link":"https:\/\/loosen.lt\/lv\/produkts\/swanson-d3-vitamins-1000-sv-250-kapsulas\/","title":{"rendered":"Swanson D3 vitam\u012bns 1000 SV \u2013 250 kapsulas"},"content":{"rendered":"<p><strong>Sast\u0101vda\u013cas:<\/strong> holekalciferols, r\u012bsu milti, \u017eelat\u012bns, p\u0101rtikas ciete, saharoze, n\u0101trija L-askorb\u0101ts, vid\u0113jas \u0137\u0113des triglicer\u012bdi un sil\u012bcija dioks\u012bds (lip\u012bguma regul\u0113\u0161anai).<\/p>\n<table>\n<tbody>\n<tr>\n<td width=\"214\">Uzturv\u0113rt\u012bba<\/td>\n<td width=\"214\">1 kapsula<\/td>\n<\/tr>\n<tr>\n<td width=\"214\">D3 vitam\u012bns<\/td>\n<td width=\"214\">25\u00b5g*<\/td>\n<\/tr>\n<\/tbody>\n<\/table>\n<p>&nbsp;<\/p>\n<div><strong>Lieto\u0161ana:<\/strong> 1 kapsula vienu reizi dien\u0101, uzdzerot \u016bdeni.<\/div>\n<div><\/div>\n<div><strong>Uzglab\u0101\u0161anas apst\u0101k\u013ci:<\/strong><\/div>\n<div><\/div>\n<div>Uzglab\u0101t v\u0113s\u0101, saus\u0101 viet\u0101. Sarg\u0101t no b\u0113rniem.<\/div>\n<div><\/div>\n<div>Ra\u017eot\u0101js: Swanson Health Products Inc., ASV.<\/div>\n<div>Neto daudzums: 250 kapsulas<\/div>\n<div>Ieteicams l\u012bdz (der\u012bguma termi\u0146\u0161): Ieteicams l\u012bdz datumam, kas nor\u0101d\u012bts iepakojuma s\u0101nos, aug\u0161pus\u0113 vai apak\u0161\u0101.<\/div>\n<div><\/div>\n<div><strong>Br\u012bdin\u0101jums:<\/strong><\/div>\n<div><\/div>\n<div>Uztura bag\u0101tin\u0101t\u0101js neaizst\u0101j p\u0101rtiku. Svar\u012bgs ir daudzveid\u012bgs un sabalans\u0113ts uzturs un vesel\u012bgs dz\u012bvesveids. Ja esat gr\u016btniece, barojat b\u0113rnu ar kr\u016bti vai lietojat citas z\u0101les, pirms lieto\u0161anas konsult\u0113jieties ar \u0101rstu vai farmaceitu. Nep\u0101rsniedziet ieteicamo devu.<\/div>\n","protected":false},"excerpt":{"rendered":"<div>Swanson D3 vitam\u012bns ir viena no biolo\u0123iski akt\u012bv\u0101kaj\u0101m un viegli uzs\u016bcamaj\u0101m D3 vitam\u012bna form\u0101m.<\/div>\n<div><\/div>\n<div><strong>Galven\u0101s \u012bpa\u0161\u012bbas:<\/strong><\/div>\n<div><\/div>\n<ul>\n<li>Uztur norm\u0101lu kaulu vesel\u012bbu<\/li>\n<li>Atbalsta norm\u0101lu zobu vesel\u012bbu<\/li>\n<li>Atbalsta kalcija un fosfora uzs\u016bk\u0161anos<\/li>\n<li>Atbalsta norm\u0101lu kalcija l\u012bmeni asin\u012bs<\/li>\n<li>Veicina norm\u0101lu im\u016bnsist\u0113mas darb\u012bbu<\/li>\n<li>Piedal\u0101s \u0161\u016bnu dal\u012b\u0161an\u0101s proces\u0101<\/li>\n<\/ul>\n","protected":false},"featured_media":43291,"comment_status":"open","ping_status":"closed","template":"","meta":{"inline_featured_image":false},"product_brand":[],"product_cat":[161,149],"product_tag":[],"class_list":{"0":"post-43385","1":"product","2":"type-product","3":"status-publish","4":"has-post-thumbnail","6":"product_cat-akcijas","7":"product_cat-kauli-un-locitavas","9":"first","10":"instock","11":"sale","12":"shipping-taxable","13":"purchasable","14":"product-type-simple"},"_links":{"self":[{"href":"https:\/\/loosen.lt\/lv\/wp-json\/wp\/v2\/product\/43385","targetHints":{"allow":["GET"]}}],"collection":[{"href":"https:\/\/loosen.lt\/lv\/wp-json\/wp\/v2\/product"}],"about":[{"href":"https:\/\/loosen.lt\/lv\/wp-json\/wp\/v2\/types\/product"}],"replies":[{"embeddable":true,"href":"https:\/\/loosen.lt\/lv\/wp-json\/wp\/v2\/comments?post=43385"}],"wp:featuredmedia":[{"embeddable":true,"href":"https:\/\/loosen.lt\/lv\/wp-json\/wp\/v2\/media\/43291"}],"wp:attachment":[{"href":"https:\/\/loosen.lt\/lv\/wp-json\/wp\/v2\/media?parent=43385"}],"wp:term":[{"taxonomy":"product_brand","embeddable":true,"href":"https:\/\/loosen.lt\/lv\/wp-json\/wp\/v2\/product_brand?post=43385"},{"taxonomy":"product_cat","embeddable":true,"href":"https:\/\/loosen.lt\/lv\/wp-json\/wp\/v2\/product_cat?post=43385"},{"taxonomy":"product_tag","embeddable":true,"href":"https:\/\/loosen.lt\/lv\/wp-json\/wp\/v2\/product_tag?post=43385"}],"curies":[{"name":"wp","href":"https:\/\/api.w.org\/{rel}","templated":true}]}}