{"id":43389,"date":"2026-04-15T18:40:10","date_gmt":"2026-04-15T18:40:10","guid":{"rendered":"https:\/\/loosen.lt\/produktas\/ostrovit-mg-b6-90-tabletes\/"},"modified":"2026-04-15T18:40:10","modified_gmt":"2026-04-15T18:40:10","slug":"ostrovit-mg-b6-90-tabletes","status":"publish","type":"product","link":"https:\/\/loosen.lt\/lv\/produkts\/ostrovit-mg-b6-90-tabletes\/","title":{"rendered":"OstroVit MG + B6 \u2013 90 tabletes"},"content":{"rendered":"<p><strong>Sast\u0101vda\u013cas:<\/strong> magnija citr\u0101ta s\u0101\u013ci (magnijs), mikrokrist\u0101lisk\u0101 celuloze (pildviela), ciete, tauksk\u0101bju magnija s\u0101\u013ci un sil\u012bcija dioks\u012bds (pretsalipes vielas), piridoks\u012bna hidrohlor\u012bds (B6 vitam\u012bns).<br \/>\n<strong>Alerg\u0113ni:<\/strong> var satur\u0113t piena (ieskaitot laktozi), sojas, zemesriekstu, citu riekstu, sezama s\u0113klu, glut\u0113nu saturo\u0161u graudaugu, olu, v\u0113\u017eveid\u012bgo un zivju p\u0113das.<\/p>\n<table>\n<tbody>\n<tr>\n<td width=\"214\">Uzturv\u0113rt\u012bba<\/td>\n<td width=\"214\">1 porcija<\/td>\n<td width=\"214\">Nomin\u0101l\u0101 v\u0113rt\u012bba (RMV)\u00a0%*<\/td>\n<\/tr>\n<tr>\n<td width=\"214\">Magnijs<\/td>\n<td width=\"214\">375mg<\/td>\n<td width=\"214\">100%<\/td>\n<\/tr>\n<tr>\n<td width=\"214\">B6 vitam\u012bns<\/td>\n<td width=\"214\">5mg<\/td>\n<td width=\"214\">357%<\/td>\n<\/tr>\n<tr>\n<td width=\"214\">*RMV% \u2013 atsauces uzturv\u0113rt\u012bba<\/td>\n<td width=\"214\">&nbsp;<\/td>\n<td width=\"214\">&nbsp;<\/td>\n<\/tr>\n<\/tbody>\n<\/table>\n<p>&nbsp;<\/p>\n<div><strong>Lieto\u0161ana:<\/strong> Lietot 3 tabletes dien\u0101, v\u0113lams pirms gul\u0113tie\u0161anas.<\/div>\n<div><\/div>\n<div><strong>Uzglab\u0101\u0161anas apst\u0101k\u013ci:<\/strong><\/div>\n<div><\/div>\n<div>Uzglab\u0101t v\u0113s\u0101, saus\u0101 viet\u0101. Sarg\u0101t no b\u0113rniem.<\/div>\n<div><\/div>\n<div>Ra\u017eot\u0101js: Fitness Trading, Robert Szulborski, ul. Sitarska 16, 18-300 Zambr\u00f3w, Polija.<\/div>\n<div>Neto svars: 124 g (90 tabletes).<\/div>\n<div>Ieteicams l\u012bdz (der\u012bguma termi\u0146\u0161): ieteicams l\u012bdz datumam, kas nor\u0101d\u012bts iepakojuma s\u0101nos, aug\u0161pus\u0113 vai apak\u0161\u0101.<\/div>\n<div>Partijas Nr.: skat\u012bt uz iepakojuma.<\/div>\n<div><\/div>\n<div><strong>Br\u012bdin\u0101jums:<\/strong><\/div>\n<div><\/div>\n<div>Uztura bag\u0101tin\u0101t\u0101js neaizst\u0101j uzturu. Svar\u012bgs ir daudzveid\u012bgs un sabalans\u0113ts uzturs un vesel\u012bgs dz\u012bvesveids. Ja esat gr\u016btniece, barojat b\u0113rnu ar kr\u016bti vai lietojat citas z\u0101les, pirms lieto\u0161anas konsult\u0113jieties ar \u0101rstu vai farmaceitu. Nep\u0101rsniedziet ieteicamo devu.<\/div>\n","protected":false},"excerpt":{"rendered":"<div>OstroVit MG + B6 \u2013 uztura bag\u0101tin\u0101t\u0101js ar magnija citr\u0101tu un B6 vitam\u012bnu<\/div>\n<div><\/div>\n<div><strong>Galven\u0101s \u012bpa\u0161\u012bbas:<\/strong><\/div>\n<div><\/div>\n<div><strong>Magnija ieguvumi:<\/strong><\/div>\n<div><\/div>\n<ul>\n<li>Pal\u012bdz mazin\u0101t nogurumu un nesp\u0113ku.<\/li>\n<li>Uztur norm\u0101lu elektrol\u012btu l\u012bdzsvaru.<\/li>\n<li>Uztur norm\u0101lu nervu sist\u0113mas darb\u012bbu.<\/li>\n<li>Uztur norm\u0101lu musku\u013cu darb\u012bbu.<\/li>\n<li>Uztur norm\u0101lu kaulu st\u0101vokli.<\/li>\n<\/ul>\n<div><strong>B6 vitam\u012bna ieguvumi:<\/strong><\/div>\n<div><\/div>\n<ul>\n<li>Pal\u012bdz mazin\u0101t nogurumu un nesp\u0113ku.<\/li>\n<li>Uztur norm\u0101lu nervu sist\u0113mas darb\u012bbu.<\/li>\n<li>Uztur norm\u0101lu im\u016bnsist\u0113mas darb\u012bbu.<\/li>\n<\/ul>\n","protected":false},"featured_media":43185,"comment_status":"open","ping_status":"closed","template":"","meta":{"inline_featured_image":false},"product_brand":[],"product_cat":[161,151],"product_tag":[],"class_list":{"0":"post-43389","1":"product","2":"type-product","3":"status-publish","4":"has-post-thumbnail","6":"product_cat-akcijas","7":"product_cat-nervu-sistema","9":"first","10":"instock","11":"sale","12":"shipping-taxable","13":"purchasable","14":"product-type-simple"},"_links":{"self":[{"href":"https:\/\/loosen.lt\/lv\/wp-json\/wp\/v2\/product\/43389","targetHints":{"allow":["GET"]}}],"collection":[{"href":"https:\/\/loosen.lt\/lv\/wp-json\/wp\/v2\/product"}],"about":[{"href":"https:\/\/loosen.lt\/lv\/wp-json\/wp\/v2\/types\/product"}],"replies":[{"embeddable":true,"href":"https:\/\/loosen.lt\/lv\/wp-json\/wp\/v2\/comments?post=43389"}],"wp:featuredmedia":[{"embeddable":true,"href":"https:\/\/loosen.lt\/lv\/wp-json\/wp\/v2\/media\/43185"}],"wp:attachment":[{"href":"https:\/\/loosen.lt\/lv\/wp-json\/wp\/v2\/media?parent=43389"}],"wp:term":[{"taxonomy":"product_brand","embeddable":true,"href":"https:\/\/loosen.lt\/lv\/wp-json\/wp\/v2\/product_brand?post=43389"},{"taxonomy":"product_cat","embeddable":true,"href":"https:\/\/loosen.lt\/lv\/wp-json\/wp\/v2\/product_cat?post=43389"},{"taxonomy":"product_tag","embeddable":true,"href":"https:\/\/loosen.lt\/lv\/wp-json\/wp\/v2\/product_tag?post=43389"}],"curies":[{"name":"wp","href":"https:\/\/api.w.org\/{rel}","templated":true}]}}