{"id":43390,"date":"2026-04-15T18:37:37","date_gmt":"2026-04-15T18:37:37","guid":{"rendered":"https:\/\/loosen.lt\/produktas\/ostrovit-omega-3-6-9-30-kapsulas\/"},"modified":"2026-04-15T18:37:37","modified_gmt":"2026-04-15T18:37:37","slug":"ostrovit-omega-3-6-9-30-kapsulas","status":"publish","type":"product","link":"https:\/\/loosen.lt\/lv\/produkts\/ostrovit-omega-3-6-9-30-kapsulas\/","title":{"rendered":"OstroVit Omega 3-6-9 \u2013 30 kapsulas"},"content":{"rendered":"<p><strong>Sast\u0101vda\u013cas:<\/strong> zivju e\u013c\u013ca, lins\u0113klu e\u013c\u013ca, saulespu\u0137u e\u013c\u013ca, \u017eelat\u012bns, mitrin\u0101t\u0101js &#8211; glicer\u012bns, \u016bdens, DL-alfa-tokoferilacet\u0101ts (E vitam\u012bns).<br \/>\n<strong>Alerg\u0113ni:<\/strong> var satur\u0113t piena (ieskaitot laktozi), sojas, zemesriekstu, citu riekstu, sezama s\u0113klu, glut\u0113nu saturo\u0161u graudu, olu, v\u0113\u017eveid\u012bgo un zivju p\u0113das.<\/p>\n<table>\n<tbody>\n<tr>\n<td width=\"214\">Uzturv\u0113rt\u012bba<\/td>\n<td width=\"214\">Uz 1 porciju (1 kapsula)<\/td>\n<td width=\"214\">%RMV*<\/td>\n<\/tr>\n<tr>\n<td width=\"214\">Zivju e\u013c\u013ca<\/td>\n<td width=\"214\">400mg<\/td>\n<td width=\"214\">&#8211;<\/td>\n<\/tr>\n<tr>\n<td width=\"214\">\u2013 ieskaitot EPA eikozapenta\u0113nsk\u0101bi<\/td>\n<td width=\"214\">72mg<\/td>\n<td width=\"214\">&#8211;<\/td>\n<\/tr>\n<tr>\n<td width=\"214\">\u2013 ieskaitot DHA dokozaheksa\u0113nsk\u0101bi<\/td>\n<td width=\"214\">48mg<\/td>\n<td width=\"214\">&#8211;<\/td>\n<\/tr>\n<tr>\n<td width=\"214\">Lins\u0113klu e\u013c\u013ca:<\/td>\n<td width=\"214\">300mg<\/td>\n<td width=\"214\">&#8211;<\/td>\n<\/tr>\n<tr>\n<td width=\"214\">\u2013 ieskaitot alfa-linol\u0113nsk\u0101bi ALA<\/td>\n<td width=\"214\">150mg<\/td>\n<td width=\"214\">&#8211;<\/td>\n<\/tr>\n<tr>\n<td width=\"214\">\u2013 ieskaitot linolsk\u0101bi LR<\/td>\n<td width=\"214\">45mg<\/td>\n<td width=\"214\">&#8211;<\/td>\n<\/tr>\n<tr>\n<td width=\"214\">\u2013 ieskaitot ole\u012bnsk\u0101bi VAI<\/td>\n<td width=\"214\">60mg<\/td>\n<td width=\"214\">&#8211;<\/td>\n<\/tr>\n<tr>\n<td width=\"214\">Saulespu\u0137u s\u0113klu e\u013c\u013ca:<\/td>\n<td width=\"214\">290mg<\/td>\n<td width=\"214\">&#8211;<\/td>\n<\/tr>\n<tr>\n<td width=\"214\">\u2013 ieskaitot linolsk\u0101bi LR<\/td>\n<td width=\"214\">154mg<\/td>\n<td width=\"214\">&#8211;<\/td>\n<\/tr>\n<tr>\n<td width=\"214\">\u2013 ieskaitot ole\u012bnsk\u0101bi VAI<\/td>\n<td width=\"214\">43,5mg<\/td>\n<td width=\"214\">&#8211;<\/td>\n<\/tr>\n<tr>\n<td width=\"214\">E vitam\u012bns<\/td>\n<td width=\"214\">10,5mg<\/td>\n<td width=\"214\">88%<\/td>\n<\/tr>\n<tr>\n<td width=\"214\">*atsauces uzturv\u0113rt\u012bba<\/td>\n<td width=\"214\">&nbsp;<\/td>\n<td width=\"214\">&nbsp;<\/td>\n<\/tr>\n<\/tbody>\n<\/table>\n<p>&nbsp;<\/p>\n<div><strong>Lieto\u0161ana:<\/strong> Lietot 1 kapsulu dien\u0101 p\u0113c \u0113\u0161anas, uzdzerot \u016bdeni.<\/div>\n<div><\/div>\n<div><strong>Uzglab\u0101\u0161anas apst\u0101k\u013ci:<\/strong><\/div>\n<div><\/div>\n<div>Uzglab\u0101t v\u0113s\u0101, saus\u0101 viet\u0101. Sarg\u0101t no b\u0113rniem.<\/div>\n<div><\/div>\n<div>Ra\u017eot\u0101js: Fitness Trading, Robert Szulborski, ul. Sitarska 16, 18-300 Zambr\u00f3w, Polija.<\/div>\n<div>Neto saturs: 120 g (90 kapsulas).<\/div>\n<div>Ieteicams l\u012bdz (der\u012bguma termi\u0146\u0161): ieteicams l\u012bdz datumam, kas nor\u0101d\u012bts iepakojuma s\u0101nos, aug\u0161pus\u0113 vai apak\u0161\u0101.<\/div>\n<div>Partijas Nr.: skat\u012bt uz iepakojuma.<\/div>\n<div><\/div>\n<div><strong>Br\u012bdin\u0101jums:<\/strong><\/div>\n<div><\/div>\n<div>Uztura bag\u0101tin\u0101t\u0101js neaizst\u0101j uzturu. Svar\u012bgs ir daudzveid\u012bgs un sabalans\u0113ts uzturs un vesel\u012bgs dz\u012bvesveids. Ja esat gr\u016btniece, barojat b\u0113rnu ar kr\u016bti vai lietojat citas z\u0101les, pirms lieto\u0161anas konsult\u0113jieties ar \u0101rstu vai farmaceitu. Nep\u0101rsniedziet ieteicamo devu.<\/div>\n","protected":false},"excerpt":{"rendered":"<div>OstroVit Omega 3-6-9 \u2013 uztura bag\u0101tin\u0101t\u0101js ar nepies\u0101tin\u0101taj\u0101m tauksk\u0101b\u0113m omega-3, omega-6, omega-9 un E vitam\u012bnu<\/div>\n<div><\/div>\n<div><strong>Galven\u0101s \u012bpa\u0161\u012bbas:<\/strong><\/div>\n<div><\/div>\n<ul>\n<li>EPA un DHA veicina sirds vesel\u012bbu<\/li>\n<li>DHA atbalsta smadze\u0146u darb\u012bbu<\/li>\n<li>DHA pal\u012bdz uztur\u0113t norm\u0101lu redzi<\/li>\n<\/ul>\n","protected":false},"featured_media":43189,"comment_status":"open","ping_status":"closed","template":"","meta":{"inline_featured_image":false},"product_brand":[],"product_cat":[161,158],"product_tag":[],"class_list":{"0":"post-43390","1":"product","2":"type-product","3":"status-publish","4":"has-post-thumbnail","6":"product_cat-akcijas","7":"product_cat-sirds-un-asins-plusma","9":"first","10":"instock","11":"sale","12":"shipping-taxable","13":"purchasable","14":"product-type-simple"},"_links":{"self":[{"href":"https:\/\/loosen.lt\/lv\/wp-json\/wp\/v2\/product\/43390","targetHints":{"allow":["GET"]}}],"collection":[{"href":"https:\/\/loosen.lt\/lv\/wp-json\/wp\/v2\/product"}],"about":[{"href":"https:\/\/loosen.lt\/lv\/wp-json\/wp\/v2\/types\/product"}],"replies":[{"embeddable":true,"href":"https:\/\/loosen.lt\/lv\/wp-json\/wp\/v2\/comments?post=43390"}],"wp:featuredmedia":[{"embeddable":true,"href":"https:\/\/loosen.lt\/lv\/wp-json\/wp\/v2\/media\/43189"}],"wp:attachment":[{"href":"https:\/\/loosen.lt\/lv\/wp-json\/wp\/v2\/media?parent=43390"}],"wp:term":[{"taxonomy":"product_brand","embeddable":true,"href":"https:\/\/loosen.lt\/lv\/wp-json\/wp\/v2\/product_brand?post=43390"},{"taxonomy":"product_cat","embeddable":true,"href":"https:\/\/loosen.lt\/lv\/wp-json\/wp\/v2\/product_cat?post=43390"},{"taxonomy":"product_tag","embeddable":true,"href":"https:\/\/loosen.lt\/lv\/wp-json\/wp\/v2\/product_tag?post=43390"}],"curies":[{"name":"wp","href":"https:\/\/api.w.org\/{rel}","templated":true}]}}