{"id":43392,"date":"2026-04-15T18:35:50","date_gmt":"2026-04-15T18:35:50","guid":{"rendered":"https:\/\/loosen.lt\/produktas\/ostrovit-pro-60-biotic-lactospore-60-kapsulas\/"},"modified":"2026-04-15T18:35:50","modified_gmt":"2026-04-15T18:35:50","slug":"ostrovit-pro-60-biotic-lactospore-60-kapsulas","status":"publish","type":"product","link":"https:\/\/loosen.lt\/lv\/produkts\/ostrovit-pro-60-biotic-lactospore-60-kapsulas\/","title":{"rendered":"OstroVit PRO-60 BIOTIC LactoSpore 60 kapsulas"},"content":{"rendered":"<p><strong>Sast\u0101vda\u013cas:<\/strong> LactoSpore\u00ae (1 x 10^9 Bacillus coagulans MTCC 5856 koloniju veidojo\u0161\u0101s vien\u012bbas vien\u0101 kapsul\u0101), kapsulas apvalks (hidroksipropilmetilceluloze), cigori\u0146u inul\u012bns (prebioti\u0137is).<br \/>\n<strong>Alerg\u0113ni:<\/strong> var satur\u0113t piena (tostarp laktozes), sojas, zemesriekstu, citu riekstu, sezama s\u0113klu, glut\u0113nu saturo\u0161u graudaugu, olu, v\u0113\u017eveid\u012bgo un zivju p\u0113das.<\/p>\n<table>\n<tbody>\n<tr>\n<td width=\"214\">Uzturv\u0113rt\u012bba<\/td>\n<td width=\"214\">Uz porciju<\/td>\n<\/tr>\n<tr>\n<td width=\"214\">Bacillus coagulans &#8211; MTCC 5856<\/td>\n<td width=\"214\">1 x 109 CFU*<\/td>\n<\/tr>\n<tr>\n<td width=\"214\">Inul\u012bns<\/td>\n<td width=\"214\">150mg<\/td>\n<\/tr>\n<tr>\n<td width=\"214\">*Koloniju veidojo\u0161\u0101 vien\u012bba<\/td>\n<td width=\"214\">&nbsp;<\/td>\n<\/tr>\n<\/tbody>\n<\/table>\n<p>&nbsp;<\/p>\n<div><strong>Lieto\u0161ana:<\/strong> Ieteicams lietot 1 kapsulu dien\u0101 p\u0113c \u0113dienreiz\u0113m. Produkts paredz\u0113ts pieaugu\u0161ajiem.<\/div>\n<div><\/div>\n<div><strong>Uzglab\u0101\u0161anas apst\u0101k\u013ci:<\/strong><\/div>\n<div><\/div>\n<div>Uzglab\u0101t v\u0113s\u0101, saus\u0101 viet\u0101. Sarg\u0101t no b\u0113rniem.<\/div>\n<div><\/div>\n<div>Ra\u017eot\u0101js: Fitness Trading, Robert Szulborski, ul. Sitarska 16, 18-300 Zambr\u00f3w, Polija.<\/div>\n<div>Neto saturs: 60 kapsulas (24 g).<\/div>\n<div>Ieteicams l\u012bdz (der\u012bguma termi\u0146\u0161): ieteicams l\u012bdz datumam, kas nor\u0101d\u012bts iepakojuma s\u0101nos, aug\u0161pus\u0113 vai apak\u0161\u0101.<\/div>\n<div>Partijas Nr.: skat\u012bt uz iepakojuma.<\/div>\n<div><\/div>\n<div><strong>Br\u012bdin\u0101jums:<\/strong><\/div>\n<div><\/div>\n<div>Uztura bag\u0101tin\u0101t\u0101js neaizst\u0101j uzturu. Svar\u012bgs ir daudzveid\u012bgs un sabalans\u0113ts uzturs un vesel\u012bgs dz\u012bvesveids. Ja esat gr\u016btniece, barojat b\u0113rnu ar kr\u016bti vai lietojat citas z\u0101les, pirms lieto\u0161anas konsult\u0113jieties ar \u0101rstu vai farmaceitu. Nep\u0101rsniedziet ieteicamo devu.<\/div>\n","protected":false},"excerpt":{"rendered":"<div>OstroVit PRO-60 BIOTIC LactoSpore \u2013 uztura bag\u0101tin\u0101t\u0101js ar Bacillus coagulans LactoSpore bakt\u0113rij\u0101m un cigori\u0146u inul\u012bnu<\/div>\n<div><\/div>\n<div><strong>Galven\u0101s \u012bpa\u0161\u012bbas:<\/strong><\/div>\n<div><\/div>\n<ul>\n<li>Pal\u012bdz uztur\u0113t zarnu mikrofloru<\/li>\n<li>Veicina gremo\u0161anas vesel\u012bbu<\/li>\n<li>Var pal\u012bdz\u0113t atjaunot zarnu mikrofloru p\u0113c antibiotiku lieto\u0161anas<\/li>\n<\/ul>\n","protected":false},"featured_media":43194,"comment_status":"open","ping_status":"closed","template":"","meta":{"inline_featured_image":false},"product_brand":[],"product_cat":[161,157],"product_tag":[],"class_list":{"0":"post-43392","1":"product","2":"type-product","3":"status-publish","4":"has-post-thumbnail","6":"product_cat-akcijas","7":"product_cat-gremosana-un-zarnas","9":"first","10":"instock","11":"sale","12":"shipping-taxable","13":"purchasable","14":"product-type-simple"},"_links":{"self":[{"href":"https:\/\/loosen.lt\/lv\/wp-json\/wp\/v2\/product\/43392","targetHints":{"allow":["GET"]}}],"collection":[{"href":"https:\/\/loosen.lt\/lv\/wp-json\/wp\/v2\/product"}],"about":[{"href":"https:\/\/loosen.lt\/lv\/wp-json\/wp\/v2\/types\/product"}],"replies":[{"embeddable":true,"href":"https:\/\/loosen.lt\/lv\/wp-json\/wp\/v2\/comments?post=43392"}],"wp:featuredmedia":[{"embeddable":true,"href":"https:\/\/loosen.lt\/lv\/wp-json\/wp\/v2\/media\/43194"}],"wp:attachment":[{"href":"https:\/\/loosen.lt\/lv\/wp-json\/wp\/v2\/media?parent=43392"}],"wp:term":[{"taxonomy":"product_brand","embeddable":true,"href":"https:\/\/loosen.lt\/lv\/wp-json\/wp\/v2\/product_brand?post=43392"},{"taxonomy":"product_cat","embeddable":true,"href":"https:\/\/loosen.lt\/lv\/wp-json\/wp\/v2\/product_cat?post=43392"},{"taxonomy":"product_tag","embeddable":true,"href":"https:\/\/loosen.lt\/lv\/wp-json\/wp\/v2\/product_tag?post=43392"}],"curies":[{"name":"wp","href":"https:\/\/api.w.org\/{rel}","templated":true}]}}