{"id":43396,"date":"2026-04-15T18:28:11","date_gmt":"2026-04-15T18:28:11","guid":{"rendered":"https:\/\/loosen.lt\/produktas\/ostrovit-shilajit-90-kapsulas\/"},"modified":"2026-04-15T18:28:11","modified_gmt":"2026-04-15T18:28:11","slug":"ostrovit-shilajit-90-kapsulas","status":"publish","type":"product","link":"https:\/\/loosen.lt\/lv\/produkts\/ostrovit-shilajit-90-kapsulas\/","title":{"rendered":"OstroVit Shilajit \u2013 90 kapsulas"},"content":{"rendered":"<div>OstroVit Shilajit ir augstas kvalit\u0101tes uztura bag\u0101tin\u0101t\u0101js, kas satur dab\u012bgu \u0161ilad\u017eita ekstraktu. \u0160ilad\u017eits ir miner\u0101lsve\u0137i, kas veidojas kalnos un tiek augstu v\u0113rt\u0113ti tradicion\u0101laj\u0101 uztura praks\u0113. Uztura bag\u0101tin\u0101t\u0101js ir paredz\u0113ts, lai papildin\u0101tu ikdienas uzturu ar v\u0113rt\u012bgiem dab\u012bgiem savienojumiem.<\/div>\n<div><\/div>\n<div><strong>Sast\u0101vda\u013cas:<\/strong> \u0161ilad\u017eita ekstrakts (Asphaltum panjabinum), standartiz\u0113ts l\u012bdz 20% fulv\u012bnsk\u0101b\u0113m; pildviela: hidroksipropilmetilceluloze, inul\u012bns, pretsalipes viela: tauksk\u0101bju magnija s\u0101\u013ci.<\/div>\n<div><strong>Alerg\u0113ni:<\/strong> var satur\u0113t piena (ieskaitot laktozi), sojas, zemesriekstu, citu riekstu, sezama s\u0113klu, glut\u0113nu saturo\u0161u graudaugu, olu, v\u0113\u017eveid\u012bgo un zivju p\u0113das.<\/div>\n<div><\/div>\n<div>\n<table>\n<tbody>\n<tr>\n<td width=\"214\">Uzturv\u0113rt\u012bba<\/td>\n<td width=\"214\">1 porcija<\/td>\n<\/tr>\n<tr>\n<td width=\"214\">\u0160ilad\u017eita ekstrakts:<\/td>\n<td width=\"214\">250mg<\/td>\n<\/tr>\n<tr>\n<td width=\"214\">\u2013 tostarp fulv\u012bnsk\u0101bes (20%)<\/td>\n<td width=\"214\">50mg<\/td>\n<\/tr>\n<\/tbody>\n<\/table>\n<\/div>\n<div><\/div>\n<div><strong>Lieto\u0161ana:<\/strong> Ieteicam\u0101 deva: 1 kapsula dien\u0101.<\/div>\n<div><\/div>\n<div><strong>Uzglab\u0101\u0161anas apst\u0101k\u013ci:<\/strong><\/div>\n<div><\/div>\n<div>Uzglab\u0101t v\u0113s\u0101, saus\u0101 viet\u0101. Sarg\u0101t no b\u0113rniem.<\/div>\n<div><\/div>\n<div>Ra\u017eot\u0101js: Fitness Trading, Robert Szulborski, ul. Sitarska 16, 18-300 Zambr\u00f3w, Polija.<\/div>\n<div>Neto saturs: 35 g (90 kapsulas).<\/div>\n<div>Ieteicams l\u012bdz (der\u012bguma termi\u0146\u0161): ieteicams l\u012bdz datumam, kas nor\u0101d\u012bts iepakojuma s\u0101nos, aug\u0161pus\u0113 vai apak\u0161\u0101.<\/div>\n<div>Partijas Nr.: skat\u012bt uz iepakojuma.<\/div>\n<div><\/div>\n<div><strong>Br\u012bdin\u0101jums:<\/strong><\/div>\n<div><\/div>\n<div>Uztura bag\u0101tin\u0101t\u0101js neaizst\u0101j uzturu. Svar\u012bgs ir daudzveid\u012bgs un sabalans\u0113ts uzturs un vesel\u012bgs dz\u012bvesveids. Ja esat gr\u016btniece, barojat b\u0113rnu ar kr\u016bti vai lietojat citas z\u0101les, pirms lieto\u0161anas konsult\u0113jieties ar \u0101rstu vai farmaceitu. Nep\u0101rsniedziet ieteicamo devu.<\/div>\n","protected":false},"excerpt":{"rendered":"<div>OstroVit Shilajit \u2013 augstas kvalit\u0101tes kapsulas ar dab\u012bgu \u0161ilad\u017eitas ekstraktu, kas tiek augstu v\u0113rt\u0113tas tradicion\u0101laj\u0101s uztura praks\u0113s, paredz\u0113tas uztura papildin\u0101\u0161anai<\/div>\n<div><\/div>\n<div><strong>Galven\u0101s \u012bpa\u0161\u012bbas:<\/strong><\/div>\n<div><\/div>\n<ul>\n<li>Antioksidanta aktivit\u0101te<\/li>\n<li>Ener\u0123ijas l\u012bme\u0146a atbalsts<\/li>\n<li>Im\u016bnsist\u0113mas atbalsts<\/li>\n<li>Detoksik\u0101cijas procesi<\/li>\n<li>Miner\u0101lvielu papildin\u0101\u0161ana<\/li>\n<li>Visp\u0101r\u0113ja labsaj\u016bta<\/li>\n<\/ul>\n","protected":false},"featured_media":43211,"comment_status":"open","ping_status":"closed","template":"","meta":{"inline_featured_image":false},"product_brand":[],"product_cat":[161,143],"product_tag":[],"class_list":{"0":"post-43396","1":"product","2":"type-product","3":"status-publish","4":"has-post-thumbnail","6":"product_cat-akcijas","7":"product_cat-vispareja-veseliba","9":"first","10":"instock","11":"sale","12":"shipping-taxable","13":"purchasable","14":"product-type-simple"},"_links":{"self":[{"href":"https:\/\/loosen.lt\/lv\/wp-json\/wp\/v2\/product\/43396","targetHints":{"allow":["GET"]}}],"collection":[{"href":"https:\/\/loosen.lt\/lv\/wp-json\/wp\/v2\/product"}],"about":[{"href":"https:\/\/loosen.lt\/lv\/wp-json\/wp\/v2\/types\/product"}],"replies":[{"embeddable":true,"href":"https:\/\/loosen.lt\/lv\/wp-json\/wp\/v2\/comments?post=43396"}],"wp:featuredmedia":[{"embeddable":true,"href":"https:\/\/loosen.lt\/lv\/wp-json\/wp\/v2\/media\/43211"}],"wp:attachment":[{"href":"https:\/\/loosen.lt\/lv\/wp-json\/wp\/v2\/media?parent=43396"}],"wp:term":[{"taxonomy":"product_brand","embeddable":true,"href":"https:\/\/loosen.lt\/lv\/wp-json\/wp\/v2\/product_brand?post=43396"},{"taxonomy":"product_cat","embeddable":true,"href":"https:\/\/loosen.lt\/lv\/wp-json\/wp\/v2\/product_cat?post=43396"},{"taxonomy":"product_tag","embeddable":true,"href":"https:\/\/loosen.lt\/lv\/wp-json\/wp\/v2\/product_tag?post=43396"}],"curies":[{"name":"wp","href":"https:\/\/api.w.org\/{rel}","templated":true}]}}