{"id":43397,"date":"2026-04-15T18:26:28","date_gmt":"2026-04-15T18:26:28","guid":{"rendered":"https:\/\/loosen.lt\/produktas\/ostrovit-b-vitaminu-komplekss-90-tabletes\/"},"modified":"2026-04-15T18:26:28","modified_gmt":"2026-04-15T18:26:28","slug":"ostrovit-b-vitaminu-komplekss-90-tabletes","status":"publish","type":"product","link":"https:\/\/loosen.lt\/lv\/produkts\/ostrovit-b-vitaminu-komplekss-90-tabletes\/","title":{"rendered":"OstroVit B vitam\u012bnu komplekss \u2013 90 tabletes"},"content":{"rendered":"<div><strong>Sast\u0101vda\u013cas:<\/strong> mikrokrist\u0101lisk\u0101 celuloze (pildviela), L-askorb\u012bnsk\u0101be (C vitam\u012bns), ciete, maltodekstr\u012bns, DL-\u03b1-tokoferilacet\u0101ts (E vitam\u012bns), nikot\u012bnsk\u0101be (B3 vitam\u012bns), pretsalipes vielas (tauksk\u0101bju magnija s\u0101\u013ci, sil\u012bcija dioks\u012bds), kalcija D-pantoten\u0101ts (pantot\u0113nsk\u0101be), riboflav\u012bns (B2 vitam\u012bns), piridoks\u012bna hidrohlor\u012bds (B6 vitam\u012bns), tiam\u012bna hidrohlor\u012bds (B1 vitam\u012bns), pteroilmonoglutam\u012bnsk\u0101be (folijsk\u0101be), D-biot\u012bns (biot\u012bns), cianokobalam\u012bns (B12 vitam\u012bns).<\/div>\n<div><\/div>\n<div><strong>Alerg\u0113ni:<\/strong> var satur\u0113t piena (tostarp laktozes), sojas, zemesriekstu, citu riekstu, sezama s\u0113klu, glut\u0113nu saturo\u0161u graudaugu, olu, v\u0113\u017eveid\u012bgo un zivju p\u0113das.<\/div>\n<div><\/div>\n<div>\n<table>\n<tbody>\n<tr>\n<td width=\"214\">Uzturv\u0113rt\u012bba<\/td>\n<td width=\"214\">1 porcija<\/td>\n<\/tr>\n<tr>\n<td width=\"214\">C vitam\u012bns<\/td>\n<td width=\"214\">80 mg (100%*)<\/td>\n<\/tr>\n<tr>\n<td width=\"214\">Niac\u012bns<\/td>\n<td width=\"214\">16 mg (100%*)<\/td>\n<\/tr>\n<tr>\n<td width=\"214\">E vitam\u012bns<\/td>\n<td width=\"214\">12 mg (100%*)<\/td>\n<\/tr>\n<tr>\n<td width=\"214\">Pantot\u0113nsk\u0101be<\/td>\n<td width=\"214\">6 mg (100%*)<\/td>\n<\/tr>\n<tr>\n<td width=\"214\">B6 vitam\u012bns<\/td>\n<td width=\"214\">1,4 mg (100%*)<\/td>\n<\/tr>\n<tr>\n<td width=\"214\">Riboflav\u012bns<\/td>\n<td width=\"214\">1,4 mg (100%*)<\/td>\n<\/tr>\n<tr>\n<td width=\"214\">Tiam\u012bns<\/td>\n<td width=\"214\">1,1 mg (100%*)<\/td>\n<\/tr>\n<tr>\n<td width=\"214\">Folijsk\u0101be<\/td>\n<td width=\"214\">200 \u00b5g (100%*)<\/td>\n<\/tr>\n<tr>\n<td width=\"214\">Biot\u012bns<\/td>\n<td width=\"214\">50 \u00b5g (100%*)<\/td>\n<\/tr>\n<tr>\n<td width=\"214\">Vitam\u012bns B12<\/td>\n<td width=\"214\">2.5 \u00b5g (100%*)<\/td>\n<\/tr>\n<tr>\n<td width=\"214\">*NRV \u2013 atsauces uzturv\u0113rt\u012bba<\/td>\n<td width=\"214\">&nbsp;<\/td>\n<\/tr>\n<\/tbody>\n<\/table>\n<\/div>\n<p>&nbsp;<\/p>\n<div><strong>Lieto\u0161ana:<\/strong> Ieteicams lietot vienu tableti dien\u0101, vismaz 30 min\u016btes pirms pirm\u0101s \u0113dienreizes.<\/div>\n<div><\/div>\n<div><strong>Uzglab\u0101\u0161anas apst\u0101k\u013ci:<\/strong><\/div>\n<div><\/div>\n<div>Uzglab\u0101t v\u0113s\u0101, saus\u0101 viet\u0101. Sarg\u0101t no b\u0113rniem.<\/div>\n<div><\/div>\n<div>Ra\u017eot\u0101js: Fitness Trading, Robert Szulborski, ul. Sitarska 16, 18-300 Zambr\u00f3w, Polija.<\/div>\n<div>Neto saturs: 90 tabletes (43 g).<\/div>\n<div>Ieteicams l\u012bdz (der\u012bguma termi\u0146\u0161): ieteicams l\u012bdz datumam, kas nor\u0101d\u012bts iepakojuma s\u0101nos, aug\u0161pus\u0113 vai apak\u0161\u0101.<\/div>\n<div>Partijas Nr.: skat\u012bt uz iepakojuma.<\/div>\n<div><\/div>\n<div><strong>Br\u012bdin\u0101jums:<\/strong><\/div>\n<div><\/div>\n<div>Uztura bag\u0101tin\u0101t\u0101js neaizst\u0101j uzturu. Svar\u012bgs ir daudzveid\u012bgs un sabalans\u0113ts uzturs un vesel\u012bgs dz\u012bvesveids. Ja esat gr\u016btniece, barojat b\u0113rnu ar kr\u016bti vai lietojat citas z\u0101les, pirms lieto\u0161anas konsult\u0113jieties ar \u0101rstu vai farmaceitu. Nep\u0101rsniedziet ieteicamo devu.<\/div>\n<p>&nbsp;<\/p>\n","protected":false},"excerpt":{"rendered":"<div>OstroVit B vitam\u012bnu komplekss \u2013 B grupas vitam\u012bnu komplekss, papildin\u0101ts ar C un E vitam\u012bniem<\/div>\n<div><\/div>\n<div><strong>Galven\u0101s \u012bpa\u0161\u012bbas:<\/strong><\/div>\n<div><\/div>\n<div style=\"text-align: left;\"><strong>C vitam\u012bns (askorb\u012bnsk\u0101be)<\/strong><\/div>\n<div><\/div>\n<ul>\n<li>Im\u016bnsist\u0113mas atbalsts:<\/li>\n<li>Noguruma mazin\u0101\u0161ana<\/li>\n<li>Asinsvadu darb\u012bba<\/li>\n<li>Kolag\u0113na veido\u0161an\u0101s<\/li>\n<\/ul>\n<div><\/div>\n<div><strong>E vitam\u012bns (tokoferols)<\/strong><\/div>\n<div><\/div>\n<ul>\n<li>Aizsardz\u012bba pret oksidat\u012bviem boj\u0101jumiem<\/li>\n<\/ul>\n<div><\/div>\n<div><strong>Tiam\u012bns (B1 vitam\u012bns)<\/strong><\/div>\n<div><\/div>\n<ul>\n<li>Ener\u0123ijas metabolisms<\/li>\n<li>Nervu sist\u0113mas darb\u012bba<\/li>\n<li>Sirds darb\u012bba<\/li>\n<\/ul>\n<div><\/div>\n<div><strong>Riboflav\u012bns (B2 vitam\u012bns)<\/strong><\/div>\n<div><\/div>\n<ul>\n<li>Noguruma mazin\u0101\u0161ana<\/li>\n<li>Aizsardz\u012bba pret oksidat\u012bviem boj\u0101jumiem<\/li>\n<li>Ener\u0123ijas metabolisms<\/li>\n<li>Nervu sist\u0113mas darb\u012bba<\/li>\n<\/ul>\n<div><\/div>\n<div><strong>Niac\u012bns (B3 vitam\u012bns)<\/strong><\/div>\n<div><\/div>\n<ul>\n<li>Ener\u0123ijas metabolisms<\/li>\n<li>Nervu sist\u0113mas darb\u012bba<\/li>\n<li>Noguruma mazin\u0101\u0161ana<\/li>\n<\/ul>\n<div><\/div>\n<div><strong>Pantot\u0113nsk\u0101be (B5 vitam\u012bns)<\/strong><\/div>\n<div><\/div>\n<ul>\n<li>Noguruma mazin\u0101\u0161ana<\/li>\n<li>Gar\u012bg\u0101 funkcija<\/li>\n<\/ul>\n<div><\/div>\n<div><strong>B6 vitam\u012bns (piridoks\u012bns)<\/strong><\/div>\n<div><\/div>\n<ul>\n<li>Ener\u0123ijas metabolisms<\/li>\n<li>Nervu sist\u0113mas aktivit\u0101te<\/li>\n<li>Im\u016bnsist\u0113mas atbalsts<\/li>\n<li>Noguruma mazin\u0101\u0161ana<\/li>\n<\/ul>\n<div><\/div>\n<div><strong>B12 vitam\u012bns (kobalam\u012bns)<\/strong><\/div>\n<div><\/div>\n<ul>\n<li>Ener\u0123ija vielmai\u0146a<\/li>\n<li>Nervu sist\u0113mas aktivit\u0101te<\/li>\n<li>Im\u016bnsist\u0113mas atbalsts<\/li>\n<li>Noguruma mazin\u0101\u0161ana<\/li>\n<\/ul>\n","protected":false},"featured_media":43215,"comment_status":"open","ping_status":"closed","template":"","meta":{"inline_featured_image":false},"product_brand":[],"product_cat":[161,143,147],"product_tag":[],"class_list":{"0":"post-43397","1":"product","2":"type-product","3":"status-publish","4":"has-post-thumbnail","6":"product_cat-akcijas","7":"product_cat-vispareja-veseliba","8":"product_cat-ilgmuziba","10":"first","11":"outofstock","12":"sale","13":"shipping-taxable","14":"purchasable","15":"product-type-simple"},"_links":{"self":[{"href":"https:\/\/loosen.lt\/lv\/wp-json\/wp\/v2\/product\/43397","targetHints":{"allow":["GET"]}}],"collection":[{"href":"https:\/\/loosen.lt\/lv\/wp-json\/wp\/v2\/product"}],"about":[{"href":"https:\/\/loosen.lt\/lv\/wp-json\/wp\/v2\/types\/product"}],"replies":[{"embeddable":true,"href":"https:\/\/loosen.lt\/lv\/wp-json\/wp\/v2\/comments?post=43397"}],"wp:featuredmedia":[{"embeddable":true,"href":"https:\/\/loosen.lt\/lv\/wp-json\/wp\/v2\/media\/43215"}],"wp:attachment":[{"href":"https:\/\/loosen.lt\/lv\/wp-json\/wp\/v2\/media?parent=43397"}],"wp:term":[{"taxonomy":"product_brand","embeddable":true,"href":"https:\/\/loosen.lt\/lv\/wp-json\/wp\/v2\/product_brand?post=43397"},{"taxonomy":"product_cat","embeddable":true,"href":"https:\/\/loosen.lt\/lv\/wp-json\/wp\/v2\/product_cat?post=43397"},{"taxonomy":"product_tag","embeddable":true,"href":"https:\/\/loosen.lt\/lv\/wp-json\/wp\/v2\/product_tag?post=43397"}],"curies":[{"name":"wp","href":"https:\/\/api.w.org\/{rel}","templated":true}]}}