{"id":43399,"date":"2026-04-15T18:22:43","date_gmt":"2026-04-15T18:22:43","guid":{"rendered":"https:\/\/loosen.lt\/produktas\/ostrovit-vitamins-d3-4000-sv-k2-100-tabletes\/"},"modified":"2026-04-15T18:22:43","modified_gmt":"2026-04-15T18:22:43","slug":"ostrovit-vitamins-d3-4000-sv-k2-100-tabletes","status":"publish","type":"product","link":"https:\/\/loosen.lt\/lv\/produkts\/ostrovit-vitamins-d3-4000-sv-k2-100-tabletes\/","title":{"rendered":"OstroVit Vitam\u012bns D3 4000 SV + K2 \u2013 100 tabletes"},"content":{"rendered":"<p><strong>Sast\u0101vda\u013cas:<\/strong> pildviela \u2013 mikrokrist\u0101lisk\u0101 celuloze, ciete, holekalciferols (D vitam\u012bns), menahinons-7 (K vitam\u012bns) no Bacillus subtilis natto, pretsalipes vielas \u2013 tauksk\u0101bju magnija s\u0101\u013ci, sil\u012bcija dioks\u012bds.<br \/>\n<strong>Alerg\u0113ni:<\/strong> var satur\u0113t piena (ieskaitot laktozi), sojas, zemesriekstu, citu riekstu, sezama s\u0113klu, glut\u0113nu saturo\u0161u graudaugu, olu, v\u0113\u017eveid\u012bgo un zivju p\u0113das.<\/p>\n<table>\n<tbody>\n<tr>\n<td width=\"214\">Uzturv\u0113rt\u012bba<\/td>\n<td width=\"214\">1 tablet\u0113<\/td>\n<\/tr>\n<tr>\n<td width=\"214\">D vitam\u012bns<\/td>\n<td width=\"214\">100 \u00b5g (133%*)<\/td>\n<\/tr>\n<tr>\n<td width=\"214\">K vitam\u012bns<\/td>\n<td width=\"214\">100 \u00b5g \/ 4000 TV (2000%*)<\/td>\n<\/tr>\n<tr>\n<td width=\"214\">*atsauces uzturv\u0113rt\u012bba.<\/td>\n<td width=\"214\">&nbsp;<\/td>\n<\/tr>\n<\/tbody>\n<\/table>\n<p>&nbsp;<\/p>\n<div><strong>Lieto\u0161ana:<\/strong> Ieteicams lietot 1 tableti dien\u0101 \u0113dienrei\u017eu laik\u0101. Produkts ir piem\u0113rots person\u0101m, kas vec\u0101kas par 75 gadiem.<\/div>\n<div><\/div>\n<div><strong>Uzglab\u0101\u0161anas apst\u0101k\u013ci:<\/strong><\/div>\n<div><\/div>\n<div>Uzglab\u0101t v\u0113s\u0101, saus\u0101 viet\u0101. Sarg\u0101t no b\u0113rniem.<\/div>\n<div><\/div>\n<div>Ra\u017eot\u0101js: Fitness Trading, Robert Szulborski, ul. Sitarska 16, 18-300 Zambr\u00f3w, Polija.<\/div>\n<div>Neto saturs: 100 tabletes (29 g).<\/div>\n<div>Ieteicams l\u012bdz (der\u012bguma termi\u0146\u0161): ieteicams l\u012bdz datumam, kas nor\u0101d\u012bts iepakojuma s\u0101nos, aug\u0161pus\u0113 vai apak\u0161\u0101.<\/div>\n<div>Partijas Nr.: skat\u012bt uz iepakojuma.<\/div>\n<div><\/div>\n<div><strong>Br\u012bdin\u0101jums:<\/strong><\/div>\n<div><\/div>\n<div>Uztura bag\u0101tin\u0101t\u0101js neaizst\u0101j uzturu. Svar\u012bgs ir daudzveid\u012bgs un sabalans\u0113ts uzturs un vesel\u012bgs dz\u012bvesveids. Ja esat gr\u016btniece, barojat b\u0113rnu ar kr\u016bti vai lietojat citas z\u0101les, pirms lieto\u0161anas konsult\u0113jieties ar \u0101rstu vai farmaceitu. Nep\u0101rsniedziet ieteicamo devu.<\/div>\n<p>&nbsp;<\/p>\n","protected":false},"excerpt":{"rendered":"<div>OstroVit D3 vitam\u012bns 4000 SV + K2 ir holekalciferols (D3 vitam\u012bns), kas papildin\u0101ts ar K2 vitam\u012bnu.<\/div>\n<div><\/div>\n<div><strong>Galven\u0101s \u012bpa\u0161\u012bbas:<\/strong><\/div>\n<div><\/div>\n<div><strong>D vitam\u012bns:<\/strong><\/div>\n<div><\/div>\n<ul>\n<li>Atbalsta kalcija un fosfora uzs\u016bk\u0161anos.<\/li>\n<li>Pal\u012bdz uztur\u0113t norm\u0101lu kalcija l\u012bmeni asin\u012bs.<\/li>\n<li>Pozit\u012bvi ietekm\u0113 kaulu un musku\u013cu st\u0101vokli.<\/li>\n<li>Stiprina im\u016bnsist\u0113mu.<\/li>\n<li>Atbalsta zobu st\u0101vokli.<\/li>\n<\/ul>\n<div><\/div>\n<div><strong>K vitam\u012bns:<\/strong><\/div>\n<div><\/div>\n<ul>\n<li>Atbalsta norm\u0101lu asins rec\u0113\u0161anu.<\/li>\n<li>Atbalsta kaulu st\u0101vokli.<\/li>\n<\/ul>\n","protected":false},"featured_media":43223,"comment_status":"open","ping_status":"closed","template":"","meta":{"inline_featured_image":false},"product_brand":[],"product_cat":[161,149],"product_tag":[],"class_list":{"0":"post-43399","1":"product","2":"type-product","3":"status-publish","4":"has-post-thumbnail","6":"product_cat-akcijas","7":"product_cat-kauli-un-locitavas","9":"first","10":"outofstock","11":"sale","12":"shipping-taxable","13":"purchasable","14":"product-type-simple"},"_links":{"self":[{"href":"https:\/\/loosen.lt\/lv\/wp-json\/wp\/v2\/product\/43399","targetHints":{"allow":["GET"]}}],"collection":[{"href":"https:\/\/loosen.lt\/lv\/wp-json\/wp\/v2\/product"}],"about":[{"href":"https:\/\/loosen.lt\/lv\/wp-json\/wp\/v2\/types\/product"}],"replies":[{"embeddable":true,"href":"https:\/\/loosen.lt\/lv\/wp-json\/wp\/v2\/comments?post=43399"}],"wp:featuredmedia":[{"embeddable":true,"href":"https:\/\/loosen.lt\/lv\/wp-json\/wp\/v2\/media\/43223"}],"wp:attachment":[{"href":"https:\/\/loosen.lt\/lv\/wp-json\/wp\/v2\/media?parent=43399"}],"wp:term":[{"taxonomy":"product_brand","embeddable":true,"href":"https:\/\/loosen.lt\/lv\/wp-json\/wp\/v2\/product_brand?post=43399"},{"taxonomy":"product_cat","embeddable":true,"href":"https:\/\/loosen.lt\/lv\/wp-json\/wp\/v2\/product_cat?post=43399"},{"taxonomy":"product_tag","embeddable":true,"href":"https:\/\/loosen.lt\/lv\/wp-json\/wp\/v2\/product_tag?post=43399"}],"curies":[{"name":"wp","href":"https:\/\/api.w.org\/{rel}","templated":true}]}}