{"id":43400,"date":"2026-04-15T18:19:37","date_gmt":"2026-04-15T18:19:37","guid":{"rendered":"https:\/\/loosen.lt\/produktas\/ostrovit-omega-3-180-kapsulas\/"},"modified":"2026-04-15T18:19:37","modified_gmt":"2026-04-15T18:19:37","slug":"ostrovit-omega-3-180-kapsulas","status":"publish","type":"product","link":"https:\/\/loosen.lt\/lv\/produkts\/ostrovit-omega-3-180-kapsulas\/","title":{"rendered":"OstroVit Omega 3 \u2013 180 kapsulas"},"content":{"rendered":"<p><strong>Sast\u0101vda\u013cas:<\/strong> zivju e\u013c\u013ca, kapsulas apvalks (\u017eelat\u012bns, mitrin\u0101t\u0101ji &#8211; glicer\u012bns, \u016bdens).<br \/>\n<strong>Alerg\u0113ni:<\/strong> var satur\u0113t piena (ieskaitot laktozi), sojas, zemesriekstu, citu riekstu, sezama s\u0113klu, glut\u0113nu saturo\u0161u graudu, olu, v\u0113\u017eveid\u012bgo un zivju p\u0113das.<\/p>\n<table>\n<tbody>\n<tr>\n<td width=\"214\">Uzturv\u0113rt\u012bba<\/td>\n<td width=\"214\">Uz 1 porciju (1 kapsula)<\/td>\n<\/tr>\n<tr>\n<td width=\"214\">Zivju e\u013c\u013ca<\/td>\n<td width=\"214\">1000mg<\/td>\n<\/tr>\n<tr>\n<td width=\"214\">\u2013 eikozapenta\u0113nsk\u0101be (EPA)<\/td>\n<td width=\"214\">180mg<\/td>\n<\/tr>\n<tr>\n<td width=\"214\">\u2013 dokozaheksa\u0113nsk\u0101be (DHA)<\/td>\n<td width=\"214\">120mg<\/td>\n<\/tr>\n<\/tbody>\n<\/table>\n<div><\/div>\n<div><strong>Lieto\u0161ana:<\/strong> Lietot 1 kapsulu dien\u0101 p\u0113c \u0113\u0161anas, uzdzerot \u016bdeni.<\/div>\n<div><\/div>\n<div><strong>Uzglab\u0101\u0161anas apst\u0101k\u013ci:<\/strong><\/div>\n<div><\/div>\n<div>Uzglab\u0101t v\u0113s\u0101, saus\u0101 viet\u0101. Sarg\u0101t no b\u0113rniem.<\/div>\n<div><\/div>\n<div>Ra\u017eot\u0101js: Fitness Trading, Robert Szulborski, ul. Sitarska 16, 18-300 Zambr\u00f3w, Polija.<\/div>\n<div>Neto saturs: 240 g (180 kapsulas).<\/div>\n<div>Ieteicams l\u012bdz (der\u012bguma termi\u0146\u0161): ieteicams l\u012bdz datumam, kas nor\u0101d\u012bts iepakojuma s\u0101nos, aug\u0161pus\u0113 vai apak\u0161\u0101.<\/div>\n<div>Partijas Nr.: skat\u012bt uz iepakojuma.<\/div>\n<div><\/div>\n<div><strong>Br\u012bdin\u0101jums:<\/strong><\/div>\n<div><\/div>\n<div>Uztura bag\u0101tin\u0101t\u0101js neaizst\u0101j uzturu. Svar\u012bgs ir daudzveid\u012bgs un sabalans\u0113ts uzturs un vesel\u012bgs dz\u012bvesveids. Ja esat gr\u016btniece, barojat b\u0113rnu ar kr\u016bti vai lietojat citas z\u0101les, pirms lieto\u0161anas konsult\u0113jieties ar \u0101rstu vai farmaceitu. Nep\u0101rsniedziet ieteicamo devu.<\/div>\n<p>&nbsp;<\/p>\n","protected":false},"excerpt":{"rendered":"<div>OstroVit Omega 3 \u2013 zivju e\u013c\u013ca kapsul\u0101s<\/div>\n<div><\/div>\n<div><strong>Galven\u0101s \u012bpa\u0161\u012bbas:<\/strong><\/div>\n<div><\/div>\n<ul>\n<li>EPA un DHA veicina sirds vesel\u012bbu<\/li>\n<li>DHA atbalsta smadze\u0146u darb\u012bbu<\/li>\n<li>DHA pal\u012bdz uztur\u0113t norm\u0101lu redzi<\/li>\n<\/ul>\n","protected":false},"featured_media":43226,"comment_status":"open","ping_status":"closed","template":"","meta":{"inline_featured_image":false},"product_brand":[],"product_cat":[161,158],"product_tag":[],"class_list":{"0":"post-43400","1":"product","2":"type-product","3":"status-publish","4":"has-post-thumbnail","6":"product_cat-akcijas","7":"product_cat-sirds-un-asins-plusma","9":"first","10":"instock","11":"sale","12":"shipping-taxable","13":"purchasable","14":"product-type-simple"},"_links":{"self":[{"href":"https:\/\/loosen.lt\/lv\/wp-json\/wp\/v2\/product\/43400","targetHints":{"allow":["GET"]}}],"collection":[{"href":"https:\/\/loosen.lt\/lv\/wp-json\/wp\/v2\/product"}],"about":[{"href":"https:\/\/loosen.lt\/lv\/wp-json\/wp\/v2\/types\/product"}],"replies":[{"embeddable":true,"href":"https:\/\/loosen.lt\/lv\/wp-json\/wp\/v2\/comments?post=43400"}],"wp:featuredmedia":[{"embeddable":true,"href":"https:\/\/loosen.lt\/lv\/wp-json\/wp\/v2\/media\/43226"}],"wp:attachment":[{"href":"https:\/\/loosen.lt\/lv\/wp-json\/wp\/v2\/media?parent=43400"}],"wp:term":[{"taxonomy":"product_brand","embeddable":true,"href":"https:\/\/loosen.lt\/lv\/wp-json\/wp\/v2\/product_brand?post=43400"},{"taxonomy":"product_cat","embeddable":true,"href":"https:\/\/loosen.lt\/lv\/wp-json\/wp\/v2\/product_cat?post=43400"},{"taxonomy":"product_tag","embeddable":true,"href":"https:\/\/loosen.lt\/lv\/wp-json\/wp\/v2\/product_tag?post=43400"}],"curies":[{"name":"wp","href":"https:\/\/api.w.org\/{rel}","templated":true}]}}