{"id":43401,"date":"2026-04-15T18:18:14","date_gmt":"2026-04-15T18:18:14","guid":{"rendered":"https:\/\/loosen.lt\/produktas\/ostrovit-nutrisie-veseligu-matu-zelejkonfektes-60-zelejkonfektes\/"},"modified":"2026-04-15T18:18:14","modified_gmt":"2026-04-15T18:18:14","slug":"ostrovit-nutrisie-veseligu-matu-zelejkonfektes-60-zelejkonfektes","status":"publish","type":"product","link":"https:\/\/loosen.lt\/lv\/produkts\/ostrovit-nutrisie-veseligu-matu-zelejkonfektes-60-zelejkonfektes\/","title":{"rendered":"OstroVit NUTRISIE\u00ae Vesel\u012bgu matu \u017eelejkonfektes \u2013 60 \u017eelejkonfektes"},"content":{"rendered":"<p><strong>Sast\u0101vda\u013cas:<\/strong> B\u0101zes sast\u0101v\u0101 ir glikozes s\u012brups, cukurs un \u016bdens, un tekst\u016bras nodro\u0161in\u0101\u0161anai izmantots pekt\u012bns. Produkts satur vitam\u012bnu un miner\u0101lvielu mais\u012bjumu (A, D, E, C, B grupas vitam\u012bni, biot\u012bns, folsk\u0101be, B12, jods, cinks), k\u0101 ar\u012b maltodekstr\u012bnu. Papildus pievienota citronsk\u0101be, dab\u012bgas gar\u0161as, n\u0101trija citr\u0101ti, karnaubas vasks, kokosriekstu e\u013c\u013ca un dab\u012bgas kr\u0101svielas (antocian\u012bni).<br \/>\n<strong>Alerg\u0113ni:<\/strong> var satur\u0113t da\u017e\u0101du alerg\u0113nu p\u0113das, tostarp pienu (un laktozi), soju, zemesriekstus un citus riekstus, sezama s\u0113klas, glut\u0113nu saturo\u0161us graudus, olas, v\u0113\u017eveid\u012bgos un zivis.<\/p>\n<table>\n<tbody>\n<tr>\n<td width=\"214\">Uzturv\u0113rt\u012bba<\/td>\n<td width=\"214\">&nbsp;<\/td>\n<td width=\"214\">&nbsp;<\/td>\n<\/tr>\n<tr>\n<td width=\"214\">A vitam\u012bns<\/td>\n<td width=\"214\">315 \u00b5g<\/td>\n<td width=\"214\">39%*<\/td>\n<\/tr>\n<tr>\n<td width=\"214\">D vitam\u012bns<\/td>\n<td width=\"214\">5 \u00b5g<\/td>\n<td width=\"214\">100%*<\/td>\n<\/tr>\n<tr>\n<td width=\"214\">E vitam\u012bns<\/td>\n<td width=\"214\">5,5mg<\/td>\n<td width=\"214\">46%*<\/td>\n<\/tr>\n<tr>\n<td width=\"214\">C vitam\u012bns<\/td>\n<td width=\"214\">20mg<\/td>\n<td width=\"214\">25%*<\/td>\n<\/tr>\n<tr>\n<td width=\"214\">Pantot\u0113nsk\u0101be<\/td>\n<td width=\"214\">5,2mg<\/td>\n<td width=\"214\">87%*<\/td>\n<\/tr>\n<tr>\n<td width=\"214\">Biot\u012bns<\/td>\n<td width=\"214\">2500 \u00b5g<\/td>\n<td width=\"214\">5000%*<\/td>\n<\/tr>\n<tr>\n<td width=\"214\">Folijsk\u0101be<\/td>\n<td width=\"214\">260 \u00b5g<\/td>\n<td width=\"214\">130%*<\/td>\n<\/tr>\n<tr>\n<td width=\"214\">Vitam\u012bns B12<\/td>\n<td width=\"214\">6 \u00b5g<\/td>\n<td width=\"214\">240%*<\/td>\n<\/tr>\n<tr>\n<td width=\"214\">Jods<\/td>\n<td width=\"214\">42 \u00b5g<\/td>\n<td width=\"214\">28%*<\/td>\n<\/tr>\n<tr>\n<td width=\"214\">Cinks<\/td>\n<td width=\"214\">2,7mg<\/td>\n<td width=\"214\">27%*<\/td>\n<\/tr>\n<tr>\n<td width=\"214\">Vitaminas B6<\/td>\n<td width=\"214\">2mg<\/td>\n<td width=\"214\">143%*<\/td>\n<\/tr>\n<\/tbody>\n<\/table>\n<div>*atsauces uzturv\u0113rt\u012bba<\/div>\n<div><\/div>\n<div><strong>Deva:<\/strong> Ieteicams lietot 1 gumijas konfekti dien\u0101, v\u0113lams p\u0113c \u0113dienreizes &#8211; pirms nor\u012b\u0161anas r\u016bp\u012bgi sako\u0161\u013c\u0101t. Pieaugu\u0161ajiem.<\/div>\n<div><\/div>\n<div><strong>Uzglab\u0101\u0161anas apst\u0101k\u013ci:<\/strong><\/div>\n<div><\/div>\n<div>Uzglab\u0101t v\u0113s\u0101, saus\u0101 viet\u0101. Sarg\u0101t no b\u0113rniem.<\/div>\n<div><\/div>\n<div>Ra\u017eot\u0101js: Fitness Trading, Robert Szulborski, ul. Sitarska 16, 18-300 Zambr\u00f3w, Polija.<\/div>\n<div><\/div>\n<div>Neto saturs: 143 g (60 gumijas konfektes).<\/div>\n<div>Ieteicams l\u012bdz (der\u012bguma termi\u0146\u0161): ieteicams l\u012bdz datumam, kas nor\u0101d\u012bts iepakojuma s\u0101nos, aug\u0161pus\u0113 vai apak\u0161\u0101.<\/div>\n<div>Partijas Nr.: skat\u012bt uz iepakojuma.<\/div>\n<div><\/div>\n<div><strong>Br\u012bdin\u0101jums:<\/strong><\/div>\n<div><\/div>\n<div>Uztura bag\u0101tin\u0101t\u0101js neaizst\u0101j p\u0101rtiku. Svar\u012bgs ir daudzveid\u012bgs un sabalans\u0113ts uzturs un vesel\u012bgs dz\u012bvesveids. Ja esat gr\u016btniece, barojat b\u0113rnu ar kr\u016bti vai lietojat citas z\u0101les, pirms lieto\u0161anas konsult\u0113jieties ar \u0101rstu vai farmaceitu. Nep\u0101rsniedziet ieteicamo devu.<\/div>\n<p>&nbsp;<\/p>\n<p>&nbsp;<\/p>\n","protected":false},"excerpt":{"rendered":"<div>OstroVit NUTRISIE\u00ae Healthy Hair Gummies \u2013 melle\u0146u un ave\u0146u gar\u0161as gumijas konfektes ar 11 akt\u012bv\u0101m sast\u0101vda\u013c\u0101m, tostarp vitam\u012bniem un miner\u0101lviel\u0101m organisma funkciju atbalstam<\/div>\n<div><\/div>\n<div><strong>Galven\u0101s \u012bpa\u0161\u012bbas:<\/strong><\/div>\n<div><\/div>\n<ul>\n<li>Imunit\u0101tei \u2013 C, D, A, B6, B12 vitam\u012bns, cinks<\/li>\n<li>\u0100dai un matiem \u2013 biot\u012bns, cinks, A vitam\u012bns<\/li>\n<li>Ener\u0123ijas metabolismam \u2013 B grupas vitam\u012bni (B6, B12, pantot\u0113nsk\u0101be)<\/li>\n<li>Nervu sist\u0113mai \u2013 B6, B12, C vitam\u012bns<\/li>\n<li>Antioksidantu aizsardz\u012bbai \u2013 C un E vitam\u012bni<\/li>\n<li>Vairogdziedzerim \u2013 jods<\/li>\n<li>\u0160\u016bnu dal\u012b\u0161an\u0101s veicin\u0101\u0161anai \u2013 folsk\u0101be<\/li>\n<\/ul>\n","protected":false},"featured_media":43230,"comment_status":"open","ping_status":"closed","template":"","meta":{"inline_featured_image":false},"product_brand":[],"product_cat":[161,145],"product_tag":[],"class_list":{"0":"post-43401","1":"product","2":"type-product","3":"status-publish","4":"has-post-thumbnail","6":"product_cat-akcijas","7":"product_cat-gan","9":"first","10":"outofstock","11":"sale","12":"shipping-taxable","13":"purchasable","14":"product-type-simple"},"_links":{"self":[{"href":"https:\/\/loosen.lt\/lv\/wp-json\/wp\/v2\/product\/43401","targetHints":{"allow":["GET"]}}],"collection":[{"href":"https:\/\/loosen.lt\/lv\/wp-json\/wp\/v2\/product"}],"about":[{"href":"https:\/\/loosen.lt\/lv\/wp-json\/wp\/v2\/types\/product"}],"replies":[{"embeddable":true,"href":"https:\/\/loosen.lt\/lv\/wp-json\/wp\/v2\/comments?post=43401"}],"wp:featuredmedia":[{"embeddable":true,"href":"https:\/\/loosen.lt\/lv\/wp-json\/wp\/v2\/media\/43230"}],"wp:attachment":[{"href":"https:\/\/loosen.lt\/lv\/wp-json\/wp\/v2\/media?parent=43401"}],"wp:term":[{"taxonomy":"product_brand","embeddable":true,"href":"https:\/\/loosen.lt\/lv\/wp-json\/wp\/v2\/product_brand?post=43401"},{"taxonomy":"product_cat","embeddable":true,"href":"https:\/\/loosen.lt\/lv\/wp-json\/wp\/v2\/product_cat?post=43401"},{"taxonomy":"product_tag","embeddable":true,"href":"https:\/\/loosen.lt\/lv\/wp-json\/wp\/v2\/product_tag?post=43401"}],"curies":[{"name":"wp","href":"https:\/\/api.w.org\/{rel}","templated":true}]}}