{"id":43403,"date":"2026-04-14T15:50:27","date_gmt":"2026-04-14T15:50:27","guid":{"rendered":"https:\/\/loosen.lt\/produktas\/ostrovit-juras-kolagens-hialuronskabe-c-vitamins-90-tabletes\/"},"modified":"2026-04-14T15:50:27","modified_gmt":"2026-04-14T15:50:27","slug":"ostrovit-juras-kolagens-hialuronskabe-c-vitamins-90-tabletes","status":"publish","type":"product","link":"https:\/\/loosen.lt\/lv\/produkts\/ostrovit-juras-kolagens-hialuronskabe-c-vitamins-90-tabletes\/","title":{"rendered":"OstroVit j\u016bras kolag\u0113ns + hialuronsk\u0101be + C vitam\u012bns \u2013 90 tabletes"},"content":{"rendered":"<p><strong>Sast\u0101vda\u013cas:<\/strong> hidroliz\u0113ti zivju kolag\u0113na pept\u012bdi, mikrokrist\u0101lisk\u0101 celuloze, ciete, n\u0101trija hialuron\u0101ts (hialuronsk\u0101be), L-askorb\u012bnsk\u0101be (C vitam\u012bns), tauksk\u0101bju magnija s\u0101\u013ci (pretsalipes vielas), sil\u012bcija dioks\u012bds.<br \/>\n<strong>Alerg\u0113ni:<\/strong> var satur\u0113t piena (tostarp laktozes), sojas, zemesriekstu, citu riekstu, sezama s\u0113klu, glut\u0113nu saturo\u0161u graudaugu, olu, v\u0113\u017eveid\u012bgo un zivju p\u0113das.<\/p>\n<p>&nbsp;<\/p>\n<table>\n<tbody>\n<tr>\n<td width=\"214\">Uzturv\u0113rt\u012bba<\/td>\n<td width=\"214\">Uz 1 porciju (4 tabletes)<\/td>\n<\/tr>\n<tr>\n<td width=\"214\">Zivju kolag\u0113na pept\u012bdi (hidroliz\u0113ti)<\/td>\n<td width=\"214\">2200mg<\/td>\n<\/tr>\n<tr>\n<td width=\"214\">Hialuronsk\u0101be<\/td>\n<td width=\"214\">120mg<\/td>\n<\/tr>\n<tr>\n<td width=\"214\">C vitam\u012bns<\/td>\n<td width=\"214\">80 mg (100%*)<\/td>\n<\/tr>\n<tr>\n<td width=\"214\">*atsauces uzturv\u0113rt\u012bba<\/td>\n<td width=\"214\">&nbsp;<\/td>\n<\/tr>\n<\/tbody>\n<\/table>\n<div>Lieto\u0161ana: Lietot 4 tabletes dien\u0101. Nep\u0101rsniegt ieteicamo devu.<\/div>\n<div><\/div>\n<div><strong>Uzglab\u0101\u0161anas apst\u0101k\u013ci:<\/strong><\/div>\n<div><\/div>\n<div>Uzglab\u0101t v\u0113s\u0101, saus\u0101 viet\u0101. Sarg\u0101t no b\u0113rniem.<\/div>\n<div><\/div>\n<div>Ra\u017eot\u0101js: Fitness Trading, Robert Szulborski, ul. Sitarska 16, 18-300 Zambr\u00f3w, Polija.<\/div>\n<div>Neto svars: 103 g (90 tabletes).<\/div>\n<div>Ieteicams l\u012bdz (der\u012bguma termi\u0146\u0161): ieteicams l\u012bdz datumam, kas nor\u0101d\u012bts iepakojuma s\u0101nos, aug\u0161pus\u0113 vai apak\u0161\u0101.<\/div>\n<div>Partijas Nr.: skat\u012bt uz iepakojuma.<\/div>\n<div><\/div>\n<div><strong>Br\u012bdin\u0101jums:<\/strong><\/div>\n<div><\/div>\n<div>Uztura bag\u0101tin\u0101t\u0101js neaizst\u0101j uzturu. Svar\u012bgs ir daudzveid\u012bgs un sabalans\u0113ts uzturs un vesel\u012bgs dz\u012bvesveids. Ja esat gr\u016btniece, barojat b\u0113rnu ar kr\u016bti vai lietojat citas z\u0101les, pirms lieto\u0161anas konsult\u0113jieties ar \u0101rstu vai farmaceitu. Nep\u0101rsniegt ieteicamo devu.<\/div>\n<p>&nbsp;<\/p>\n","protected":false},"excerpt":{"rendered":"<div>OstroVit Marine Collagen + Hyaluronic Acid + Vitamin C \u2013 uztura bag\u0101tin\u0101t\u0101js ar I tipa j\u016bras kolag\u0113nu, hialuronsk\u0101bi un C vitam\u012bnu<\/div>\n<div><\/div>\n<div><strong>Galven\u0101s \u012bpa\u0161\u012bbas:<\/strong><\/div>\n<div><\/div>\n<ul>\n<li>Kolag\u0113ns un hialuronsk\u0101be<\/li>\n<li>Bie\u017ei izmanto formul\u0101s, lai saglab\u0101tu \u0101das elast\u012bbu un loc\u012btavu kust\u012bgumu<\/li>\n<li>Pla\u0161i nov\u0113rt\u0113ts skaistumkop\u0161anas un loc\u012btavu kop\u0161anas jom\u0101<\/li>\n<\/ul>\n<div><strong>C vitam\u012bns:<\/strong><\/div>\n<div><\/div>\n<ul>\n<li>Veicina kolag\u0113na sint\u0113zi<\/li>\n<\/ul>\n","protected":false},"featured_media":43173,"comment_status":"open","ping_status":"closed","template":"","meta":{"inline_featured_image":false},"product_brand":[],"product_cat":[161,145],"product_tag":[],"class_list":{"0":"post-43403","1":"product","2":"type-product","3":"status-publish","4":"has-post-thumbnail","6":"product_cat-akcijas","7":"product_cat-gan","9":"first","10":"instock","11":"sale","12":"shipping-taxable","13":"purchasable","14":"product-type-simple"},"_links":{"self":[{"href":"https:\/\/loosen.lt\/lv\/wp-json\/wp\/v2\/product\/43403","targetHints":{"allow":["GET"]}}],"collection":[{"href":"https:\/\/loosen.lt\/lv\/wp-json\/wp\/v2\/product"}],"about":[{"href":"https:\/\/loosen.lt\/lv\/wp-json\/wp\/v2\/types\/product"}],"replies":[{"embeddable":true,"href":"https:\/\/loosen.lt\/lv\/wp-json\/wp\/v2\/comments?post=43403"}],"wp:featuredmedia":[{"embeddable":true,"href":"https:\/\/loosen.lt\/lv\/wp-json\/wp\/v2\/media\/43173"}],"wp:attachment":[{"href":"https:\/\/loosen.lt\/lv\/wp-json\/wp\/v2\/media?parent=43403"}],"wp:term":[{"taxonomy":"product_brand","embeddable":true,"href":"https:\/\/loosen.lt\/lv\/wp-json\/wp\/v2\/product_brand?post=43403"},{"taxonomy":"product_cat","embeddable":true,"href":"https:\/\/loosen.lt\/lv\/wp-json\/wp\/v2\/product_cat?post=43403"},{"taxonomy":"product_tag","embeddable":true,"href":"https:\/\/loosen.lt\/lv\/wp-json\/wp\/v2\/product_tag?post=43403"}],"curies":[{"name":"wp","href":"https:\/\/api.w.org\/{rel}","templated":true}]}}