{"id":43405,"date":"2026-04-14T11:00:13","date_gmt":"2026-04-14T11:00:13","guid":{"rendered":"https:\/\/loosen.lt\/produktas\/ostrovit-folskabe-90-tabletes\/"},"modified":"2026-04-14T11:00:13","modified_gmt":"2026-04-14T11:00:13","slug":"ostrovit-folskabe-90-tabletes","status":"publish","type":"product","link":"https:\/\/loosen.lt\/lv\/produkts\/ostrovit-folskabe-90-tabletes\/","title":{"rendered":"OstroVit folsk\u0101be \u2013 90 tabletes"},"content":{"rendered":"<p><strong>Sast\u0101vda\u013cas<\/strong>: pildviela \u2013 mikrokrist\u0101lisk\u0101 celuloze, ciete; pretsalipes vielas \u2013 tauksk\u0101bju magnija s\u0101\u013ci, sil\u012bcija dioks\u012bds; pteroilmonoglutam\u012bnsk\u0101be (folsk\u0101be).<br \/>\n<strong>Alerg\u0113ni:<\/strong> var satur\u0113t piena (tostarp laktozes), sojas, zemesriekstu, citu riekstu, sezama s\u0113klu, glut\u0113nu saturo\u0161u graudaugu, olu, v\u0113\u017eveid\u012bgo un zivju p\u0113das.<\/p>\n<table>\n<tbody>\n<tr>\n<td width=\"214\">Uzturv\u0113rt\u012bba<\/td>\n<td width=\"214\">Uz porciju (1 tablete)<\/td>\n<td width=\"214\">RMV%*<\/td>\n<\/tr>\n<tr>\n<td width=\"214\">Folijsk\u0101be<\/td>\n<td width=\"214\">400 \u00b5g<\/td>\n<td width=\"214\">200%<\/td>\n<\/tr>\n<tr>\n<td width=\"214\">*RMV% \u2013 atsauces uzturv\u0113rt\u012bba<\/td>\n<td width=\"214\">&nbsp;<\/td>\n<td width=\"214\">&nbsp;<\/td>\n<\/tr>\n<\/tbody>\n<\/table>\n<p>&nbsp;<\/p>\n<div><strong>Lieto\u0161ana:<\/strong> lietot 1 porciju (1 tableti) dien\u0101 pirms \u0113\u0161anas.<\/div>\n<div><\/div>\n<div><strong>Uzglab\u0101\u0161anas apst\u0101k\u013ci:<\/strong><\/div>\n<div><\/div>\n<div>Uzglab\u0101t v\u0113s\u0101, saus\u0101 viet\u0101. Sarg\u0101t no b\u0113rniem.<\/div>\n<div><\/div>\n<div>Ra\u017eot\u0101js: Fitness Trading, Robert Szulborski, ul. Sitarska 16, 18-300 Zambr\u00f3w, Polija.<\/div>\n<div>Neto saturs: 90 tabletes (45 g).<\/div>\n<div>Ieteicams l\u012bdz (der\u012bguma termi\u0146\u0161): ieteicams l\u012bdz datumam, kas nor\u0101d\u012bts iepakojuma s\u0101nos, aug\u0161pus\u0113 vai apak\u0161\u0101.<\/div>\n<div>Partijas Nr.: skat\u012bt uz iepakojuma.<\/div>\n<div><\/div>\n<div><strong>Br\u012bdin\u0101jums:<\/strong><\/div>\n<div><\/div>\n<div>Uztura bag\u0101tin\u0101t\u0101js neaizst\u0101j uzturu. Svar\u012bgs ir daudzveid\u012bgs un sabalans\u0113ts uzturs un vesel\u012bgs dz\u012bvesveids. Ja esat gr\u016btniece, barojat b\u0113rnu ar kr\u016bti vai lietojat citas z\u0101les, pirms lieto\u0161anas konsult\u0113jieties ar \u0101rstu vai farmaceitu. Nep\u0101rsniedziet ieteicamo devu.<\/div>\n","protected":false},"excerpt":{"rendered":"<div>OstroVit folsk\u0101be \u2013 uztura bag\u0101tin\u0101t\u0101js ar B9 vitam\u012bnu (folsk\u0101bi)<\/div>\n<div><\/div>\n<div><strong>Galven\u0101s \u012bpa\u0161\u012bbas:<\/strong><\/div>\n<div><\/div>\n<ul>\n<li>Pal\u012bdz uztur\u0113t norm\u0101lu asinsradi<\/li>\n<li>Atbalsta norm\u0101las psiholo\u0123isk\u0101s funkcijas<\/li>\n<li>Pal\u012bdz uztur\u0113t norm\u0101lu im\u016bnsist\u0113mas aktivit\u0101ti<\/li>\n<li>Atbalsta norm\u0101lu homociste\u012bna metabolismu<\/li>\n<li>Svar\u012bgi gr\u016btniec\u012bbas laik\u0101 aug\u013ca att\u012bst\u012bbai<\/li>\n<\/ul>\n","protected":false},"featured_media":43151,"comment_status":"open","ping_status":"closed","template":"","meta":{"inline_featured_image":false},"product_brand":[],"product_cat":[161,158],"product_tag":[],"class_list":{"0":"post-43405","1":"product","2":"type-product","3":"status-publish","4":"has-post-thumbnail","6":"product_cat-akcijas","7":"product_cat-sirds-un-asins-plusma","9":"first","10":"instock","11":"sale","12":"shipping-taxable","13":"purchasable","14":"product-type-simple"},"_links":{"self":[{"href":"https:\/\/loosen.lt\/lv\/wp-json\/wp\/v2\/product\/43405","targetHints":{"allow":["GET"]}}],"collection":[{"href":"https:\/\/loosen.lt\/lv\/wp-json\/wp\/v2\/product"}],"about":[{"href":"https:\/\/loosen.lt\/lv\/wp-json\/wp\/v2\/types\/product"}],"replies":[{"embeddable":true,"href":"https:\/\/loosen.lt\/lv\/wp-json\/wp\/v2\/comments?post=43405"}],"wp:featuredmedia":[{"embeddable":true,"href":"https:\/\/loosen.lt\/lv\/wp-json\/wp\/v2\/media\/43151"}],"wp:attachment":[{"href":"https:\/\/loosen.lt\/lv\/wp-json\/wp\/v2\/media?parent=43405"}],"wp:term":[{"taxonomy":"product_brand","embeddable":true,"href":"https:\/\/loosen.lt\/lv\/wp-json\/wp\/v2\/product_brand?post=43405"},{"taxonomy":"product_cat","embeddable":true,"href":"https:\/\/loosen.lt\/lv\/wp-json\/wp\/v2\/product_cat?post=43405"},{"taxonomy":"product_tag","embeddable":true,"href":"https:\/\/loosen.lt\/lv\/wp-json\/wp\/v2\/product_tag?post=43405"}],"curies":[{"name":"wp","href":"https:\/\/api.w.org\/{rel}","templated":true}]}}