{"id":43410,"date":"2026-04-12T14:29:37","date_gmt":"2026-04-12T14:29:37","guid":{"rendered":"https:\/\/loosen.lt\/produktas\/ostrovit-elektrolits-90-tabletes\/"},"modified":"2026-04-12T14:29:37","modified_gmt":"2026-04-12T14:29:37","slug":"ostrovit-elektrolits-90-tabletes","status":"publish","type":"product","link":"https:\/\/loosen.lt\/lv\/produkts\/ostrovit-elektrolits-90-tabletes\/","title":{"rendered":"OstroVit Elektrol\u012bts \u2013 90 tabletes"},"content":{"rendered":"<p><strong>Sast\u0101vda\u013cas:<\/strong> k\u0101lija citr\u0101ts, mikrokrist\u0101lisk\u0101 celuloze, magnija karbon\u0101ts, n\u0101trija hlor\u012bds, kalcija karbon\u0101ts, ciete, sil\u012bcija dioks\u012bds.<br \/>\n<strong>Alerg\u0113ni:<\/strong> var satur\u0113t piena (ieskaitot laktozi), sojas, zemesriekstu, citu riekstu, sezama s\u0113klu, glut\u0113nu saturo\u0161u graudaugu, olu, v\u0113\u017eveid\u012bgo un zivju p\u0113das.<\/p>\n<table>\n<tbody>\n<tr>\n<td width=\"214\">Uzturv\u0113rt\u012bba<\/td>\n<td width=\"214\">3 tabletes<\/td>\n<\/tr>\n<tr>\n<td width=\"214\">K\u0101lijs<\/td>\n<td width=\"214\">300 mg (15%*)<\/td>\n<\/tr>\n<tr>\n<td width=\"214\">Kalcijs<\/td>\n<td width=\"214\">185 mg (23%*)<\/td>\n<\/tr>\n<tr>\n<td width=\"214\">Magnijs<\/td>\n<td width=\"214\">150 mg (40%*)<\/td>\n<\/tr>\n<tr>\n<td width=\"214\">N\u0101trijs<\/td>\n<td width=\"214\">208mg<\/td>\n<\/tr>\n<tr>\n<td width=\"214\">Hlor\u012bdi<\/td>\n<td width=\"214\">321 mg (40%*)<\/td>\n<\/tr>\n<tr>\n<td width=\"214\">*atsauces uzturv\u0113rt\u012bba<\/td>\n<td width=\"214\">&nbsp;<\/td>\n<\/tr>\n<\/tbody>\n<\/table>\n<p>&nbsp;<\/p>\n<div><strong>Lieto\u0161ana:<\/strong> lietot 3 tabletes dien\u0101.<\/div>\n<div><\/div>\n<div><strong>Uzglab\u0101\u0161anas apst\u0101k\u013ci:<\/strong><\/div>\n<div><\/div>\n<div>Uzglab\u0101t v\u0113s\u0101, saus\u0101 viet\u0101. Sarg\u0101t no b\u0113rniem.<\/div>\n<div><\/div>\n<div>Ra\u017eot\u0101js: Fitness Trading, Robert Szulborski, ul. Sitarska 16, 18-300 Zambr\u00f3w, Polija.<\/div>\n<div>Neto svars: 103 g (90 tabletes &#8211; 30 porcijas)<\/div>\n<div>Ieteicams l\u012bdz (der\u012bguma termi\u0146\u0161): ieteicams l\u012bdz datumam, kas nor\u0101d\u012bts iepakojuma s\u0101nos, aug\u0161pus\u0113 vai apak\u0161\u0101.<\/div>\n<div>Partijas Nr.: skat\u012bt uz iepakojuma.<\/div>\n<div><\/div>\n<div><strong>Br\u012bdin\u0101jums:<\/strong><\/div>\n<div><\/div>\n<div>Uztura bag\u0101tin\u0101t\u0101js neaizst\u0101j uzturu. Svar\u012bgs ir daudzveid\u012bgs un sabalans\u0113ts uzturs un vesel\u012bgs dz\u012bvesveids. Ja esat gr\u016btniece, barojat b\u0113rnu ar kr\u016bti vai lietojat citas z\u0101les, pirms lieto\u0161anas konsult\u0113jieties ar \u0101rstu vai farmaceitu. Nep\u0101rsniedziet ieteicamo devu.<\/div>\n","protected":false},"excerpt":{"rendered":"<div>OstroVit Electrolyte \u2013 uztura bag\u0101tin\u0101t\u0101js ar 5 elektrol\u012btiem<\/div>\n<div><\/div>\n<div><strong>Galven\u0101s \u012bpa\u0161\u012bbas:<\/strong><\/div>\n<div><\/div>\n<ul>\n<li><strong>K\u0101lija ieguvumi:<\/strong> pal\u012bdz uztur\u0113t norm\u0101lu asinsspiedienu un musku\u013cu darb\u012bbu<\/li>\n<li><strong>Magnija ieguvumi:<\/strong> mazina nogurumu, atbalsta elektrol\u012btu l\u012bdzsvaru, musku\u013cu darb\u012bbu, nervu sist\u0113mas darb\u012bbu, psiholo\u0123isko funkciju un olbaltumvielu sint\u0113zi<\/li>\n<li><strong>Kalcija ieguvumi:<\/strong> atbalsta ener\u0123ijas metabolismu, musku\u013cu darb\u012bbu, gremo\u0161anas enz\u012bmu aktivit\u0101ti un ir svar\u012bgi kaulu un zobu vesel\u012bbai<\/li>\n<li><strong>Hlor\u012bda ieguvumi:<\/strong> veicina norm\u0101lu gremo\u0161anu un s\u0101lssk\u0101bes ra\u017eo\u0161anu ku\u0146\u0123\u012b<\/li>\n<\/ul>\n","protected":false},"featured_media":43123,"comment_status":"open","ping_status":"closed","template":"","meta":{"inline_featured_image":false},"product_brand":[],"product_cat":[161,144],"product_tag":[],"class_list":{"0":"post-43410","1":"product","2":"type-product","3":"status-publish","4":"has-post-thumbnail","6":"product_cat-akcijas","7":"product_cat-energija","9":"first","10":"instock","11":"sale","12":"shipping-taxable","13":"purchasable","14":"product-type-simple"},"_links":{"self":[{"href":"https:\/\/loosen.lt\/lv\/wp-json\/wp\/v2\/product\/43410","targetHints":{"allow":["GET"]}}],"collection":[{"href":"https:\/\/loosen.lt\/lv\/wp-json\/wp\/v2\/product"}],"about":[{"href":"https:\/\/loosen.lt\/lv\/wp-json\/wp\/v2\/types\/product"}],"replies":[{"embeddable":true,"href":"https:\/\/loosen.lt\/lv\/wp-json\/wp\/v2\/comments?post=43410"}],"wp:featuredmedia":[{"embeddable":true,"href":"https:\/\/loosen.lt\/lv\/wp-json\/wp\/v2\/media\/43123"}],"wp:attachment":[{"href":"https:\/\/loosen.lt\/lv\/wp-json\/wp\/v2\/media?parent=43410"}],"wp:term":[{"taxonomy":"product_brand","embeddable":true,"href":"https:\/\/loosen.lt\/lv\/wp-json\/wp\/v2\/product_brand?post=43410"},{"taxonomy":"product_cat","embeddable":true,"href":"https:\/\/loosen.lt\/lv\/wp-json\/wp\/v2\/product_cat?post=43410"},{"taxonomy":"product_tag","embeddable":true,"href":"https:\/\/loosen.lt\/lv\/wp-json\/wp\/v2\/product_tag?post=43410"}],"curies":[{"name":"wp","href":"https:\/\/api.w.org\/{rel}","templated":true}]}}