{"id":43411,"date":"2026-04-12T14:28:28","date_gmt":"2026-04-12T14:28:28","guid":{"rendered":"https:\/\/loosen.lt\/produktas\/ostrovit-fat-burner-extreme-90-kapsulas\/"},"modified":"2026-04-12T14:28:28","modified_gmt":"2026-04-12T14:28:28","slug":"ostrovit-fat-burner-extreme-90-kapsulas","status":"publish","type":"product","link":"https:\/\/loosen.lt\/lv\/produkts\/ostrovit-fat-burner-extreme-90-kapsulas\/","title":{"rendered":"OstroVit Fat Burner eXtreme \u2013 90 kapsulas"},"content":{"rendered":"<div><strong>Sast\u0101vda\u013cas:<\/strong> L-tiroz\u012bns, L-karnit\u012bna tartr\u0101ts, za\u013c\u0101s kafijas pupi\u0146u ekstrakts (Coffea arabica L.) ar 50% hlorog\u0113nsk\u0101bes un 5% kofe\u012bna, za\u013c\u0101s t\u0113jas lapu ekstrakts (Camellia sinensis L.) ar 50% polifenoliem, ingvera saknes ekstrakts (Zingiber officinale Rosc.) ar 5% gingerolu, bez\u016bdens kofe\u012bns, \u0100frikas mango s\u0113klu ekstrakts (Irvingia gabonensis L.) 10:1, \u0136\u012bnas \u017ee\u0146\u0161e\u0146a saknes ekstrakts (Panax ginseng C.A. Mey.) ar 20% ginsenoz\u012bdiem, melno piparu ekstrakts (Piper Nigrum L.) ar 95% piper\u012bna, sil\u012bcija dioks\u012bds (pretsalipes viela), kapsulas apvalks (\u017eelat\u012bns, \u016bdens, kr\u0101svielas &#8211; sarkanais dzelzs oks\u012bds, azorub\u012bns), hroma pikolin\u0101ts (hroms).<\/div>\n<div><\/div>\n<div><strong>Alerg\u0113ni:<\/strong> var satur\u0113t piena (ieskaitot laktozi), sojas, zemesriekstu, citu riekstu, sezama s\u0113klu, glut\u0113nu saturo\u0161u graudu, olu, v\u0113\u017eveid\u012bgo un zivju p\u0113das.<\/div>\n<div><\/div>\n<div>\n<table>\n<tbody>\n<tr>\n<td width=\"214\">Uzturv\u0113rt\u012bba<\/td>\n<td width=\"214\">1 porcija (3 kapsulas)<\/td>\n<td width=\"214\">Nomin\u0101l\u0101 v\u0113rt\u012bba (RMV)\u00a0%*<\/td>\n<\/tr>\n<tr>\n<td width=\"214\">L-tiroz\u012bns<\/td>\n<td width=\"214\">500mg<\/td>\n<td width=\"214\">&#8211;<\/td>\n<\/tr>\n<tr>\n<td width=\"214\">L-karnit\u012bna tartr\u0101ts<\/td>\n<td width=\"214\">300mg<\/td>\n<td width=\"214\">&#8211;<\/td>\n<\/tr>\n<tr>\n<td width=\"214\">\u2013 no kuriem L-karnit\u012bns<\/td>\n<td width=\"214\">201,6mg<\/td>\n<td width=\"214\">&#8211;<\/td>\n<\/tr>\n<tr>\n<td width=\"214\">Za\u013c\u0101s kafijas pupi\u0146u ekstrakts<\/td>\n<td width=\"214\">200mg<\/td>\n<td width=\"214\">&#8211;<\/td>\n<\/tr>\n<tr>\n<td width=\"214\">\u2013 tostarp hlorog\u0113nsk\u0101be 50%<\/td>\n<td width=\"214\">100mg<\/td>\n<td width=\"214\">&#8211;<\/td>\n<\/tr>\n<tr>\n<td width=\"214\">\u2013 tostarp kofe\u012bns 5%<\/td>\n<td width=\"214\">10mg<\/td>\n<td width=\"214\">&#8211;<\/td>\n<\/tr>\n<tr>\n<td width=\"214\">Za\u013c\u0101s t\u0113jas lapu ekstrakts<\/td>\n<td width=\"214\">200mg<\/td>\n<td width=\"214\">&#8211;<\/td>\n<\/tr>\n<tr>\n<td width=\"214\">\u2013 tostarp polifenoli 50%<\/td>\n<td width=\"214\">100mg<\/td>\n<td width=\"214\">&#8211;<\/td>\n<\/tr>\n<tr>\n<td width=\"214\">Ingvera saknes ekstrakts<\/td>\n<td width=\"214\">200mg<\/td>\n<td width=\"214\">&#8211;<\/td>\n<\/tr>\n<tr>\n<td width=\"214\">\u2013 tostarp gingerols 5%<\/td>\n<td width=\"214\">10mg<\/td>\n<td width=\"214\">&#8211;<\/td>\n<\/tr>\n<tr>\n<td width=\"214\">Bez\u016bdens kofe\u012bns<\/td>\n<td width=\"214\">190mg<\/td>\n<td width=\"214\">&#8211;<\/td>\n<\/tr>\n<tr>\n<td width=\"214\">\u0100frikas mango s\u0113klu ekstrakts 10:1<\/td>\n<td width=\"214\">150mg<\/td>\n<td width=\"214\">&#8211;<\/td>\n<\/tr>\n<tr>\n<td width=\"214\">\u0136\u012bnas \u017ee\u0146\u0161e\u0146a saknes ekstrakts<\/td>\n<td width=\"214\">50mg<\/td>\n<td width=\"214\">&#8211;<\/td>\n<\/tr>\n<tr>\n<td width=\"214\">\u2013 tostarp ginsenoz\u012bdi 20%<\/td>\n<td width=\"214\">10mg<\/td>\n<td width=\"214\">&#8211;<\/td>\n<\/tr>\n<tr>\n<td width=\"214\">Melno piparu ekstrakts<\/td>\n<td width=\"214\">20mg<\/td>\n<td width=\"214\">&#8211;<\/td>\n<\/tr>\n<tr>\n<td width=\"214\">\u2013 tostarp piper\u012bns 95%<\/td>\n<td width=\"214\">19mg<\/td>\n<td width=\"214\">&#8211;<\/td>\n<\/tr>\n<tr>\n<td width=\"214\">Hroms<\/td>\n<td width=\"214\">100mcg<\/td>\n<td width=\"214\">250%<\/td>\n<\/tr>\n<tr>\n<td width=\"214\">* RMV% \u2013 uzturv\u0113rt\u012bbas atsauces v\u0113rt\u012bba<\/td>\n<td width=\"214\">&nbsp;<\/td>\n<td width=\"214\">&nbsp;<\/td>\n<\/tr>\n<\/tbody>\n<\/table>\n<\/div>\n<p>&nbsp;<\/p>\n<div><strong>Lieto\u0161ana:<\/strong> Lietot 1 porciju (3 kapsulas) dien\u0101.<\/div>\n<div><\/div>\n<div><strong>Uzglab\u0101\u0161anas apst\u0101k\u013ci:<\/strong><\/div>\n<div><\/div>\n<div>Uzglab\u0101t v\u0113s\u0101, saus\u0101 viet\u0101. Sarg\u0101t no b\u0113rniem.<\/div>\n<div><\/div>\n<div>Ra\u017eot\u0101js: Fitness Trading, Robert Szulborski, ul. Sitarska 16, 18-300 Zambr\u00f3w, Polija.<\/div>\n<div>Neto saturs: 90 kapsulas (65 g).<\/div>\n<div>Ieteicams l\u012bdz (der\u012bguma termi\u0146\u0161): ieteicams l\u012bdz datumam, kas nor\u0101d\u012bts iepakojuma s\u0101nos, aug\u0161pus\u0113 vai apak\u0161\u0101.<\/div>\n<div>Partijas Nr.: skat\u012bt uz iepakojuma.<\/div>\n<div><\/div>\n<div><strong>Br\u012bdin\u0101jums:<\/strong><\/div>\n<div><\/div>\n<div>Uztura bag\u0101tin\u0101t\u0101js neaizst\u0101j uzturu. Svar\u012bgs ir daudzveid\u012bgs un sabalans\u0113ts uzturs un vesel\u012bgs dz\u012bvesveids. Ja esat gr\u016btniece, barojat b\u0113rnu ar kr\u016bti vai lietojat citas z\u0101les, pirms lieto\u0161anas konsult\u0113jieties ar \u0101rstu vai farmaceitu. Nep\u0101rsniedziet ieteicamo devu.<\/div>\n","protected":false},"excerpt":{"rendered":"<div>OstroVit Fat Burner eXtreme \u2013 tauku dedzin\u0101t\u0101js ar unik\u0101lu dab\u012bgo sast\u0101vda\u013cu kombin\u0101ciju<\/div>\n<div><\/div>\n<div><strong>Galven\u0101s \u012bpa\u0161\u012bbas:<\/strong><\/div>\n<div><\/div>\n<ul>\n<li>Veicina tauku dedzin\u0101\u0161anu un ener\u0123ijas palielin\u0101\u0161anos<\/li>\n<li>Pal\u012bdz uztur\u0113t norm\u0101lu cukura l\u012bmeni asin\u012bs<\/li>\n<li>Uzlabo vielmai\u0146u un termo\u0123en\u0113zi<\/li>\n<li>Veicina gremo\u0161anas procesus un pal\u012bdz c\u012bn\u012bties ar nogurumu<\/li>\n<\/ul>\n","protected":false},"featured_media":43127,"comment_status":"open","ping_status":"closed","template":"","meta":{"inline_featured_image":false},"product_brand":[],"product_cat":[161,155],"product_tag":[],"class_list":{"0":"post-43411","1":"product","2":"type-product","3":"status-publish","4":"has-post-thumbnail","6":"product_cat-akcijas","7":"product_cat-svara-kontrole","9":"first","10":"instock","11":"sale","12":"shipping-taxable","13":"purchasable","14":"product-type-simple"},"_links":{"self":[{"href":"https:\/\/loosen.lt\/lv\/wp-json\/wp\/v2\/product\/43411","targetHints":{"allow":["GET"]}}],"collection":[{"href":"https:\/\/loosen.lt\/lv\/wp-json\/wp\/v2\/product"}],"about":[{"href":"https:\/\/loosen.lt\/lv\/wp-json\/wp\/v2\/types\/product"}],"replies":[{"embeddable":true,"href":"https:\/\/loosen.lt\/lv\/wp-json\/wp\/v2\/comments?post=43411"}],"wp:featuredmedia":[{"embeddable":true,"href":"https:\/\/loosen.lt\/lv\/wp-json\/wp\/v2\/media\/43127"}],"wp:attachment":[{"href":"https:\/\/loosen.lt\/lv\/wp-json\/wp\/v2\/media?parent=43411"}],"wp:term":[{"taxonomy":"product_brand","embeddable":true,"href":"https:\/\/loosen.lt\/lv\/wp-json\/wp\/v2\/product_brand?post=43411"},{"taxonomy":"product_cat","embeddable":true,"href":"https:\/\/loosen.lt\/lv\/wp-json\/wp\/v2\/product_cat?post=43411"},{"taxonomy":"product_tag","embeddable":true,"href":"https:\/\/loosen.lt\/lv\/wp-json\/wp\/v2\/product_tag?post=43411"}],"curies":[{"name":"wp","href":"https:\/\/api.w.org\/{rel}","templated":true}]}}