{"id":43413,"date":"2026-04-12T14:25:52","date_gmt":"2026-04-12T14:25:52","guid":{"rendered":"https:\/\/loosen.lt\/produktas\/ostrovit-saw-palmetto-360-tabletes\/"},"modified":"2026-04-12T14:25:52","modified_gmt":"2026-04-12T14:25:52","slug":"ostrovit-saw-palmetto-360-tabletes","status":"publish","type":"product","link":"https:\/\/loosen.lt\/lv\/produkts\/ostrovit-saw-palmetto-360-tabletes\/","title":{"rendered":"OstroVit Saw Palmetto \u2013 360 tabletes"},"content":{"rendered":"<p><strong>Sast\u0101vda\u013cas:<\/strong> makas saknes ekstrakts (Lepidium meyenii Walp.), mikrokrist\u0101lisk\u0101 celuloze, ciete, kalcija fosf\u0101ti, sil\u012bcija dioks\u012bds, tauksk\u0101bju magnija s\u0101\u013ci (pretsalipes vielas).<br \/>\n<strong>Alerg\u0113ni:<\/strong> var satur\u0113t piena (tostarp laktozes), sojas, zemesriekstu, citu riekstu, sezama s\u0113klu, glut\u0113nu saturo\u0161u graudaugu, olu, v\u0113\u017eveid\u012bgo un zivju p\u0113das.<\/p>\n<table>\n<tbody>\n<tr>\n<td width=\"214\">Uzturv\u0113rt\u012bba<\/td>\n<td width=\"214\">Uz 1 porciju (1 tableti)<\/td>\n<td width=\"214\">2 porcijas (2 tabletes)<\/td>\n<\/tr>\n<tr>\n<td width=\"214\">Z\u0101\u0123palmas aug\u013cu ekstrakts<\/td>\n<td width=\"214\">120mg<\/td>\n<td width=\"214\">240mg<\/td>\n<\/tr>\n<\/tbody>\n<\/table>\n<p>&nbsp;<\/p>\n<div><strong>Lieto\u0161ana:<\/strong> Lietot 1 tableti 2 reizes dien\u0101.<\/div>\n<div><\/div>\n<div><strong>Uzglab\u0101\u0161anas apst\u0101k\u013ci:<\/strong><\/div>\n<div><\/div>\n<div>Uzglab\u0101t v\u0113s\u0101, saus\u0101 viet\u0101. Sarg\u0101t no b\u0113rniem.<\/div>\n<div><\/div>\n<div>Ra\u017eot\u0101js: Fitness Trading, Robert Szulborski, ul. Sitarska 16, 18-300 Zambr\u00f3w, Polija.<\/div>\n<div>Neto saturs: 360 tabletes (137 g).<\/div>\n<div>Ieteicams l\u012bdz (der\u012bguma termi\u0146\u0161): ieteicams l\u012bdz datumam, kas nor\u0101d\u012bts iepakojuma s\u0101nos, aug\u0161pus\u0113 vai apak\u0161\u0101.<\/div>\n<div>Partijas Nr.: skat\u012bt uz iepakojuma.<\/div>\n<div><\/div>\n<div><strong>Br\u012bdin\u0101jums:<\/strong><\/div>\n<div><\/div>\n<div>Uztura bag\u0101tin\u0101t\u0101js neaizst\u0101j uzturu. Svar\u012bgs ir daudzveid\u012bgs un sabalans\u0113ts uzturs un vesel\u012bgs dz\u012bvesveids. Ja esat gr\u016btniece, barojat b\u0113rnu ar kr\u016bti vai lietojat citas z\u0101les, pirms lieto\u0161anas konsult\u0113jieties ar \u0101rstu vai farmaceitu. Nep\u0101rsniedziet ieteicamo devu.<\/div>\n","protected":false},"excerpt":{"rendered":"<div>OstroVit Saw Palmetto \u2013 uztura bag\u0101tin\u0101t\u0101js table\u0161u veid\u0101, kas satur auksti spiestu Saw Palmetto aug\u013cu ekstraktu<\/div>\n<div><\/div>\n<div><strong>Galven\u0101s \u012bpa\u0161\u012bbas:<\/strong><\/div>\n<div><\/div>\n<ul>\n<li>Saw Palmetto ekstrakts tradicion\u0101laj\u0101 medic\u012bn\u0101 ir izmantots prostatas un ur\u012bnce\u013cu st\u0101vok\u013ca atbalstam<\/li>\n<li>Saska\u0146\u0101 ar tradicion\u0101lo un m\u016bsdienu medic\u012bnu Saw Palmetto ekstrakts bie\u017ei tiek izmantots k\u0101 pal\u012bgl\u012bdzeklis prostatas st\u0101vok\u013ca atbalstam<\/li>\n<\/ul>\n","protected":false},"featured_media":43136,"comment_status":"open","ping_status":"closed","template":"","meta":{"inline_featured_image":false},"product_brand":[],"product_cat":[161,143],"product_tag":[],"class_list":{"0":"post-43413","1":"product","2":"type-product","3":"status-publish","4":"has-post-thumbnail","6":"product_cat-akcijas","7":"product_cat-vispareja-veseliba","9":"first","10":"instock","11":"sale","12":"shipping-taxable","13":"purchasable","14":"product-type-simple"},"_links":{"self":[{"href":"https:\/\/loosen.lt\/lv\/wp-json\/wp\/v2\/product\/43413","targetHints":{"allow":["GET"]}}],"collection":[{"href":"https:\/\/loosen.lt\/lv\/wp-json\/wp\/v2\/product"}],"about":[{"href":"https:\/\/loosen.lt\/lv\/wp-json\/wp\/v2\/types\/product"}],"replies":[{"embeddable":true,"href":"https:\/\/loosen.lt\/lv\/wp-json\/wp\/v2\/comments?post=43413"}],"wp:featuredmedia":[{"embeddable":true,"href":"https:\/\/loosen.lt\/lv\/wp-json\/wp\/v2\/media\/43136"}],"wp:attachment":[{"href":"https:\/\/loosen.lt\/lv\/wp-json\/wp\/v2\/media?parent=43413"}],"wp:term":[{"taxonomy":"product_brand","embeddable":true,"href":"https:\/\/loosen.lt\/lv\/wp-json\/wp\/v2\/product_brand?post=43413"},{"taxonomy":"product_cat","embeddable":true,"href":"https:\/\/loosen.lt\/lv\/wp-json\/wp\/v2\/product_cat?post=43413"},{"taxonomy":"product_tag","embeddable":true,"href":"https:\/\/loosen.lt\/lv\/wp-json\/wp\/v2\/product_tag?post=43413"}],"curies":[{"name":"wp","href":"https:\/\/api.w.org\/{rel}","templated":true}]}}